{"id":732129,"date":"2025-08-27T21:44:33","date_gmt":"2025-08-27T18:44:33","guid":{"rendered":"https:\/\/roveyayinevi.com.tr\/index.php\/urun\/karanliga-yakalanmak\/"},"modified":"2026-04-16T02:39:56","modified_gmt":"2026-04-15T23:39:56","slug":"karanliga-yakalanmak","status":"publish","type":"product","link":"https:\/\/roveyayinevi.com.tr\/index.php\/urun\/karanliga-yakalanmak\/","title":{"rendered":"Karanl\u0131\u011fa Yakalanmak"},"content":{"rendered":"<p>Ayd\u0131nl\u0131k bazen karanl\u0131kta saklan\u0131r. \u00c7a\u011fda\u015f Yunan edebiyat\u0131n\u0131n \u00f6d\u00fcll\u00fc yazarlar\u0131ndan Vassiliki Nevrokopli, T\u00fcrk\u00e7e\u2019deki ilk roman\u0131nda s\u0131radan bir gencin d\u00f6n\u00fc\u015f\u00fcm yolculu\u011funu anlat\u0131yor. Uzun bir elektrik kesintisinin, sosyal ya\u015famdan teknoloji al\u0131\u015fkanl\u0131klar\u0131na dek her \u015feyi alt\u00fcst eden beklenmedik sonu\u00e7lar\u0131n\u0131 bir gencin g\u00f6z\u00fcnden \u00f6yk\u00fcle\u015ftiriyor. G\u00fcn\u00fcm\u00fcz d\u00fcnyas\u0131nda b\u00fct\u00fcn\u00fcyle ileti\u015fim d\u0131\u015f\u0131 kalman\u0131n yaratt\u0131\u011f\u0131 buhran\u0131, i\u00e7sel ke\u015fifler, y\u00fczle\u015fme cesareti ve yeniden ba\u015flama g\u00fcc\u00fcyle da\u011f\u0131tan roman, mitolojik g\u00f6ndermelerle renkleniyor. Yunanistan\u2019da 2019 Gen\u00e7lik Edebiyat\u0131 \u00d6d\u00fcl\u00fc\u2019ne de\u011fer g\u00f6r\u00fclen kitap, teknolojiyle ku\u015fat\u0131lm\u0131\u015f g\u00fcndelik hayat\u0131n sokaklar\u0131nda yolunu kaybedenlere, umudun ve sevginin rehberli\u011finde ger\u00e7ek\u00e7i bir bak\u0131\u015f a\u00e7\u0131s\u0131 ve s\u00fcrprizlerle dolu yan yollar arma\u011fan ediyor. Telefonu eline yap\u0131\u015f\u0131k ya\u015fayan liseli Argiris bilgisayar oyunlar\u0131na d\u00fc\u015fk\u00fcn, sorunlar\u0131n\u0131 g\u00f6rmezden gelen bir gen\u00e7tir. Bir g\u00fcn \u015fehirde elektrikler kesilir ve uzun s\u00fcre de gelmez. \u00d6nce arkada\u015flar\u0131yla e\u011flence konusu olan durum, bir s\u00fcre sonra felakete d\u00f6n\u00fc\u015f\u00fcr. Telefonlar\u0131n, bilgisayarlar\u0131n \u015farj\u0131 biter, buzdolab\u0131ndakiler bozulur; hastanelerden ula\u015f\u0131m ara\u00e7lar\u0131na, belediye hizmetlerinden e\u011fitime dek her \u015fey durur. Afallayan Argiris, annesiyle payla\u015ft\u0131\u011f\u0131 ya\u015fam\u0131n\u0131 sorgulamaya ba\u015flar. Y\u0131llard\u0131r g\u00f6rmedi\u011fi babas\u0131n\u0131 bulmak \u00fczere yola \u00e7\u0131kar. Babas\u0131n\u0131n ya\u015fad\u0131\u011f\u0131 k\u00f6yde onu babaannesi ve Maria beklemektedir&#8230;<\/p>\n","protected":false},"excerpt":{"rendered":"<p>Ayd\u0131nl\u0131k bazen karanl\u0131kta saklan\u0131r. \u00c7a\u011fda\u015f Yunan edebiyat\u0131n\u0131n \u00f6d\u00fcll\u00fc yazarlar\u0131ndan Vassiliki Nevrokopli, T\u00fcrk\u00e7e\u2019deki ilk roman\u0131nda s\u0131radan bir gencin d\u00f6n\u00fc\u015f\u00fcm yolculu\u011funu anlat\u0131yor. Uzun bir elektrik kesintisinin, sosyal ya\u015famdan<span class=\"excerpt-hellip\"> [\u2026]<\/span><\/p>\n","protected":false},"featured_media":0,"template":"","meta":{"_monsterinsights_skip_tracking":false,"_monsterinsights_sitenote_active":false,"_monsterinsights_sitenote_note":"","_monsterinsights_sitenote_category":0},"product_brand":[],"product_cat":[12275,12274],"product_tag":[],"class_list":{"0":"post-732129","1":"product","2":"type-product","3":"status-publish","5":"product_cat-6-12-yas-kitaplari","6":"product_cat-cocuk-ve-genclik-kitaplari","7":"pa_cilt-ciltsiz","8":"pa_tur-kitap","9":"pa_yayinevi-gunisigi-kitapligi","10":"pa_yazar-vassiliki-nevrokopli","12":"first","13":"instock","14":"sale","15":"shipping-taxable","16":"purchasable","17":"product-type-simple"},"_links":{"self":[{"href":"https:\/\/roveyayinevi.com.tr\/index.php\/wp-json\/wp\/v2\/product\/732129","targetHints":{"allow":["GET"]}}],"collection":[{"href":"https:\/\/roveyayinevi.com.tr\/index.php\/wp-json\/wp\/v2\/product"}],"about":[{"href":"https:\/\/roveyayinevi.com.tr\/index.php\/wp-json\/wp\/v2\/types\/product"}],"wp:attachment":[{"href":"https:\/\/roveyayinevi.com.tr\/index.php\/wp-json\/wp\/v2\/media?parent=732129"}],"wp:term":[{"taxonomy":"product_brand","embeddable":true,"href":"https:\/\/roveyayinevi.com.tr\/index.php\/wp-json\/wp\/v2\/product_brand?post=732129"},{"taxonomy":"product_cat","embeddable":true,"href":"https:\/\/roveyayinevi.com.tr\/index.php\/wp-json\/wp\/v2\/product_cat?post=732129"},{"taxonomy":"product_tag","embeddable":true,"href":"https:\/\/roveyayinevi.com.tr\/index.php\/wp-json\/wp\/v2\/product_tag?post=732129"}],"curies":[{"name":"wp","href":"https:\/\/api.w.org\/{rel}","templated":true}]}}