{"id":732128,"date":"2025-08-27T21:44:32","date_gmt":"2025-08-27T18:44:32","guid":{"rendered":"https:\/\/roveyayinevi.com.tr\/index.php\/urun\/ay-tasi-tanricalari\/"},"modified":"2026-04-03T02:47:13","modified_gmt":"2026-04-02T23:47:13","slug":"ay-tasi-tanricalari","status":"publish","type":"product","link":"https:\/\/roveyayinevi.com.tr\/index.php\/urun\/ay-tasi-tanricalari\/","title":{"rendered":"Ay Ta\u015f\u0131 Tanr\u0131\u00e7alar\u0131"},"content":{"rendered":"<p>\u201cAc\u0131lar\u0131m\u0131 doya doya ya\u015famaktan yanay\u0131m. Ne bir il\u00e2\u00e7la uyu\u015fmak, ne de ba\u015fkalar\u0131n\u0131n tesellisine s\u0131\u011f\u0131nmak isterim. Ac\u0131n\u0131n her h\u00fccreme i\u015flemesine, kendini kabul ettirmesine izin veriyorum ve bir yerlere de ka\u00e7\u0131p gitmiyorum. \u00c7\u00fcnk\u00fc ac\u0131 i\u00e7imizdedir, mek\u00e2nda de\u011fil.\u201d   \u201cBa\u015fa \u00e7\u0131kamayaca\u011f\u0131m k\u00f6t\u00fc zamanlar\u0131 \u00f6l\u00fcmc\u00fcl hastal\u0131klara benzetirim. Onlar\u0131n varl\u0131\u011f\u0131n\u0131 kabul etmemek, yads\u0131mak \u00e7are de\u011fildir. Onlarla uzla\u015fmaya var\u0131r\u0131m ama teslim olmam. Enerjimi isyanla harcayaca\u011f\u0131ma, kabullendi\u011fim bu davetsiz misafirlerin beni yok etmeden, ezmeden benimle ya\u015famas\u0131na izin verir ve gelece\u011fe odaklan\u0131r\u0131m.\u201d \u201cKe\u015fkeleri tecr\u00fcbe zenginli\u011fine, endi\u015feleri programl\u0131 olmaya y\u00f6nlendirdi\u011fimizde, bu iki negatif duyguyu da pozitife \u00e7evirmi\u015f oluruz.\u201d   \u201cSanal ortamda tan\u0131mad\u0131klar\u0131m\u0131za harcad\u0131\u011f\u0131m\u0131z zaman\u0131 de\u011ferlendirebilece\u011fimiz, ger\u00e7ek hayat\u0131m\u0131zda ger\u00e7ek insanlar, olaylar var. Zaman\u0131m\u0131z\u0131 \u00e7ald\u0131rmayal\u0131m.\u201d Ay Ta\u015f\u0131 Tanr\u0131\u00e7alar\u0131, yazar\u0131n, ya\u015fam deneyimlerini kaleme ald\u0131\u011f\u0131 kad\u0131nsal olaylar\u0131 i\u00e7erse de her cinse ve her kesime hitap edebilecek yol g\u00f6sterici bir kitap.   <\/p>\n","protected":false},"excerpt":{"rendered":"<p>\u201cAc\u0131lar\u0131m\u0131 doya doya ya\u015famaktan yanay\u0131m. Ne bir il\u00e2\u00e7la uyu\u015fmak, ne de ba\u015fkalar\u0131n\u0131n tesellisine s\u0131\u011f\u0131nmak isterim. Ac\u0131n\u0131n her h\u00fccreme i\u015flemesine, kendini kabul ettirmesine izin veriyorum ve bir<span class=\"excerpt-hellip\"> [\u2026]<\/span><\/p>\n","protected":false},"featured_media":0,"template":"","meta":{"_monsterinsights_skip_tracking":false,"_monsterinsights_sitenote_active":false,"_monsterinsights_sitenote_note":"","_monsterinsights_sitenote_category":0},"product_brand":[],"product_cat":[12777,12291],"product_tag":[],"class_list":{"0":"post-732128","1":"product","2":"type-product","3":"status-publish","5":"product_cat-deneme","6":"product_cat-edebiyat","7":"pa_cilt-ciltsiz","8":"pa_tur-kitap","9":"pa_yayinevi-dogan-kitap","10":"pa_yazar-nermin-bezmen","12":"first","13":"instock","14":"sale","15":"shipping-taxable","16":"purchasable","17":"product-type-simple"},"_links":{"self":[{"href":"https:\/\/roveyayinevi.com.tr\/index.php\/wp-json\/wp\/v2\/product\/732128","targetHints":{"allow":["GET"]}}],"collection":[{"href":"https:\/\/roveyayinevi.com.tr\/index.php\/wp-json\/wp\/v2\/product"}],"about":[{"href":"https:\/\/roveyayinevi.com.tr\/index.php\/wp-json\/wp\/v2\/types\/product"}],"wp:attachment":[{"href":"https:\/\/roveyayinevi.com.tr\/index.php\/wp-json\/wp\/v2\/media?parent=732128"}],"wp:term":[{"taxonomy":"product_brand","embeddable":true,"href":"https:\/\/roveyayinevi.com.tr\/index.php\/wp-json\/wp\/v2\/product_brand?post=732128"},{"taxonomy":"product_cat","embeddable":true,"href":"https:\/\/roveyayinevi.com.tr\/index.php\/wp-json\/wp\/v2\/product_cat?post=732128"},{"taxonomy":"product_tag","embeddable":true,"href":"https:\/\/roveyayinevi.com.tr\/index.php\/wp-json\/wp\/v2\/product_tag?post=732128"}],"curies":[{"name":"wp","href":"https:\/\/api.w.org\/{rel}","templated":true}]}}