{"id":732127,"date":"2025-08-27T21:44:31","date_gmt":"2025-08-27T18:44:31","guid":{"rendered":"https:\/\/roveyayinevi.com.tr\/index.php\/urun\/kan-ve-kul-1-kan-ve-kulden\/"},"modified":"2026-04-16T02:39:56","modified_gmt":"2026-04-15T23:39:56","slug":"kan-ve-kul-1-kan-ve-kulden","status":"publish","type":"product","link":"https:\/\/roveyayinevi.com.tr\/index.php\/urun\/kan-ve-kul-1-kan-ve-kulden\/","title":{"rendered":"Kan ve K\u00fcl 1: Kan ve K\u00fclden"},"content":{"rendered":"<p>Bu\u0308yu\u0308leyici, seksi ve nefes kesici\u2026 Kan ve Ku\u0308lden, ba\u011f\u0131ml\u0131l\u0131k yaratan \u015fa\u015f\u0131rt\u0131c\u0131 bir fantastik \u015faheser.   Bir Bakire\u2026 Do\u011fumundan itibaren yeni bir \u00e7a\u011f\u0131 ba\u015flatmak i\u00e7in se\u00e7ilen Poppy\u2019nin hayat\u0131 hi\u00e7bir zaman kendisine ait olmam\u0131\u015ft\u0131. Bakire\u2019nin hayat\u0131 yaln\u0131z ya\u015fan\u0131r. Asla dokunulmaz. Asla bak\u0131lmaz. Asla konu\u015fulmaz. Asla bir zevk ya\u015famaz. Yu\u0308kseli\u015f gu\u0308nu\u0308nu\u0308 beklerken, tanr\u0131lar taraf\u0131ndan de\u011ferli bulunmaya haz\u0131rlanmaktansa muhaf\u0131zlarla birlikte, ailesini elinden alan k\u00f6tu\u0308lu\u0308\u011fe kar\u015f\u0131 sava\u015fmay\u0131 tercih ederdi. Ama se\u00e7im, hi\u00e7 onun olmad\u0131.   Bir G\u00f6rev\u2026 Tu\u0308m krall\u0131\u011f\u0131n gelece\u011fi Poppy\u2019nin omuzlar\u0131nda. Bunu istemiyor asl\u0131nda. \u00c7u\u0308nku\u0308 bir Bakire\u2019nin de kalbi var. Ve bir ruhu. Ve gu\u0308\u00e7lu\u0308 arzular\u0131. Yu\u0308kseli\u015fi i\u00e7in onu korumakla g\u00f6revli, alt\u0131n g\u00f6zlu\u0308 bir muhaf\u0131z olan Hawke hayat\u0131na girdi\u011finde, kaderi ve g\u00f6revi arzu ve istekleriyle \u00e7at\u0131\u015f\u0131yor. Hawke onu k\u0131zd\u0131r\u0131p, inand\u0131\u011f\u0131 her \u015feyi sorgulamas\u0131n\u0131 sa\u011flayacak ve yasaklarla onu ayartacak.   Bir Krall\u0131k\u2026 Tanr\u0131lar\u0131n terk etti\u011fi, \u00f6lu\u0308mlu\u0308lerin ise korktu\u011fu du\u0308\u015fmu\u0308\u015f bir krall\u0131k bir kez daha yu\u0308kseliyor. Kendilerine ait oldu\u011funa inand\u0131klar\u0131 \u015feyi \u015fiddet ve intikam yoluyla geri almaya kararl\u0131lar. Lanetlilerin g\u00f6lgesi yakla\u015ft\u0131k\u00e7a, yasak olanla do\u011fru olan aras\u0131ndaki \u00e7izgi bulan\u0131kla\u015f\u0131yor. Poppy, du\u0308nyas\u0131n\u0131 bir arada tutan her kana bulanm\u0131\u015f iplik \u00e7\u00f6zu\u0308lmeye ba\u015flad\u0131\u011f\u0131nda sadece kalbini kaybetmenin ve tanr\u0131lar taraf\u0131ndan de\u011fersiz bulunman\u0131n e\u015fi\u011finde de\u011fil, ayn\u0131 zamanda hayat\u0131 da tehlikede. <\/p>\n","protected":false},"excerpt":{"rendered":"<p>Bu\u0308yu\u0308leyici, seksi ve nefes kesici\u2026 Kan ve Ku\u0308lden, ba\u011f\u0131ml\u0131l\u0131k yaratan \u015fa\u015f\u0131rt\u0131c\u0131 bir fantastik \u015faheser. Bir Bakire\u2026 Do\u011fumundan itibaren yeni bir \u00e7a\u011f\u0131 ba\u015flatmak i\u00e7in se\u00e7ilen Poppy\u2019nin hayat\u0131<span class=\"excerpt-hellip\"> [\u2026]<\/span><\/p>\n","protected":false},"featured_media":0,"template":"","meta":{"_monsterinsights_skip_tracking":false,"_monsterinsights_sitenote_active":false,"_monsterinsights_sitenote_note":"","_monsterinsights_sitenote_category":0},"product_brand":[],"product_cat":[12291,14777],"product_tag":[],"class_list":{"0":"post-732127","1":"product","2":"type-product","3":"status-publish","5":"product_cat-edebiyat","6":"product_cat-fantastik","7":"pa_cilt-ciltsiz","8":"pa_tur-kitap","9":"pa_yayinevi-dex-yayinevi","10":"pa_yazar-jennifer-l-armentrout","12":"first","13":"instock","14":"sale","15":"shipping-taxable","16":"purchasable","17":"product-type-simple"},"_links":{"self":[{"href":"https:\/\/roveyayinevi.com.tr\/index.php\/wp-json\/wp\/v2\/product\/732127","targetHints":{"allow":["GET"]}}],"collection":[{"href":"https:\/\/roveyayinevi.com.tr\/index.php\/wp-json\/wp\/v2\/product"}],"about":[{"href":"https:\/\/roveyayinevi.com.tr\/index.php\/wp-json\/wp\/v2\/types\/product"}],"wp:attachment":[{"href":"https:\/\/roveyayinevi.com.tr\/index.php\/wp-json\/wp\/v2\/media?parent=732127"}],"wp:term":[{"taxonomy":"product_brand","embeddable":true,"href":"https:\/\/roveyayinevi.com.tr\/index.php\/wp-json\/wp\/v2\/product_brand?post=732127"},{"taxonomy":"product_cat","embeddable":true,"href":"https:\/\/roveyayinevi.com.tr\/index.php\/wp-json\/wp\/v2\/product_cat?post=732127"},{"taxonomy":"product_tag","embeddable":true,"href":"https:\/\/roveyayinevi.com.tr\/index.php\/wp-json\/wp\/v2\/product_tag?post=732127"}],"curies":[{"name":"wp","href":"https:\/\/api.w.org\/{rel}","templated":true}]}}