{"id":732124,"date":"2025-08-27T21:44:27","date_gmt":"2025-08-27T18:44:27","guid":{"rendered":"https:\/\/roveyayinevi.com.tr\/index.php\/urun\/bin-yilin-ask-mektuplari\/"},"modified":"2026-04-16T02:39:55","modified_gmt":"2026-04-15T23:39:55","slug":"bin-yilin-ask-mektuplari","status":"publish","type":"product","link":"https:\/\/roveyayinevi.com.tr\/index.php\/urun\/bin-yilin-ask-mektuplari\/","title":{"rendered":"Bin Y\u0131l\u0131n A\u015fk Mektuplar\u0131"},"content":{"rendered":"<p>Bir a\u015fka dair en kal\u0131c\u0131 \u015fey nedir? Hele bir yang\u0131ndan artakalan k\u00fcller gibi da\u011f\u0131lan a\u015fklar\u0131n ya\u015fand\u0131\u011f\u0131 teknoloji \u00e7a\u011f\u0131nda&#8230; Bir a\u015fk\u0131 bize oldu\u011fu gibi anlatan, onun nelere kadir olabilece\u011fini b\u00fct\u00fcn \u00e7\u0131plakl\u0131\u011f\u0131yla g\u00f6steren \u015fey nedir? S\u00f6zler mi, hediyeler mi, davran\u0131\u015flar m\u0131, asla ak\u0131ldan \u00e7\u0131kmayan hat\u0131ralar m\u0131?   \u0130\u015fte bir a\u015fk\u0131, o a\u015fk\u0131n taraflar\u0131 tarih denilen sahneden \u00e7ekilip gitmi\u015f olsa da bize b\u00fct\u00fcn \u00e7\u0131plakl\u0131\u011f\u0131yla anlatan her ne ise onun pe\u015fine d\u00fc\u015fen S\u0131la Gen\u00e7o\u011flu ve Ali Murat \u0130rat, bu sorunun yan\u0131t\u0131n\u0131 mektuplarda buluyorlar.   Biny\u0131l\u0131n A\u015fk Mektuplar\u0131, a\u015fklar\u0131 g\u00f6r\u00fcn\u00fcr k\u0131lan ve tarih\u00f6ncesin-den bug\u00fcne aktaran mektuplar\u0131n izini kutsal kitaplara kadar s\u00fcr\u00fcyor. Bununla da kalm\u0131yor, a\u015fklar\u0131n yaln\u0131zca duygu y\u00fck\u00fc y\u00fcksek yanlar\u0131n\u0131 de\u011fil, farkl\u0131l\u0131klar\u0131n\u0131 da ortaya koyuyor.   S\u00fcmerli rahibe Enlil\u2019den antik d\u00fcnyan\u0131n bilge kad\u0131n\u0131 Sappho\u2019ya, bedeninin ac\u0131lar\u0131yla ruhunun ac\u0131lar\u0131n\u0131 bir k\u0131lan Frida\u2019dan hasretlik g\u00fcnlerinde kaleminden d\u00f6k\u00fclen umudu ye\u015ferten Ahmet Kaya\u2019ya kadar bir\u00e7ok isim mektuplardaki a\u015fk\u0131n kal\u0131c\u0131l\u0131\u011f\u0131n\u0131 bize bir kez daha ispatl\u0131yor. <\/p>\n","protected":false},"excerpt":{"rendered":"<p>Bir a\u015fka dair en kal\u0131c\u0131 \u015fey nedir? Hele bir yang\u0131ndan artakalan k\u00fcller gibi da\u011f\u0131lan a\u015fklar\u0131n ya\u015fand\u0131\u011f\u0131 teknoloji \u00e7a\u011f\u0131nda&#8230; Bir a\u015fk\u0131 bize oldu\u011fu gibi anlatan, onun nelere<span class=\"excerpt-hellip\"> [\u2026]<\/span><\/p>\n","protected":false},"featured_media":0,"template":"","meta":{"_monsterinsights_skip_tracking":false,"_monsterinsights_sitenote_active":false,"_monsterinsights_sitenote_note":"","_monsterinsights_sitenote_category":0},"product_brand":[],"product_cat":[12777,12291],"product_tag":[],"class_list":{"0":"post-732124","1":"product","2":"type-product","3":"status-publish","5":"product_cat-deneme","6":"product_cat-edebiyat","7":"pa_cilt-ciltsiz","8":"pa_tur-kitap","9":"pa_yayinevi-dogan-kitap","10":"pa_yazar-sila-gencoglu-ali-murat-irat","12":"first","13":"instock","14":"sale","15":"shipping-taxable","16":"purchasable","17":"product-type-simple"},"_links":{"self":[{"href":"https:\/\/roveyayinevi.com.tr\/index.php\/wp-json\/wp\/v2\/product\/732124","targetHints":{"allow":["GET"]}}],"collection":[{"href":"https:\/\/roveyayinevi.com.tr\/index.php\/wp-json\/wp\/v2\/product"}],"about":[{"href":"https:\/\/roveyayinevi.com.tr\/index.php\/wp-json\/wp\/v2\/types\/product"}],"wp:attachment":[{"href":"https:\/\/roveyayinevi.com.tr\/index.php\/wp-json\/wp\/v2\/media?parent=732124"}],"wp:term":[{"taxonomy":"product_brand","embeddable":true,"href":"https:\/\/roveyayinevi.com.tr\/index.php\/wp-json\/wp\/v2\/product_brand?post=732124"},{"taxonomy":"product_cat","embeddable":true,"href":"https:\/\/roveyayinevi.com.tr\/index.php\/wp-json\/wp\/v2\/product_cat?post=732124"},{"taxonomy":"product_tag","embeddable":true,"href":"https:\/\/roveyayinevi.com.tr\/index.php\/wp-json\/wp\/v2\/product_tag?post=732124"}],"curies":[{"name":"wp","href":"https:\/\/api.w.org\/{rel}","templated":true}]}}