{"id":732123,"date":"2025-08-27T21:44:25","date_gmt":"2025-08-27T18:44:25","guid":{"rendered":"https:\/\/roveyayinevi.com.tr\/index.php\/urun\/kis-kirigi\/"},"modified":"2026-04-16T02:39:55","modified_gmt":"2026-04-15T23:39:55","slug":"kis-kirigi","status":"publish","type":"product","link":"https:\/\/roveyayinevi.com.tr\/index.php\/urun\/kis-kirigi\/","title":{"rendered":"K\u0131\u015f K\u0131r\u0131\u011f\u0131"},"content":{"rendered":"<p>Keman\u0131m\u0131n telinde lal olmu\u015f dilim hicaz, Geceleri \u00e2\u015f\u0131\u011fa yakamoz olunca saz, Gidenin d\u00f6nmedi\u011fi yorgun istasyonlarda, Yar kapam\u0131\u015f g\u00f6zlerini, ruhuyla duy be a\u015fk. Yalanlar gen\u00e7li\u011fimi, takvimde eski yaprak, Aynalar \u00e7a\u011f\u0131r\u0131r seni, g\u00f6zlerime bir bak Hududun afak\u0131nda kal\u0131nca o m\u00fchr-\u00fc me\u015fk, Giden getirsin beni de al ba\u015f\u0131na koy a\u015fk. <\/p>\n","protected":false},"excerpt":{"rendered":"<p>Keman\u0131m\u0131n telinde lal olmu\u015f dilim hicaz, Geceleri \u00e2\u015f\u0131\u011fa yakamoz olunca saz, Gidenin d\u00f6nmedi\u011fi yorgun istasyonlarda, Yar kapam\u0131\u015f g\u00f6zlerini, ruhuyla duy be a\u015fk. Yalanlar gen\u00e7li\u011fimi, takvimde eski<span class=\"excerpt-hellip\"> [\u2026]<\/span><\/p>\n","protected":false},"featured_media":0,"template":"","meta":{"_monsterinsights_skip_tracking":false,"_monsterinsights_sitenote_active":false,"_monsterinsights_sitenote_note":"","_monsterinsights_sitenote_category":0},"product_brand":[],"product_cat":[12291,12509],"product_tag":[],"class_list":{"0":"post-732123","1":"product","2":"type-product","3":"status-publish","5":"product_cat-edebiyat","6":"product_cat-siir","7":"pa_cilt-ciltsiz","8":"pa_tur-kitap","9":"pa_yayinevi-luna-yayinlari","10":"pa_yazar-ceylan-senturk","12":"first","13":"instock","14":"sale","15":"shipping-taxable","16":"purchasable","17":"product-type-simple"},"_links":{"self":[{"href":"https:\/\/roveyayinevi.com.tr\/index.php\/wp-json\/wp\/v2\/product\/732123","targetHints":{"allow":["GET"]}}],"collection":[{"href":"https:\/\/roveyayinevi.com.tr\/index.php\/wp-json\/wp\/v2\/product"}],"about":[{"href":"https:\/\/roveyayinevi.com.tr\/index.php\/wp-json\/wp\/v2\/types\/product"}],"wp:attachment":[{"href":"https:\/\/roveyayinevi.com.tr\/index.php\/wp-json\/wp\/v2\/media?parent=732123"}],"wp:term":[{"taxonomy":"product_brand","embeddable":true,"href":"https:\/\/roveyayinevi.com.tr\/index.php\/wp-json\/wp\/v2\/product_brand?post=732123"},{"taxonomy":"product_cat","embeddable":true,"href":"https:\/\/roveyayinevi.com.tr\/index.php\/wp-json\/wp\/v2\/product_cat?post=732123"},{"taxonomy":"product_tag","embeddable":true,"href":"https:\/\/roveyayinevi.com.tr\/index.php\/wp-json\/wp\/v2\/product_tag?post=732123"}],"curies":[{"name":"wp","href":"https:\/\/api.w.org\/{rel}","templated":true}]}}