{"id":732122,"date":"2025-08-27T21:44:24","date_gmt":"2025-08-27T18:44:24","guid":{"rendered":"https:\/\/roveyayinevi.com.tr\/index.php\/urun\/insanistan\/"},"modified":"2026-04-16T02:39:55","modified_gmt":"2026-04-15T23:39:55","slug":"insanistan","status":"publish","type":"product","link":"https:\/\/roveyayinevi.com.tr\/index.php\/urun\/insanistan\/","title":{"rendered":"\u0130nsanistan"},"content":{"rendered":"<p>Ey gece! \u00d6yle g\u00fczelsin ki&#8230; Ve o kadar da gizemli Ne olur beni de al, Karanl\u0131\u011f\u0131nla sar Kaybolsun t\u00fcm \u00e7irkinlikler \u00d6yle bir gizle ki Ben dahi g\u00f6rmeyim g\u00fcnahlar\u0131m\u0131 Unutay\u0131m her \u015feyi, herkesi Sad\u0131k ve munis bir y\u0131ld\u0131z\u0131n olay\u0131m \u00d6yle ki; uzaktan bakanlar\u0131n I\u015f\u0131lt\u0131mla kama\u015fs\u0131n g\u00f6zleri Ama hi\u00e7 bilmesinler asl\u0131m\u0131 Hep ula\u015famad\u0131klar\u0131 y\u0131ld\u0131z olay\u0131m Ve koynunda, karanl\u0131k s\u0131ca\u011f\u0131nda Sozsuza dek \u0131\u015f\u0131l \u0131\u015f\u0131l uyuyay\u0131m&#8230; <\/p>\n","protected":false},"excerpt":{"rendered":"<p>Ey gece! \u00d6yle g\u00fczelsin ki&#8230; Ve o kadar da gizemli Ne olur beni de al, Karanl\u0131\u011f\u0131nla sar Kaybolsun t\u00fcm \u00e7irkinlikler \u00d6yle bir gizle ki Ben dahi<span class=\"excerpt-hellip\"> [\u2026]<\/span><\/p>\n","protected":false},"featured_media":0,"template":"","meta":{"_monsterinsights_skip_tracking":false,"_monsterinsights_sitenote_active":false,"_monsterinsights_sitenote_note":"","_monsterinsights_sitenote_category":0},"product_brand":[],"product_cat":[12291,12509],"product_tag":[],"class_list":{"0":"post-732122","1":"product","2":"type-product","3":"status-publish","5":"product_cat-edebiyat","6":"product_cat-siir","7":"pa_cilt-ciltsiz","8":"pa_tur-kitap","9":"pa_yayinevi-luna-yayinlari","10":"pa_yazar-handan-asar","12":"first","13":"instock","14":"sale","15":"shipping-taxable","16":"purchasable","17":"product-type-simple"},"_links":{"self":[{"href":"https:\/\/roveyayinevi.com.tr\/index.php\/wp-json\/wp\/v2\/product\/732122","targetHints":{"allow":["GET"]}}],"collection":[{"href":"https:\/\/roveyayinevi.com.tr\/index.php\/wp-json\/wp\/v2\/product"}],"about":[{"href":"https:\/\/roveyayinevi.com.tr\/index.php\/wp-json\/wp\/v2\/types\/product"}],"wp:attachment":[{"href":"https:\/\/roveyayinevi.com.tr\/index.php\/wp-json\/wp\/v2\/media?parent=732122"}],"wp:term":[{"taxonomy":"product_brand","embeddable":true,"href":"https:\/\/roveyayinevi.com.tr\/index.php\/wp-json\/wp\/v2\/product_brand?post=732122"},{"taxonomy":"product_cat","embeddable":true,"href":"https:\/\/roveyayinevi.com.tr\/index.php\/wp-json\/wp\/v2\/product_cat?post=732122"},{"taxonomy":"product_tag","embeddable":true,"href":"https:\/\/roveyayinevi.com.tr\/index.php\/wp-json\/wp\/v2\/product_tag?post=732122"}],"curies":[{"name":"wp","href":"https:\/\/api.w.org\/{rel}","templated":true}]}}