{"id":732120,"date":"2025-08-27T21:44:22","date_gmt":"2025-08-27T18:44:22","guid":{"rendered":"https:\/\/roveyayinevi.com.tr\/index.php\/urun\/hint-rus-iliskileri-somurgecilikten-soguk-savas-sonrasina\/"},"modified":"2026-04-16T02:39:55","modified_gmt":"2026-04-15T23:39:55","slug":"hint-rus-iliskileri-somurgecilikten-soguk-savas-sonrasina","status":"publish","type":"product","link":"https:\/\/roveyayinevi.com.tr\/index.php\/urun\/hint-rus-iliskileri-somurgecilikten-soguk-savas-sonrasina\/","title":{"rendered":"Hint-Rus \u0130li\u015fkileri: S\u00f6m\u00fcrgecilikten So\u011fuk Sava\u015f Sonras\u0131na"},"content":{"rendered":"<p>\u0130\u00e7indekiler Birinci B\u00f6l\u00fcm Hint-Rus \u0130li\u015fkilerinin Tarihsel Ba\u011flam\u0131 1.1.S\u00f6m\u00fcrgecilik D\u00f6nemi ve Hindistan\u2019\u0131n Ba\u011f\u0131ms\u0131zl\u0131\u011f\u0131n\u0131 Kazanmas\u0131 1.2.So\u011fuk Sava\u015f D\u00f6nemi Hint-Rus \u0130li\u015fkileri 1.3.Sovyet Sonras\u0131 D\u00f6nemde Hint-Rus \u0130li\u015fkileri \u0130kinci B\u00f6l\u00fcm Hint-Rus \u0130li\u015fkilerinin Farkl\u0131 Boyutlar\u0131 2.    2.1.Ekonomik ve Ticari \u0130li\u015fkiler 2.2.Askeri \u2013 Teknik Alanda \u0130li\u015fkiler 2.3. Enerji ve Uzay Alan\u0131nda \u0130li\u015fkiler \u00dc\u00e7\u00fcnc\u00fc B\u00f6l\u00fcm Uluslararas\u0131 Sistemde Hint-Rus \u0130li\u015fkileri 3.     3.1.N\u00fckleer Enerji ve Silahlanma 3.2.Ter\u00f6rizm ve B\u00f6lgesel Problemlerde Entegrasyon 3.3. B\u00f6lgesel Olu\u015fumlar ve Uluslararas\u0131 \u00d6rg\u00fctler Kapsam\u0131nda Hint-Rus \u0130\u015f Birli\u011fi 3.4. Orta Asya\u2019da \u0130\u015f Birli\u011fi <\/p>\n","protected":false},"excerpt":{"rendered":"<p>\u0130\u00e7indekiler Birinci B\u00f6l\u00fcm Hint-Rus \u0130li\u015fkilerinin Tarihsel Ba\u011flam\u0131 1.1.S\u00f6m\u00fcrgecilik D\u00f6nemi ve Hindistan\u2019\u0131n Ba\u011f\u0131ms\u0131zl\u0131\u011f\u0131n\u0131 Kazanmas\u0131 1.2.So\u011fuk Sava\u015f D\u00f6nemi Hint-Rus \u0130li\u015fkileri 1.3.Sovyet Sonras\u0131 D\u00f6nemde Hint-Rus \u0130li\u015fkileri \u0130kinci B\u00f6l\u00fcm Hint-Rus<span class=\"excerpt-hellip\"> [\u2026]<\/span><\/p>\n","protected":false},"featured_media":0,"template":"","meta":{"_monsterinsights_skip_tracking":false,"_monsterinsights_sitenote_active":false,"_monsterinsights_sitenote_note":"","_monsterinsights_sitenote_category":0},"product_brand":[],"product_cat":[48062,12337],"product_tag":[],"class_list":{"0":"post-732120","1":"product","2":"type-product","3":"status-publish","5":"product_cat-dis-politika","6":"product_cat-politika-siyaset","7":"pa_cilt-ciltsiz","8":"pa_tur-kitap","9":"pa_yayinevi-gazi-kitabevi","10":"pa_yazar-busra-yengec-ersin","12":"first","13":"instock","14":"sale","15":"shipping-taxable","16":"purchasable","17":"product-type-simple"},"_links":{"self":[{"href":"https:\/\/roveyayinevi.com.tr\/index.php\/wp-json\/wp\/v2\/product\/732120","targetHints":{"allow":["GET"]}}],"collection":[{"href":"https:\/\/roveyayinevi.com.tr\/index.php\/wp-json\/wp\/v2\/product"}],"about":[{"href":"https:\/\/roveyayinevi.com.tr\/index.php\/wp-json\/wp\/v2\/types\/product"}],"wp:attachment":[{"href":"https:\/\/roveyayinevi.com.tr\/index.php\/wp-json\/wp\/v2\/media?parent=732120"}],"wp:term":[{"taxonomy":"product_brand","embeddable":true,"href":"https:\/\/roveyayinevi.com.tr\/index.php\/wp-json\/wp\/v2\/product_brand?post=732120"},{"taxonomy":"product_cat","embeddable":true,"href":"https:\/\/roveyayinevi.com.tr\/index.php\/wp-json\/wp\/v2\/product_cat?post=732120"},{"taxonomy":"product_tag","embeddable":true,"href":"https:\/\/roveyayinevi.com.tr\/index.php\/wp-json\/wp\/v2\/product_tag?post=732120"}],"curies":[{"name":"wp","href":"https:\/\/api.w.org\/{rel}","templated":true}]}}