{"id":732119,"date":"2025-08-27T21:44:21","date_gmt":"2025-08-27T18:44:21","guid":{"rendered":"https:\/\/roveyayinevi.com.tr\/index.php\/urun\/dijital-muhasebe-uygulamalari\/"},"modified":"2026-04-16T02:39:55","modified_gmt":"2026-04-15T23:39:55","slug":"dijital-muhasebe-uygulamalari","status":"publish","type":"product","link":"https:\/\/roveyayinevi.com.tr\/index.php\/urun\/dijital-muhasebe-uygulamalari\/","title":{"rendered":"Dijital Muhasebe Uygulamalar\u0131"},"content":{"rendered":"<p>\u0130\u00e7indekiler Birinci B\u00f6l\u00fcm \u2013 Kavramsal \u00c7er\u00e7eve \u0130kinci B\u00f6l\u00fcm \u2013 Elektronik Fatura (E-Fatura) \u00dc\u00e7\u00fcnc\u00fc B\u00f6l\u00fcm \u2013 Elektronik Ar\u015fiv Fatura (E-Ar\u015fiv Fatura) D\u00f6rd\u00fcnc\u00fc B\u00f6l\u00fcm \u2013 Elektronik \u0130rsaliye (E-\u0130rsaliye) Be\u015finci B\u00f6l\u00fcm \u2013 Elektronik Serbest Meslek Makbuzu (E-SMM) Alt\u0131nc\u0131 B\u00f6l\u00fcm \u2013 Elektronik M\u00fcstahsil Makbuzu Yedinci B\u00f6l\u00fcm \u2013 Elektronik Gider Pusulas\u0131 Sekizinci B\u00f6l\u00fcm \u2013 Elektronik Bilet Dokuzuncu B\u00f6l\u00fcm \u2013 Elektronik Sigorta Komisyon Gider Belgesi Onuncu B\u00f6l\u00fcm \u2013 Elektronik Sigorta Poli\u00e7esi On Birinci B\u00f6l\u00fcm \u2013 Elektronik D\u00f6viz Al\u0131m Sat\u0131m Belgesi On \u0130kinci B\u00f6l\u00fcm \u2013 Elektronik Banka Dekontu On \u00dc\u00e7\u00fcnc\u00fc B\u00f6l\u00fcm \u2013 Elektronik Adisyon Belgesi On D\u00f6rd\u00fcnc\u00fc B\u00f6l\u00fcm \u2013 Elektronik Defter (E-Defter) On Be\u015finci B\u00f6l\u00fcm \u2013 Defter-Beyan Sistemi On Alt\u0131nc\u0131 B\u00f6l\u00fcm \u2013 E-Defter \u0130nceleme S\u00fcreci On Yedinci B\u00f6l\u00fcm \u2013 Elektronik Mali Uygulamalar Davalar\u0131 On Sekizinci B\u00f6l\u00fcm \u2013 Yeni Teknolojilerin Muhasebeye Etkisi <\/p>\n","protected":false},"excerpt":{"rendered":"<p>\u0130\u00e7indekiler Birinci B\u00f6l\u00fcm \u2013 Kavramsal \u00c7er\u00e7eve \u0130kinci B\u00f6l\u00fcm \u2013 Elektronik Fatura (E-Fatura) \u00dc\u00e7\u00fcnc\u00fc B\u00f6l\u00fcm \u2013 Elektronik Ar\u015fiv Fatura (E-Ar\u015fiv Fatura) D\u00f6rd\u00fcnc\u00fc B\u00f6l\u00fcm \u2013 Elektronik \u0130rsaliye (E-\u0130rsaliye)<span class=\"excerpt-hellip\"> [\u2026]<\/span><\/p>\n","protected":false},"featured_media":0,"template":"","meta":{"_monsterinsights_skip_tracking":false,"_monsterinsights_sitenote_active":false,"_monsterinsights_sitenote_note":"","_monsterinsights_sitenote_category":0},"product_brand":[],"product_cat":[13043,14381],"product_tag":[],"class_list":{"0":"post-732119","1":"product","2":"type-product","3":"status-publish","5":"product_cat-ekonomi","6":"product_cat-isletme-muhasebe-maliye","7":"pa_cilt-ciltsiz","8":"pa_tur-kitap","9":"pa_yayinevi-gazi-kitabevi","10":"pa_yazar-alper-erdem-selcuk-gulten","12":"first","13":"instock","14":"sale","15":"shipping-taxable","16":"purchasable","17":"product-type-simple"},"_links":{"self":[{"href":"https:\/\/roveyayinevi.com.tr\/index.php\/wp-json\/wp\/v2\/product\/732119","targetHints":{"allow":["GET"]}}],"collection":[{"href":"https:\/\/roveyayinevi.com.tr\/index.php\/wp-json\/wp\/v2\/product"}],"about":[{"href":"https:\/\/roveyayinevi.com.tr\/index.php\/wp-json\/wp\/v2\/types\/product"}],"wp:attachment":[{"href":"https:\/\/roveyayinevi.com.tr\/index.php\/wp-json\/wp\/v2\/media?parent=732119"}],"wp:term":[{"taxonomy":"product_brand","embeddable":true,"href":"https:\/\/roveyayinevi.com.tr\/index.php\/wp-json\/wp\/v2\/product_brand?post=732119"},{"taxonomy":"product_cat","embeddable":true,"href":"https:\/\/roveyayinevi.com.tr\/index.php\/wp-json\/wp\/v2\/product_cat?post=732119"},{"taxonomy":"product_tag","embeddable":true,"href":"https:\/\/roveyayinevi.com.tr\/index.php\/wp-json\/wp\/v2\/product_tag?post=732119"}],"curies":[{"name":"wp","href":"https:\/\/api.w.org\/{rel}","templated":true}]}}