{"id":732118,"date":"2025-08-27T21:44:21","date_gmt":"2025-08-27T18:44:21","guid":{"rendered":"https:\/\/roveyayinevi.com.tr\/index.php\/urun\/denetimde-secme-konular-7-bagimsiz-denetim-ic-kontrol-ic-denetim\/"},"modified":"2026-04-16T02:39:55","modified_gmt":"2026-04-15T23:39:55","slug":"denetimde-secme-konular-7-bagimsiz-denetim-ic-kontrol-ic-denetim","status":"publish","type":"product","link":"https:\/\/roveyayinevi.com.tr\/index.php\/urun\/denetimde-secme-konular-7-bagimsiz-denetim-ic-kontrol-ic-denetim\/","title":{"rendered":"Denetimde Se\u00e7me Konular 7 Ba\u011f\u0131ms\u0131z Denetim &#8211; \u0130\u00e7 Kontrol \u0130\u00e7 Denetim"},"content":{"rendered":"<p>\u0130\u00e7indekiler I. KISIM \u2013 Ba\u011f\u0131ms\u0131z Denetim Ba\u011f\u0131ms\u0131z Denetimde Ak\u0131ll\u0131 S\u00fcre\u00e7 Otomasyonu Uygulamalar\u0131 Bankac\u0131l\u0131k Sekt\u00f6r\u00fcnde Olumlu G\u00f6r\u00fc\u015f D\u0131\u015f\u0131nda G\u00f6r\u00fc\u015f Verilmesine Neden Olan Finansal \u0130\u015flemler BDS 706 Kapsam\u0131nda Dikkat \u00c7ekilen Hususlar ve Di\u011fer Hususlar Paragraflar\u0131n\u0131n Denet\u00e7i G\u00f6r\u00fc\u015f\u00fc ile \u0130lgilili\u011fi A\u00e7\u0131s\u0131ndan Analizi: B\u0130ST \u015eirketlerinde Bir \u0130nceleme Denetim Faaliyetlerinde Dijital D\u00f6n\u00fc\u015f\u00fcm Teknolojilerinin Kullan\u0131m\u0131: Pandemi S\u00fcrecinde F\u0131rsatlar ve Tehditler Sinyal Teorisi-Ba\u011f\u0131ms\u0131z Denetim Kalitesi \u0130li\u015fkisi ve Sonu\u00e7lar\u0131 Pandemi D\u00f6neminde Ba\u011f\u0131ms\u0131z Denetim Standartlar\u0131n\u0131n Uygulanmas\u0131nda Kar\u015f\u0131la\u015f\u0131lan Sorunlar ve \u00c7\u00f6z\u00fcm \u00d6nerileri   I. KISIM \u2013 \u0130\u00e7 Kontrol \u0130\u00e7 Denetim T\u00fcrkiye\u2019de \u0130\u00e7 Denetimde Merkezi Uyumla\u015ft\u0131rman\u0131n Rol\u00fc: Kamu \u0130\u00e7 Denet\u00e7ileri \u00dczerinde Bir Ara\u015ft\u0131rma Bilgisayar Destekli \u0130\u00e7 Denetim Teknikleri: Turizm Sekt\u00f6r\u00fc Uygulamas\u0131 \u0130\u00e7 Kontrolde Etkinli\u011fi Sa\u011flamada Yapay Zekan\u0131n \u00d6nemi COSO \u0130\u00e7 Kontrol Modelinin Finansal Raporlaman\u0131n Do\u011frulu\u011funu ve G\u00fcvenirli\u011fini Sa\u011flamadaki Rol\u00fc Kritik Bir Risk Fakt\u00f6r\u00fc Olarak Tedarik Zinciri Kesintilerinin \u0130\u00e7 Denetim Bak\u0131\u015f A\u00e7\u0131s\u0131 ile De\u011ferlendirilmesi <\/p>\n","protected":false},"excerpt":{"rendered":"<p>\u0130\u00e7indekiler I. KISIM \u2013 Ba\u011f\u0131ms\u0131z Denetim Ba\u011f\u0131ms\u0131z Denetimde Ak\u0131ll\u0131 S\u00fcre\u00e7 Otomasyonu Uygulamalar\u0131 Bankac\u0131l\u0131k Sekt\u00f6r\u00fcnde Olumlu G\u00f6r\u00fc\u015f D\u0131\u015f\u0131nda G\u00f6r\u00fc\u015f Verilmesine Neden Olan Finansal \u0130\u015flemler BDS 706 Kapsam\u0131nda<span class=\"excerpt-hellip\"> [\u2026]<\/span><\/p>\n","protected":false},"featured_media":0,"template":"","meta":{"_monsterinsights_skip_tracking":false,"_monsterinsights_sitenote_active":false,"_monsterinsights_sitenote_note":"","_monsterinsights_sitenote_category":0},"product_brand":[],"product_cat":[13043,14381],"product_tag":[],"class_list":{"0":"post-732118","1":"product","2":"type-product","3":"status-publish","5":"product_cat-ekonomi","6":"product_cat-isletme-muhasebe-maliye","7":"pa_cilt-ciltsiz","8":"pa_tur-kitap","9":"pa_yayinevi-gazi-kitabevi","10":"pa_yazar-gazi-kitabevi-kolektif","12":"first","13":"instock","14":"sale","15":"shipping-taxable","16":"purchasable","17":"product-type-simple"},"_links":{"self":[{"href":"https:\/\/roveyayinevi.com.tr\/index.php\/wp-json\/wp\/v2\/product\/732118","targetHints":{"allow":["GET"]}}],"collection":[{"href":"https:\/\/roveyayinevi.com.tr\/index.php\/wp-json\/wp\/v2\/product"}],"about":[{"href":"https:\/\/roveyayinevi.com.tr\/index.php\/wp-json\/wp\/v2\/types\/product"}],"wp:attachment":[{"href":"https:\/\/roveyayinevi.com.tr\/index.php\/wp-json\/wp\/v2\/media?parent=732118"}],"wp:term":[{"taxonomy":"product_brand","embeddable":true,"href":"https:\/\/roveyayinevi.com.tr\/index.php\/wp-json\/wp\/v2\/product_brand?post=732118"},{"taxonomy":"product_cat","embeddable":true,"href":"https:\/\/roveyayinevi.com.tr\/index.php\/wp-json\/wp\/v2\/product_cat?post=732118"},{"taxonomy":"product_tag","embeddable":true,"href":"https:\/\/roveyayinevi.com.tr\/index.php\/wp-json\/wp\/v2\/product_tag?post=732118"}],"curies":[{"name":"wp","href":"https:\/\/api.w.org\/{rel}","templated":true}]}}