{"id":732117,"date":"2025-08-27T21:44:20","date_gmt":"2025-08-27T18:44:20","guid":{"rendered":"https:\/\/roveyayinevi.com.tr\/index.php\/urun\/degisimden-donusume-sosyal-bilimlerde-yeni-normlar\/"},"modified":"2026-04-16T02:39:55","modified_gmt":"2026-04-15T23:39:55","slug":"degisimden-donusume-sosyal-bilimlerde-yeni-normlar","status":"publish","type":"product","link":"https:\/\/roveyayinevi.com.tr\/index.php\/urun\/degisimden-donusume-sosyal-bilimlerde-yeni-normlar\/","title":{"rendered":"De\u011fi\u015fimden D\u00f6n\u00fc\u015f\u00fcme Sosyal Bilimlerde Yeni Normlar"},"content":{"rendered":"<p>\u0130\u00e7indekiler Stratejik Karar Alma S\u00fcrecinin Dijital D\u00f6n\u00fc\u015f\u00fcm\u00fc ve Yapay Zeka End\u00fcstri 4.0 ve Toplum 5.0\u2019a Ge\u00e7i\u015f S\u00fcrecinde Sosyal \u0130novasyon\u2019un Rol\u00fc End\u00fcstri 4.0 ve Covid-19 Pandemisi S\u00fcrecinde \u00d6rg\u00fctlerde Yeniden Yap\u0131lanma ve Geride Kalanlar\u0131n Y\u00f6netimi Covid-19 Pandemi S\u00fcrecinin Bilimsel Etkinliklere Etkisi \u0130novasyon ve Do\u011frudan Yabanc\u0131 Sermaye Yat\u0131r\u0131mlar\u0131 \u0130li\u015fkisi: OECD \u00dclkeleri \u00dczerine Panel Nedensellik Analizi Yeniliklerin Ekonomik B\u00fcy\u00fcme ve Kalk\u0131nmadaki Yeri: T\u00fcrkiye ve Alt B\u00f6lgeler Baz\u0131nda Tan\u0131msal Analizler Lojistik Hinterlant ve Konteyner Limanlar\u0131: \u0130skenderun ve Mersin Limanlar\u0131 \u0130ncelenmesi T\u00fcrkiye\u2019de End\u00fcstri 4.0 Uygulamalar\u0131n\u0131n \u0130n\u015faat Sekt\u00f6r\u00fc \u00dczerine Etkisinin Pestel Analizi ile De\u011ferlendirilmesi: Elaz\u0131\u011f \u0130li \u00d6rne\u011fi OECD \u00dclkelerinde Erkek ve Kad\u0131n \u0130\u015f G\u00fcc\u00fc \u0130\u00e7in \u0130\u015fsizlik Histerisinin Ge\u00e7erlili\u011fi \u00dczerine Panel Veri Analizi  Sa\u011fl\u0131k Sistemi Kamu-\u00d6zel Ortakl\u0131klar\u0131ndaki Riskler: K\u0131rg\u0131zistan \u00d6rne\u011fi Mobil \u0130leti\u015fim Sekt\u00f6r\u00fcnde Fiyat \u0130ndirimleri, T\u00fcketici \u0130lgilenimi ve Marka De\u011feri: T\u00fcketici \u0130lgileniminin Arac\u0131l\u0131k Rol\u00fc \u00dcniversite \u00d6\u011frencilerinin \u00c7evrimi\u00e7i Al\u0131\u015fveri\u015f Yapmalar\u0131nda Etkili Fakt\u00f6rlerin Belirlenmesi: Haz\u0131r G\u0131da \u00d6rne\u011fi   Ergenlerde Duygu D\u00fczenleme \u0130\u015fyeri Nezaketsizli\u011finin Zorunlu Vatanda\u015fl\u0131k Davran\u0131\u015f\u0131 \u00dczerindeki Etkisi \u00d6rg\u00fctsel Destek, Duygusal Ba\u011fl\u0131l\u0131k, Bilgi Payla\u015f\u0131m Niyeti ve Bilgi Payla\u015f\u0131m Davran\u0131\u015f\u0131 \u0130li\u015fkisi  D\u00fcnya Bilimcilerinin Faizsiz Finansal Piyasalara Kavramsal Yakla\u015f\u0131mlar\u0131 <\/p>\n","protected":false},"excerpt":{"rendered":"<p>\u0130\u00e7indekiler Stratejik Karar Alma S\u00fcrecinin Dijital D\u00f6n\u00fc\u015f\u00fcm\u00fc ve Yapay Zeka End\u00fcstri 4.0 ve Toplum 5.0\u2019a Ge\u00e7i\u015f S\u00fcrecinde Sosyal \u0130novasyon\u2019un Rol\u00fc End\u00fcstri 4.0 ve Covid-19 Pandemisi S\u00fcrecinde<span class=\"excerpt-hellip\"> [\u2026]<\/span><\/p>\n","protected":false},"featured_media":0,"template":"","meta":{"_monsterinsights_skip_tracking":false,"_monsterinsights_sitenote_active":false,"_monsterinsights_sitenote_note":"","_monsterinsights_sitenote_category":0},"product_brand":[],"product_cat":[13043,19008],"product_tag":[],"class_list":{"0":"post-732117","1":"product","2":"type-product","3":"status-publish","5":"product_cat-ekonomi","6":"product_cat-yonetim","7":"pa_cilt-ciltsiz","8":"pa_tur-kitap","9":"pa_yayinevi-gazi-kitabevi","10":"pa_yazar-gazi-kitabevi-kolektif","12":"first","13":"instock","14":"sale","15":"shipping-taxable","16":"purchasable","17":"product-type-simple"},"_links":{"self":[{"href":"https:\/\/roveyayinevi.com.tr\/index.php\/wp-json\/wp\/v2\/product\/732117","targetHints":{"allow":["GET"]}}],"collection":[{"href":"https:\/\/roveyayinevi.com.tr\/index.php\/wp-json\/wp\/v2\/product"}],"about":[{"href":"https:\/\/roveyayinevi.com.tr\/index.php\/wp-json\/wp\/v2\/types\/product"}],"wp:attachment":[{"href":"https:\/\/roveyayinevi.com.tr\/index.php\/wp-json\/wp\/v2\/media?parent=732117"}],"wp:term":[{"taxonomy":"product_brand","embeddable":true,"href":"https:\/\/roveyayinevi.com.tr\/index.php\/wp-json\/wp\/v2\/product_brand?post=732117"},{"taxonomy":"product_cat","embeddable":true,"href":"https:\/\/roveyayinevi.com.tr\/index.php\/wp-json\/wp\/v2\/product_cat?post=732117"},{"taxonomy":"product_tag","embeddable":true,"href":"https:\/\/roveyayinevi.com.tr\/index.php\/wp-json\/wp\/v2\/product_tag?post=732117"}],"curies":[{"name":"wp","href":"https:\/\/api.w.org\/{rel}","templated":true}]}}