{"id":732116,"date":"2025-08-27T21:44:19","date_gmt":"2025-08-27T18:44:19","guid":{"rendered":"https:\/\/roveyayinevi.com.tr\/index.php\/urun\/yunanistanda-unuttugumuz-turkler-bati-trakya-turkleri-ve-ege-adalari-turkleri\/"},"modified":"2026-04-16T02:39:55","modified_gmt":"2026-04-15T23:39:55","slug":"yunanistanda-unuttugumuz-turkler-bati-trakya-turkleri-ve-ege-adalari-turkleri","status":"publish","type":"product","link":"https:\/\/roveyayinevi.com.tr\/index.php\/urun\/yunanistanda-unuttugumuz-turkler-bati-trakya-turkleri-ve-ege-adalari-turkleri\/","title":{"rendered":"Yunanistanda Unuttu\u011fumuz T\u00fcrkler &#8211; Bat\u0131 Trakya T\u00fcrkleri ve Ege Adalar\u0131 T\u00fcrkleri"},"content":{"rendered":"<p>Yunanistanda Unuttu\u011fumuz T\u00fcrkler &#8211; Bat\u0131 Trakya T\u00fcrkleri ve Ege Adalar\u0131 T\u00fcrkleri<\/p>\n","protected":false},"excerpt":{"rendered":"<p>Yunanistanda Unuttu\u011fumuz T\u00fcrkler &#8211; Bat\u0131 Trakya T\u00fcrkleri ve Ege Adalar\u0131 T\u00fcrkleri<\/p>\n","protected":false},"featured_media":0,"template":"","meta":{"_monsterinsights_skip_tracking":false,"_monsterinsights_sitenote_active":false,"_monsterinsights_sitenote_note":"","_monsterinsights_sitenote_category":0},"product_brand":[],"product_cat":[12965,12337],"product_tag":[],"class_list":{"0":"post-732116","1":"product","2":"type-product","3":"status-publish","5":"product_cat-genel-politika","6":"product_cat-politika-siyaset","7":"pa_cilt-ciltsiz","8":"pa_tur-kitap","9":"pa_yayinevi-soncag-akademik-kitaplar","10":"pa_yazar-ali-nazmi-cora","12":"first","13":"instock","14":"sale","15":"shipping-taxable","16":"purchasable","17":"product-type-simple"},"_links":{"self":[{"href":"https:\/\/roveyayinevi.com.tr\/index.php\/wp-json\/wp\/v2\/product\/732116","targetHints":{"allow":["GET"]}}],"collection":[{"href":"https:\/\/roveyayinevi.com.tr\/index.php\/wp-json\/wp\/v2\/product"}],"about":[{"href":"https:\/\/roveyayinevi.com.tr\/index.php\/wp-json\/wp\/v2\/types\/product"}],"wp:attachment":[{"href":"https:\/\/roveyayinevi.com.tr\/index.php\/wp-json\/wp\/v2\/media?parent=732116"}],"wp:term":[{"taxonomy":"product_brand","embeddable":true,"href":"https:\/\/roveyayinevi.com.tr\/index.php\/wp-json\/wp\/v2\/product_brand?post=732116"},{"taxonomy":"product_cat","embeddable":true,"href":"https:\/\/roveyayinevi.com.tr\/index.php\/wp-json\/wp\/v2\/product_cat?post=732116"},{"taxonomy":"product_tag","embeddable":true,"href":"https:\/\/roveyayinevi.com.tr\/index.php\/wp-json\/wp\/v2\/product_tag?post=732116"}],"curies":[{"name":"wp","href":"https:\/\/api.w.org\/{rel}","templated":true}]}}