{"id":732112,"date":"2025-08-27T21:44:16","date_gmt":"2025-08-27T18:44:16","guid":{"rendered":"https:\/\/roveyayinevi.com.tr\/index.php\/urun\/tavistock-dunyayi-yoneten-orgut-ve-ataturk-turkiyesine-etkileri\/"},"modified":"2026-04-16T02:39:55","modified_gmt":"2026-04-15T23:39:55","slug":"tavistock-dunyayi-yoneten-orgut-ve-ataturk-turkiyesine-etkileri","status":"publish","type":"product","link":"https:\/\/roveyayinevi.com.tr\/index.php\/urun\/tavistock-dunyayi-yoneten-orgut-ve-ataturk-turkiyesine-etkileri\/","title":{"rendered":"Tavistock &#8211; D\u00fcnyay\u0131 Y\u00f6neten \u00d6rg\u00fct ve Atat\u00fcrk T\u00fcrkiyesine Etkileri"},"content":{"rendered":"<p>avistock &#8211; D\u00fcnyay\u0131 Y\u00f6neten \u00d6rg\u00fct ve Atat\u00fcrk T\u00fcrkiyesine Etkileri\u0130ll\u00fcmanati Zihin Kontrol (Mind Kontrol MK. Projesi)Gizli \u00d6rg\u00fctler Uzaktan N\u00f6rol Denetim \u00d6zel Askeri \u015eirketler<\/p>\n","protected":false},"excerpt":{"rendered":"<p>avistock &#8211; D\u00fcnyay\u0131 Y\u00f6neten \u00d6rg\u00fct ve Atat\u00fcrk T\u00fcrkiyesine Etkileri\u0130ll\u00fcmanati Zihin Kontrol (Mind Kontrol MK. Projesi)Gizli \u00d6rg\u00fctler Uzaktan N\u00f6rol Denetim \u00d6zel Askeri \u015eirketler<\/p>\n","protected":false},"featured_media":0,"template":"","meta":{"_monsterinsights_skip_tracking":false,"_monsterinsights_sitenote_active":false,"_monsterinsights_sitenote_note":"","_monsterinsights_sitenote_category":0},"product_brand":[],"product_cat":[12338,12337],"product_tag":[],"class_list":{"0":"post-732112","1":"product","2":"type-product","3":"status-publish","5":"product_cat-dunya-siyaseti-ve-politikasi","6":"product_cat-politika-siyaset","7":"pa_cilt-ciltsiz","8":"pa_tur-kitap","9":"pa_yayinevi-soncag-akademik-kitaplar","10":"pa_yazar-ali-nazmi-cora","12":"first","13":"instock","14":"sale","15":"shipping-taxable","16":"purchasable","17":"product-type-simple"},"_links":{"self":[{"href":"https:\/\/roveyayinevi.com.tr\/index.php\/wp-json\/wp\/v2\/product\/732112","targetHints":{"allow":["GET"]}}],"collection":[{"href":"https:\/\/roveyayinevi.com.tr\/index.php\/wp-json\/wp\/v2\/product"}],"about":[{"href":"https:\/\/roveyayinevi.com.tr\/index.php\/wp-json\/wp\/v2\/types\/product"}],"wp:attachment":[{"href":"https:\/\/roveyayinevi.com.tr\/index.php\/wp-json\/wp\/v2\/media?parent=732112"}],"wp:term":[{"taxonomy":"product_brand","embeddable":true,"href":"https:\/\/roveyayinevi.com.tr\/index.php\/wp-json\/wp\/v2\/product_brand?post=732112"},{"taxonomy":"product_cat","embeddable":true,"href":"https:\/\/roveyayinevi.com.tr\/index.php\/wp-json\/wp\/v2\/product_cat?post=732112"},{"taxonomy":"product_tag","embeddable":true,"href":"https:\/\/roveyayinevi.com.tr\/index.php\/wp-json\/wp\/v2\/product_tag?post=732112"}],"curies":[{"name":"wp","href":"https:\/\/api.w.org\/{rel}","templated":true}]}}