{"id":732111,"date":"2025-08-27T21:44:15","date_gmt":"2025-08-27T18:44:15","guid":{"rendered":"https:\/\/roveyayinevi.com.tr\/index.php\/urun\/insan-turleriyle-yakin-temas\/"},"modified":"2026-04-16T02:39:55","modified_gmt":"2026-04-15T23:39:55","slug":"insan-turleriyle-yakin-temas","status":"publish","type":"product","link":"https:\/\/roveyayinevi.com.tr\/index.php\/urun\/insan-turleriyle-yakin-temas\/","title":{"rendered":"\u0130nsan T\u00fcrleriyle Yak\u0131n Temas"},"content":{"rendered":"<p>Tarihin herhangi bir d\u00f6neminde \u201cyamyam\u201d insan topluluklar\u0131 var m\u0131yd\u0131? Teke\u015flilik ve babal\u0131k nas\u0131l do\u011fdu? \u0130nsan\u0131n alametifarikas\u0131 olan b\u00fcy\u00fck beyin ve iki ayak \u00fcst\u00fcnde y\u00fcr\u00fcme bize nelere mal oldu? Ete olan d\u00fc\u015fk\u00fcnl\u00fc\u011f\u00fcm\u00fcz nas\u0131l ortaya \u00e7\u0131kt\u0131? Farkl\u0131 b\u00f6lgelerdeki insanlar\u0131n ten renkleri neden ve nas\u0131l farkl\u0131la\u015ft\u0131? Uzun \u00f6m\u00fcrl\u00fc b\u00fcy\u00fckanneler insan toplumuna neler katt\u0131? Neandertallerle aram\u0131zda nas\u0131l bir ili\u015fki vard\u0131? Medeniyetin geli\u015fmesiyle birlikte t\u0131p ve teknolojideki ilerlemeler evrim s\u00fcrecimizi nas\u0131l etkiledi?Koreli paleoantropolog Sang-Hee Lee, okurla sohbet havas\u0131nda kaleme ald\u0131\u011f\u0131 yaz\u0131lardan olu\u015fan bu kitapta insan\u0131n evrimiyle ilgili kilit sorulara ayd\u0131nlat\u0131c\u0131 cevaplar sunuyor.\u201cBu kitaptaki yirmi iki hik\u00e2ye s\u0131n\u0131fta \u00f6\u011frencilerle girdi\u011fim diyaloglardan ve do\u011frudan veya dolayl\u0131 olarak ya\u015fad\u0131\u011f\u0131m anlardan esinlenilerek yaz\u0131ld\u0131. Hik\u00e2yeler e\u011flenceli ve ilgi \u00e7ekici oldu\u011funu umdu\u011fum bir \u015fekilde, makale format\u0131nda kaleme al\u0131nd\u0131. Bu konular\u0131 paleoantropoloji hakk\u0131nda hi\u00e7 bilgisi olmayanlar\u0131n da anlayabilecekleri \u015fekilde a\u00e7\u0131klamaya \u00e7al\u0131\u015ft\u0131m. \u0130nsanl\u0131\u011f\u0131n k\u00f6kenlerinin izini s\u00fcren bu heyecan verici yolculukta bana e\u015flik etmeye davet ediyorum sizi.\u201dYAZAR HAKKINDA: Koreli paleoantropolog Sang-Hee Lee, Seul\u2019de do\u011fdu. Seul Ulusal \u00dcniversitesi\u2019nde arkeoloji e\u011fitimi g\u00f6rd\u00fckten sonra Michigan \u00dcniversitesi\u2019nde antropoloji mast\u0131r\u0131 ve doktoras\u0131 yapt\u0131. 2001 y\u0131l\u0131nda Riverside Kaliforniya \u00dcniversitesi \u00f6\u011fretim kadrosuna kat\u0131lan Lee halen ayn\u0131 \u00fcniversitede antropoloji profes\u00f6r\u00fc olarak hizmet veriyor. \u00c7e\u015fitli bilim dergilerinde yay\u0131mlanan \u00e7ok say\u0131da makaleye imza atan Lee ara\u015ft\u0131rmalar\u0131nda cinsel dimorfizm, beyin b\u00fcy\u00fckl\u00fc\u011f\u00fcn\u00fcn evrimi, uzun \u00f6m\u00fcr ve Kuzeydo\u011fu Asya\u2019da insan evrimi gibi konulara odaklan\u0131yor. Amerikan Bilimsel Geli\u015fme Birli\u011fi ve Amerikan Ulusal Bilimler Akademisi \u00fcyesi yazar\u0131n \u0130nsan T\u00fcrleriyle Yak\u0131n Temas adl\u0131 kitab\u0131 Amerikan Antropoloji Derne\u011fi\u2019nin W.W. Howells Kitap \u00d6d\u00fcl\u00fc\u2019ne (2018) ve Emory Elliott Kitap \u00d6d\u00fcl\u00fc\u2019ne (2018) lay\u0131k g\u00f6r\u00fclm\u00fc\u015ft\u00fcr.Koreli bilim muhabiri ve yazar Shin-Young Yoon, \u00fclkesinin en prestijli bilim dergilerinden Gwa Hak Dong-A\u2019n\u0131n ba\u015f edit\u00f6r\u00fcd\u00fcr ve bir\u00e7ok \u00f6d\u00fcle lay\u0131k g\u00f6r\u00fclm\u00fc\u015ft\u00fcr.<\/p>\n","protected":false},"excerpt":{"rendered":"<p>Tarihin herhangi bir d\u00f6neminde \u201cyamyam\u201d insan topluluklar\u0131 var m\u0131yd\u0131? Teke\u015flilik ve babal\u0131k nas\u0131l do\u011fdu? \u0130nsan\u0131n alametifarikas\u0131 olan b\u00fcy\u00fck beyin ve iki ayak \u00fcst\u00fcnde y\u00fcr\u00fcme bize nelere<span class=\"excerpt-hellip\"> [\u2026]<\/span><\/p>\n","protected":false},"featured_media":0,"template":"","meta":{"_monsterinsights_skip_tracking":false,"_monsterinsights_sitenote_active":false,"_monsterinsights_sitenote_note":"","_monsterinsights_sitenote_category":0},"product_brand":[],"product_cat":[13005,15998],"product_tag":[],"class_list":{"0":"post-732111","1":"product","2":"type-product","3":"status-publish","5":"product_cat-bilim-muhendislik","6":"product_cat-bilim-tarihi","7":"pa_cilt-ciltsiz","8":"pa_tur-kitap","9":"pa_yayinevi-metis-yayinlari","10":"pa_yazar-sang-hee-lee-shin-young-yoon","12":"first","13":"instock","14":"sale","15":"shipping-taxable","16":"purchasable","17":"product-type-simple"},"_links":{"self":[{"href":"https:\/\/roveyayinevi.com.tr\/index.php\/wp-json\/wp\/v2\/product\/732111","targetHints":{"allow":["GET"]}}],"collection":[{"href":"https:\/\/roveyayinevi.com.tr\/index.php\/wp-json\/wp\/v2\/product"}],"about":[{"href":"https:\/\/roveyayinevi.com.tr\/index.php\/wp-json\/wp\/v2\/types\/product"}],"wp:attachment":[{"href":"https:\/\/roveyayinevi.com.tr\/index.php\/wp-json\/wp\/v2\/media?parent=732111"}],"wp:term":[{"taxonomy":"product_brand","embeddable":true,"href":"https:\/\/roveyayinevi.com.tr\/index.php\/wp-json\/wp\/v2\/product_brand?post=732111"},{"taxonomy":"product_cat","embeddable":true,"href":"https:\/\/roveyayinevi.com.tr\/index.php\/wp-json\/wp\/v2\/product_cat?post=732111"},{"taxonomy":"product_tag","embeddable":true,"href":"https:\/\/roveyayinevi.com.tr\/index.php\/wp-json\/wp\/v2\/product_tag?post=732111"}],"curies":[{"name":"wp","href":"https:\/\/api.w.org\/{rel}","templated":true}]}}