{"id":732109,"date":"2025-08-27T21:44:14","date_gmt":"2025-08-27T18:44:14","guid":{"rendered":"https:\/\/roveyayinevi.com.tr\/index.php\/urun\/kucuk-prens-mbappe\/"},"modified":"2026-04-16T02:39:55","modified_gmt":"2026-04-15T23:39:55","slug":"kucuk-prens-mbappe","status":"publish","type":"product","link":"https:\/\/roveyayinevi.com.tr\/index.php\/urun\/kucuk-prens-mbappe\/","title":{"rendered":"K\u00fc\u00e7\u00fck Prens Mbappe"},"content":{"rendered":"<p>\u2022 Poster Hediyeli Geli\u015fime inan\u0131yorum. Her zaman geli\u015fecek bir nokta vard\u0131r. Hem mill\u00ee tak\u0131mda, hem PSG&#8217;de bir\u00e7ok tecr\u00fcbeli oyuncuyla oynad\u0131m. \u00c7ok ileri ya\u015flarda bile kendini geli\u015ftirmeye, \u00f6\u011frenmeye \u00e7al\u0131\u015fan oyuncular g\u00f6rd\u00fcm. \u00d6\u011frenmek, yenilenme ve geli\u015fim kesinlikle bir insan\u0131n hayat\u0131n\u0131n sonuna kadar olmal\u0131. Tek hedefin ba\u015farmak, kazanmaksa geli\u015fime ve yeniliklere de a\u00e7\u0131k olmal\u0131s\u0131n. Bu hedefe g\u00f6t\u00fcren yolda t\u00fcm engelleri a\u015fmak i\u00e7in kendine inanmak, senin yolculu\u011funu kolayla\u015ft\u0131racakt\u0131r. Ben inand\u0131m ve ba\u015fard\u0131m. Sen de ba\u015faracaks\u0131n. \u0130nan, \u00e7al\u0131\u015f ve vazge\u00e7me\u2026 Kylian Mbapp\u00e9<\/p>\n","protected":false},"excerpt":{"rendered":"<p>\u2022 Poster Hediyeli Geli\u015fime inan\u0131yorum. Her zaman geli\u015fecek bir nokta vard\u0131r. Hem mill\u00ee tak\u0131mda, hem PSG&#8217;de bir\u00e7ok tecr\u00fcbeli oyuncuyla oynad\u0131m. \u00c7ok ileri ya\u015flarda bile kendini geli\u015ftirmeye,<span class=\"excerpt-hellip\"> [\u2026]<\/span><\/p>\n","protected":false},"featured_media":0,"template":"","meta":{"_monsterinsights_skip_tracking":false,"_monsterinsights_sitenote_active":false,"_monsterinsights_sitenote_note":"","_monsterinsights_sitenote_category":0},"product_brand":[],"product_cat":[15563,15564],"product_tag":[],"class_list":{"0":"post-732109","1":"product","2":"type-product","3":"status-publish","5":"product_cat-hobi","6":"product_cat-spor","7":"pa_cilt-ciltsiz","8":"pa_tur-kitap","9":"pa_yayinevi-dokuz-yayinlari","10":"pa_yazar-diego-roberto","12":"first","13":"instock","14":"sale","15":"shipping-taxable","16":"purchasable","17":"product-type-simple"},"_links":{"self":[{"href":"https:\/\/roveyayinevi.com.tr\/index.php\/wp-json\/wp\/v2\/product\/732109","targetHints":{"allow":["GET"]}}],"collection":[{"href":"https:\/\/roveyayinevi.com.tr\/index.php\/wp-json\/wp\/v2\/product"}],"about":[{"href":"https:\/\/roveyayinevi.com.tr\/index.php\/wp-json\/wp\/v2\/types\/product"}],"wp:attachment":[{"href":"https:\/\/roveyayinevi.com.tr\/index.php\/wp-json\/wp\/v2\/media?parent=732109"}],"wp:term":[{"taxonomy":"product_brand","embeddable":true,"href":"https:\/\/roveyayinevi.com.tr\/index.php\/wp-json\/wp\/v2\/product_brand?post=732109"},{"taxonomy":"product_cat","embeddable":true,"href":"https:\/\/roveyayinevi.com.tr\/index.php\/wp-json\/wp\/v2\/product_cat?post=732109"},{"taxonomy":"product_tag","embeddable":true,"href":"https:\/\/roveyayinevi.com.tr\/index.php\/wp-json\/wp\/v2\/product_tag?post=732109"}],"curies":[{"name":"wp","href":"https:\/\/api.w.org\/{rel}","templated":true}]}}