{"id":732107,"date":"2025-08-27T21:44:12","date_gmt":"2025-08-27T18:44:12","guid":{"rendered":"https:\/\/roveyayinevi.com.tr\/index.php\/urun\/kahraman-salah\/"},"modified":"2026-04-16T02:39:55","modified_gmt":"2026-04-15T23:39:55","slug":"kahraman-salah","status":"publish","type":"product","link":"https:\/\/roveyayinevi.com.tr\/index.php\/urun\/kahraman-salah\/","title":{"rendered":"Kahraman Salah"},"content":{"rendered":"<p>\u2022 Poster HediyeliBa\u015far\u0131 s\u0131rr\u0131m, iyi oldu\u011fuma inanmamd\u0131.Ben kendime inanmazsam kimseyi ba\u015far\u0131l\u0131 olaca\u011f\u0131ma inand\u0131ramazd\u0131m.Daima daha iyi olma h\u0131rs\u0131m var. Kendimle yar\u0131\u015f\u0131yorum. Daha y\u00fckse\u011fe s\u0131\u00e7ramak,topa herkesten daha \u00e7ok sert vurmak ya da herkesten daha \u00e7abukhareket etmek benim i\u00e7in hedeftir.Tek hedefin ba\u015farmak, kazanmak olmal\u0131. Bu hedefe g\u00f6t\u00fcren yolda t\u00fcm engelleri a\u015fmak i\u00e7in kendine inanmak, senin yolculu\u011funu kolayla\u015ft\u0131racakt\u0131r.Sen de ba\u015faracaks\u0131n. \u0130nan, \u00e7al\u0131\u015f ve vazge\u00e7me\u2026Muhammed Salah<\/p>\n","protected":false},"excerpt":{"rendered":"<p>\u2022 Poster HediyeliBa\u015far\u0131 s\u0131rr\u0131m, iyi oldu\u011fuma inanmamd\u0131.Ben kendime inanmazsam kimseyi ba\u015far\u0131l\u0131 olaca\u011f\u0131ma inand\u0131ramazd\u0131m.Daima daha iyi olma h\u0131rs\u0131m var. Kendimle yar\u0131\u015f\u0131yorum. Daha y\u00fckse\u011fe s\u0131\u00e7ramak,topa herkesten daha \u00e7ok<span class=\"excerpt-hellip\"> [\u2026]<\/span><\/p>\n","protected":false},"featured_media":0,"template":"","meta":{"_monsterinsights_skip_tracking":false,"_monsterinsights_sitenote_active":false,"_monsterinsights_sitenote_note":"","_monsterinsights_sitenote_category":0},"product_brand":[],"product_cat":[15563,15564],"product_tag":[],"class_list":{"0":"post-732107","1":"product","2":"type-product","3":"status-publish","5":"product_cat-hobi","6":"product_cat-spor","7":"pa_cilt-ciltsiz","8":"pa_tur-kitap","9":"pa_yayinevi-dokuz-yayinlari","10":"pa_yazar-diego-roberto","12":"first","13":"instock","14":"sale","15":"shipping-taxable","16":"purchasable","17":"product-type-simple"},"_links":{"self":[{"href":"https:\/\/roveyayinevi.com.tr\/index.php\/wp-json\/wp\/v2\/product\/732107","targetHints":{"allow":["GET"]}}],"collection":[{"href":"https:\/\/roveyayinevi.com.tr\/index.php\/wp-json\/wp\/v2\/product"}],"about":[{"href":"https:\/\/roveyayinevi.com.tr\/index.php\/wp-json\/wp\/v2\/types\/product"}],"wp:attachment":[{"href":"https:\/\/roveyayinevi.com.tr\/index.php\/wp-json\/wp\/v2\/media?parent=732107"}],"wp:term":[{"taxonomy":"product_brand","embeddable":true,"href":"https:\/\/roveyayinevi.com.tr\/index.php\/wp-json\/wp\/v2\/product_brand?post=732107"},{"taxonomy":"product_cat","embeddable":true,"href":"https:\/\/roveyayinevi.com.tr\/index.php\/wp-json\/wp\/v2\/product_cat?post=732107"},{"taxonomy":"product_tag","embeddable":true,"href":"https:\/\/roveyayinevi.com.tr\/index.php\/wp-json\/wp\/v2\/product_tag?post=732107"}],"curies":[{"name":"wp","href":"https:\/\/api.w.org\/{rel}","templated":true}]}}