{"id":732106,"date":"2025-08-27T21:44:11","date_gmt":"2025-08-27T18:44:11","guid":{"rendered":"https:\/\/roveyayinevi.com.tr\/index.php\/urun\/mescid-i-aksanin-metafizik-sirri\/"},"modified":"2026-04-16T02:39:55","modified_gmt":"2026-04-15T23:39:55","slug":"mescid-i-aksanin-metafizik-sirri","status":"publish","type":"product","link":"https:\/\/roveyayinevi.com.tr\/index.php\/urun\/mescid-i-aksanin-metafizik-sirri\/","title":{"rendered":"Mescid-i Aksa\u2019n\u0131n Metafizik S\u0131rr\u0131"},"content":{"rendered":"<p>Dijital \u0130\u015fgal: As\u0131l Hedef Muallak Kayas\u0131Kud\u00fcs z\u0131tlar\u0131n uyumluluk arz etti\u011fi ilah\u00ee bir mek\u00e2nd\u0131r&#8230; \u2018\u0130lah\u00ee Nur\u2019 buradad\u0131r! Mescid-i Aks\u00e2 ise g\u00f6klerin ve yerin bulu\u015fma noktas\u0131d\u0131r&#8230; Peygamber Efendimizin miraca neden \u2018Muallak Kayas\u0131\u2019 \u00fczerinden y\u00fckseldi\u011fi bilinmeden&#8230; Bug\u00fcn ya\u015fad\u0131klar\u0131m\u0131z\u0131n pek \u00e7o\u011fu anla\u015f\u0131lamaz&#8230; Ve \u0130stanbul\u2019da namaza durdu\u011fumuzda iki k\u0131blemize birden secde ederiz&#8230; Mescid-i Haram ve Mescid-i Aks\u00e2! Ayn\u0131 y\u00f6ndedirler&#8230; Al\u0131nlar\u0131m\u0131zda birbirlerine temas ederler&#8230; Hacer\u00fc\u2019l-esved ve Muallak Kayas\u0131! Bunun i\u00e7indir ki ey insanlar! Kud\u00fcs d\u00fc\u015ferse \u0130stanbul da d\u00fc\u015fer&#8230; Ve s\u0131ra Mekke\u2019ye gelir!Tap\u0131nak\u00e7\u0131lar\u0131n hedefi 2022\u2019ye kadar Muallak Kayas\u0131\u2019n\u0131n \u00fczerine Tap\u0131nak\u2019\u0131 in\u015fa etmek, \u0130srail Devleti\u2019ni y\u0131k\u0131p yerine \u2018B\u00fcy\u00fck \u0130srail\u2019i kurmakt\u0131r! Tap\u0131nak onlar i\u00e7in \u2018Modern Babil\u2019dir&#8230; \u2018B\u00fcy\u00fck \u015eirk\u2019 Tap\u0131na\u011f\u0131d\u0131r! Arz-\u0131 Mev\u2019ud hayallerinin son noktas\u0131d\u0131r! Ve bilin ki bu karanl\u0131k plan\u0131n sahipleriyle, Gazze\u2019yi bombalayanlarla, d\u00fcnyaya laboratuvar vir\u00fcs\u00fcn\u00fc yayan \u015firk-etlerin hedefi ayn\u0131d\u0131r! Great Reset yani B\u00fcy\u00fck S\u0131f\u0131rlama\u2019d\u0131r!\u0130nsanlar\u0131 her an mutasyon ge\u00e7iren vir\u00fcslerle korkutmak, evlere hapsetmek, ekranlara ba\u011flamakt\u0131r\u2026 \u00d6zellikle ya\u015fl\u0131lar\u0131 ve \u00e7ocuklar\u0131 tamam\u0131yla hayattan koparmakt\u0131r&#8230; Korku pandemisini yaymak, s\u00fcrekli tedirginlik yaratmakt\u0131r&#8230; Onlar, Dijital Teknolojilerinin h\u0131z\u0131na ve \u2018Yapay Zek\u00e2\u2019lar\u0131na fazlaca g\u00fcvenirler. \u0130sterler ki \u2018e\u015fref-i mahl\u00fbkat\u2019 vasf\u0131 s\u0131f\u0131rlans\u0131n ve insanlar DijitalD\u00fcnyaDevletiYurtta\u015f\u0131 olsun! Sokaklar, meydanlar bo\u015fals\u0131n, herkes eve hapsolsun, kimsenin ses \u00e7\u0131kartacak hali kalmas\u0131n, direni\u015f k\u0131r\u0131ls\u0131n\u2026 Ve f\u00fczeler masumlar\u0131n \u00fczerine at\u0131ls\u0131n! T\u00fcm \u00e7ocuklar \u00f6ld\u00fcr\u00fcls\u00fcn! Y\u0131llard\u0131r Ahit Sand\u0131\u011f\u0131 bahanesiyle alt\u0131 kaz\u0131lan Mescid-i Aks\u00e2, yerle\u015ftirilen sens\u00f6rlere g\u00f6nderilecek siber bir tetikleme ile y\u0131k\u0131ls\u0131n! Oldu\u011fu yere \u00e7\u00f6ks\u00fcn, kendili\u011finden y\u0131k\u0131ld\u0131 densin!Evet, tam da bu tehlikelere dikkat \u00e7ekmek i\u00e7in yazd\u0131k bu kitab\u0131&#8230; Bilginin Tevhidi i\u00e7in&#8230; B\u00fcy\u00fck resmi tamamlayabilmeniz i\u00e7in!.. Kud\u00fcs\u2019\u00fcn, Mescid-i Aks\u00e2\u2019n\u0131n&#8230; \u2018Muallak Kayas\u0131\u2019n\u0131n metafizik s\u0131rlar\u0131na, konuyla ilgili t\u00fcm kozmik bilgilere vak\u0131f olabilmeniz i\u00e7in&#8230; Ve umudu, direni\u015fi diri tutmak i\u00e7in\u2026 \u015eirk-etler ne yaparlarsa yaps\u0131nlar, Rabbimizin nurunu tamamlayaca\u011f\u0131ndan emin olman\u0131z i\u00e7in&#8230; Kalplerinizde o Muallak Kayas\u0131\u2019ndan bir par\u00e7a ta\u015f\u0131d\u0131\u011f\u0131n\u0131z\u0131 hat\u0131rlatmak i\u00e7in\u2026Tam da \u015fu zamanda! Kalbinizin muallak kayas\u0131n\u0131n \u00fczerinde kendi mirac\u0131n\u0131z\u0131 ba\u015flatman\u0131z i\u00e7in!<\/p>\n","protected":false},"excerpt":{"rendered":"<p>Dijital \u0130\u015fgal: As\u0131l Hedef Muallak Kayas\u0131Kud\u00fcs z\u0131tlar\u0131n uyumluluk arz etti\u011fi ilah\u00ee bir mek\u00e2nd\u0131r&#8230; \u2018\u0130lah\u00ee Nur\u2019 buradad\u0131r! Mescid-i Aks\u00e2 ise g\u00f6klerin ve yerin bulu\u015fma noktas\u0131d\u0131r&#8230; Peygamber Efendimizin<span class=\"excerpt-hellip\"> [\u2026]<\/span><\/p>\n","protected":false},"featured_media":0,"template":"","meta":{"_monsterinsights_skip_tracking":false,"_monsterinsights_sitenote_active":false,"_monsterinsights_sitenote_note":"","_monsterinsights_sitenote_category":0},"product_brand":[],"product_cat":[12718,12719,12720],"product_tag":[],"class_list":{"0":"post-732106","1":"product","2":"type-product","3":"status-publish","5":"product_cat-din","6":"product_cat-islam","7":"product_cat-tasavvuf-mezhepler-tarikatlar","8":"pa_cilt-ciltsiz","9":"pa_tur-kitap","10":"pa_yayinevi-hayykitap","11":"pa_yazar-hayati-sir","13":"first","14":"instock","15":"sale","16":"shipping-taxable","17":"purchasable","18":"product-type-simple"},"_links":{"self":[{"href":"https:\/\/roveyayinevi.com.tr\/index.php\/wp-json\/wp\/v2\/product\/732106","targetHints":{"allow":["GET"]}}],"collection":[{"href":"https:\/\/roveyayinevi.com.tr\/index.php\/wp-json\/wp\/v2\/product"}],"about":[{"href":"https:\/\/roveyayinevi.com.tr\/index.php\/wp-json\/wp\/v2\/types\/product"}],"wp:attachment":[{"href":"https:\/\/roveyayinevi.com.tr\/index.php\/wp-json\/wp\/v2\/media?parent=732106"}],"wp:term":[{"taxonomy":"product_brand","embeddable":true,"href":"https:\/\/roveyayinevi.com.tr\/index.php\/wp-json\/wp\/v2\/product_brand?post=732106"},{"taxonomy":"product_cat","embeddable":true,"href":"https:\/\/roveyayinevi.com.tr\/index.php\/wp-json\/wp\/v2\/product_cat?post=732106"},{"taxonomy":"product_tag","embeddable":true,"href":"https:\/\/roveyayinevi.com.tr\/index.php\/wp-json\/wp\/v2\/product_tag?post=732106"}],"curies":[{"name":"wp","href":"https:\/\/api.w.org\/{rel}","templated":true}]}}