{"id":732101,"date":"2025-08-27T21:44:08","date_gmt":"2025-08-27T18:44:08","guid":{"rendered":"https:\/\/roveyayinevi.com.tr\/index.php\/urun\/kukla-gosterisi-ugurbocegi-sevecen-ile-salyangoz-tomurcuk-35\/"},"modified":"2026-04-16T02:39:55","modified_gmt":"2026-04-15T23:39:55","slug":"kukla-gosterisi-ugurbocegi-sevecen-ile-salyangoz-tomurcuk-35","status":"publish","type":"product","link":"https:\/\/roveyayinevi.com.tr\/index.php\/urun\/kukla-gosterisi-ugurbocegi-sevecen-ile-salyangoz-tomurcuk-35\/","title":{"rendered":"Kukla G\u00f6sterisi U\u011furb\u00f6ce\u011fi Sevecen ile Salyangoz Tomurcuk 35"},"content":{"rendered":"<p>Patatesb\u00f6ce\u011fi Domdom su\u00e7i\u00e7e\u011fi olmu\u015f. Herkesin heyecanla bekledi\u011fi kukla g\u00f6sterisine gidemeyecek! Neyse ki harika arkada\u015flar\u0131 var. Sevecen, Tomurcuk ve Peri Domdom\u2019a m\u00fcthi\u015f bir s\u00fcrpriz haz\u0131rlad\u0131! <\/p>\n","protected":false},"excerpt":{"rendered":"<p>Patatesb\u00f6ce\u011fi Domdom su\u00e7i\u00e7e\u011fi olmu\u015f. Herkesin heyecanla bekledi\u011fi kukla g\u00f6sterisine gidemeyecek! Neyse ki harika arkada\u015flar\u0131 var. Sevecen, Tomurcuk ve Peri Domdom\u2019a m\u00fcthi\u015f bir s\u00fcrpriz haz\u0131rlad\u0131!<\/p>\n","protected":false},"featured_media":0,"template":"","meta":{"_monsterinsights_skip_tracking":false,"_monsterinsights_sitenote_active":false,"_monsterinsights_sitenote_note":"","_monsterinsights_sitenote_category":0},"product_brand":[],"product_cat":[12275,12274],"product_tag":[],"class_list":{"0":"post-732101","1":"product","2":"type-product","3":"status-publish","5":"product_cat-6-12-yas-kitaplari","6":"product_cat-cocuk-ve-genclik-kitaplari","7":"pa_cilt-ciltsiz","8":"pa_tur-kitap","9":"pa_yayinevi-yapi-kredi-yayinlari","10":"pa_yazar-erika-bartos","12":"first","13":"instock","14":"sale","15":"shipping-taxable","16":"purchasable","17":"product-type-simple"},"_links":{"self":[{"href":"https:\/\/roveyayinevi.com.tr\/index.php\/wp-json\/wp\/v2\/product\/732101","targetHints":{"allow":["GET"]}}],"collection":[{"href":"https:\/\/roveyayinevi.com.tr\/index.php\/wp-json\/wp\/v2\/product"}],"about":[{"href":"https:\/\/roveyayinevi.com.tr\/index.php\/wp-json\/wp\/v2\/types\/product"}],"wp:attachment":[{"href":"https:\/\/roveyayinevi.com.tr\/index.php\/wp-json\/wp\/v2\/media?parent=732101"}],"wp:term":[{"taxonomy":"product_brand","embeddable":true,"href":"https:\/\/roveyayinevi.com.tr\/index.php\/wp-json\/wp\/v2\/product_brand?post=732101"},{"taxonomy":"product_cat","embeddable":true,"href":"https:\/\/roveyayinevi.com.tr\/index.php\/wp-json\/wp\/v2\/product_cat?post=732101"},{"taxonomy":"product_tag","embeddable":true,"href":"https:\/\/roveyayinevi.com.tr\/index.php\/wp-json\/wp\/v2\/product_tag?post=732101"}],"curies":[{"name":"wp","href":"https:\/\/api.w.org\/{rel}","templated":true}]}}