{"id":732100,"date":"2025-08-27T21:44:07","date_gmt":"2025-08-27T18:44:07","guid":{"rendered":"https:\/\/roveyayinevi.com.tr\/index.php\/urun\/ayasan-kem-gozler-cagi\/"},"modified":"2026-04-16T02:39:55","modified_gmt":"2026-04-15T23:39:55","slug":"ayasan-kem-gozler-cagi","status":"publish","type":"product","link":"https:\/\/roveyayinevi.com.tr\/index.php\/urun\/ayasan-kem-gozler-cagi\/","title":{"rendered":"Aya\u015fan \u2013 Kem G\u00f6zler \u00c7a\u011f\u0131"},"content":{"rendered":"<p>Aya\u015fan-Kem G\u00f6zler \u00c7a\u011f\u0131, usta yazar G\u00fcrsel Korat\u2019\u0131n Kunday-G\u00f6lgeler \u00c7a\u011f\u0131 kitab\u0131n\u0131n devam\u0131 niteli\u011finde. Arka planda Mo\u011fol istilalar\u0131 alt\u0131nda inim inim inleyen bir y\u0131k\u0131m\u0131n e\u015fi\u011findeki Anadolu\u2019da Ak \u015eamanlar ile Kara \u015eamanlar\u0131n m\u00fccadelelerini anlatan bu s\u00fcr\u00fckleyici kitap, asl\u0131nda zamanlar \u00fcst\u00fc de\u011ferlere odaklan\u0131yor: \u0130yilik, do\u011fruluk, do\u011fa ve bilim sevgisi, insanl\u0131\u011f\u0131n gelece\u011fine duyulan kayg\u0131 ve a\u015fk. Kunday ile Aya\u015fan\u2019\u0131n a\u015fk\u0131yla G\u00fcrsel Korat gen\u00e7lerin hem d\u00fc\u015f\u00fcncelerine hem de kalplerine dokunurken, bir \u00f6zg\u00fcrle\u015fme ve b\u00fcy\u00fcme hik\u00e2yesi anlat\u0131yor. Aya\u015fan-Kem G\u00f6zler \u00c7a\u011f\u0131\u2019na Aysu Ko\u00e7ak\u2019\u0131n resimleri e\u015flik ediyor.   TADIMLIK H\u0131z\u0131r sesini y\u00fckseltti: \u201cBilimi sevmiyor, d\u00fc\u015f\u00fcnceden nefret ediyorsunuz. Her \u015feyi kendi \u00e7\u0131kar\u0131n\u0131z i\u00e7in d\u00fc\u015f\u00fcnemezsiniz. Sizin gelece\u011fi g\u00f6rme g\u00fcc\u00fcn\u00fcz\u00fc bir zamanlar bunun i\u00e7in yasaklad\u0131k.\u201d Nazar s\u0131r\u0131tt\u0131: \u201cBen gelece\u011fi g\u00f6r\u00fcyorum zaten. Art\u0131k bu yasa\u011f\u0131 kald\u0131rman\u0131z i\u00e7in u\u011fra\u015facak de\u011filim.\u201d Sonra d\u00f6nd\u00fc ve o\u011fluna seslendi: \u201c\u00c7\u0131tak duydun mu, bilimi sevmem gerekiyormu\u015f! At g\u00f6lgeli H\u0131z\u0131r\u2019la, bal ar\u0131s\u0131 g\u00f6lgeli mimar \u0130mhotep bir t\u00fcrbede oturup bilim konu\u015facaklar, biz de bunu sevece\u011fiz, \u00f6yle mi?\u201d H\u0131z\u0131r \u015fa\u015f\u0131rd\u0131: \u201cBunu nereden biliyorsun?\u201d Nazar kahkaha att\u0131: \u201cGelece\u011fi g\u00f6r\u00fcyorum dedim, inanmad\u0131n. Ge\u00e7mi\u015fi g\u00f6r\u00fcyorum dersem yine inanmazs\u0131n.\u201d Yalan s\u00f6yl\u00fcyordu ama inand\u0131r\u0131c\u0131yd\u0131 Nazar. H\u0131z\u0131r\u2019\u0131n y\u00fcre\u011fi darald\u0131, korkun\u00e7 bir \u015feydi bu. Nazar bilinmeyen g\u00fc\u00e7ler elde etmi\u015f g\u00f6r\u00fcn\u00fcyordu ve durdurulmas\u0131 olanaks\u0131zd\u0131. Son bir gayretle \u201cAk \u015eamanlar\u0131 yok etti\u011finiz anda, insanlar\u0131n hi\u00e7 g\u00f6lgesi kalmayacak. Biz k\u00f6t\u00fcl\u00fck yapmay\u0131 bilmeyenleriz. Bizi yok etmek i\u00e7in hi\u00e7bir hakl\u0131 gerek\u00e7eniz yok.\u201d \u201cVar, bizi engellediniz.\u201d \u201cSizin k\u00f6t\u00fcl\u00fck yapman\u0131z\u0131 engelledik.\u201d <\/p>\n","protected":false},"excerpt":{"rendered":"<p>Aya\u015fan-Kem G\u00f6zler \u00c7a\u011f\u0131, usta yazar G\u00fcrsel Korat\u2019\u0131n Kunday-G\u00f6lgeler \u00c7a\u011f\u0131 kitab\u0131n\u0131n devam\u0131 niteli\u011finde. Arka planda Mo\u011fol istilalar\u0131 alt\u0131nda inim inim inleyen bir y\u0131k\u0131m\u0131n e\u015fi\u011findeki Anadolu\u2019da Ak \u015eamanlar<span class=\"excerpt-hellip\"> [\u2026]<\/span><\/p>\n","protected":false},"featured_media":0,"template":"","meta":{"_monsterinsights_skip_tracking":false,"_monsterinsights_sitenote_active":false,"_monsterinsights_sitenote_note":"","_monsterinsights_sitenote_category":0},"product_brand":[],"product_cat":[12275,12274],"product_tag":[],"class_list":{"0":"post-732100","1":"product","2":"type-product","3":"status-publish","5":"product_cat-6-12-yas-kitaplari","6":"product_cat-cocuk-ve-genclik-kitaplari","7":"pa_cilt-ciltsiz","8":"pa_tur-kitap","9":"pa_yayinevi-yapi-kredi-yayinlari","10":"pa_yazar-gursel-korat","12":"first","13":"instock","14":"sale","15":"shipping-taxable","16":"purchasable","17":"product-type-simple"},"_links":{"self":[{"href":"https:\/\/roveyayinevi.com.tr\/index.php\/wp-json\/wp\/v2\/product\/732100","targetHints":{"allow":["GET"]}}],"collection":[{"href":"https:\/\/roveyayinevi.com.tr\/index.php\/wp-json\/wp\/v2\/product"}],"about":[{"href":"https:\/\/roveyayinevi.com.tr\/index.php\/wp-json\/wp\/v2\/types\/product"}],"wp:attachment":[{"href":"https:\/\/roveyayinevi.com.tr\/index.php\/wp-json\/wp\/v2\/media?parent=732100"}],"wp:term":[{"taxonomy":"product_brand","embeddable":true,"href":"https:\/\/roveyayinevi.com.tr\/index.php\/wp-json\/wp\/v2\/product_brand?post=732100"},{"taxonomy":"product_cat","embeddable":true,"href":"https:\/\/roveyayinevi.com.tr\/index.php\/wp-json\/wp\/v2\/product_cat?post=732100"},{"taxonomy":"product_tag","embeddable":true,"href":"https:\/\/roveyayinevi.com.tr\/index.php\/wp-json\/wp\/v2\/product_tag?post=732100"}],"curies":[{"name":"wp","href":"https:\/\/api.w.org\/{rel}","templated":true}]}}