{"id":732099,"date":"2025-08-27T21:44:06","date_gmt":"2025-08-27T18:44:06","guid":{"rendered":"https:\/\/roveyayinevi.com.tr\/index.php\/urun\/gunaydin-deme-sanati\/"},"modified":"2026-04-16T02:39:55","modified_gmt":"2026-04-15T23:39:55","slug":"gunaydin-deme-sanati","status":"publish","type":"product","link":"https:\/\/roveyayinevi.com.tr\/index.php\/urun\/gunaydin-deme-sanati\/","title":{"rendered":"G\u00fcnayd\u0131n Deme Sanat\u0131"},"content":{"rendered":"<p>G\u00fcnayd\u0131n\u2019\u0131 yaln\u0131zca bir s\u00f6zc\u00fck sanmay\u0131n! Sabah\u0131n \u0131\u015f\u0131\u011f\u0131yla y\u0131kanm\u0131\u015f bir dil p\u0131r\u0131lt\u0131s\u0131d\u0131r o. Sekiz harfli bir anahtard\u0131r, yaln\u0131zl\u0131\u011f\u0131n \u00e7\u0131k\u0131\u015f kap\u0131s\u0131n\u0131 aralar. G\u00fcnayd\u0131n diyen, yaln\u0131z b\u0131rakmay\u0131 ve b\u0131rak\u0131lmay\u0131 reddetmi\u015f demektir. G\u00f6n\u00fcl \u00e7elendir g\u00fcnayd\u0131n, buzk\u0131ran gemisidir. A\u011fz\u0131m\u0131z\u0131n i\u00e7indeki deniz feneridir. \u00d6ylesine g\u00fczeldir, \u201cBu sabah \u0131\u015f\u0131\u011f\u0131n elinden birlikte tutal\u0131m m\u0131?\u201d c\u00fcmlesinin k\u0131salt\u0131lm\u0131\u015f\u0131d\u0131r. G\u00fcnayd\u0131n, karde\u015fidir merhaba\u2019n\u0131n. Kolay gelsin\u2019in, te\u015fekk\u00fcr ederim\u2019in yak\u0131n\u0131d\u0131r. \u0130yi geceler\u2019i soracak olursan\u0131z, o da g\u00fcnayd\u0131n\u2019\u0131n pijama giymi\u015f halidir! Akg\u00fcn Akova bu paha bi\u00e7ilmez s\u00f6zc\u00fc\u011f\u00fc s\u00f6ylemeyi bir sanata d\u00f6n\u00fc\u015ft\u00fcr\u00fcyor. \u00c7ekti\u011fi foto\u011fraflar\u0131n e\u015fli\u011finde hem g\u00f6z\u00fcn\u00fcze hem de g\u00f6nl\u00fcn\u00fcze g\u00fcnayd\u0131n diyerek. G\u00fcnayd\u0131n Deme Sanat\u0131 bir \u00e7ift kanat sesiyle size s\u00f6ylenen benzersiz bir g\u00fcn do\u011fumu kitab\u0131. <\/p>\n","protected":false},"excerpt":{"rendered":"<p>G\u00fcnayd\u0131n\u2019\u0131 yaln\u0131zca bir s\u00f6zc\u00fck sanmay\u0131n! Sabah\u0131n \u0131\u015f\u0131\u011f\u0131yla y\u0131kanm\u0131\u015f bir dil p\u0131r\u0131lt\u0131s\u0131d\u0131r o. Sekiz harfli bir anahtard\u0131r, yaln\u0131zl\u0131\u011f\u0131n \u00e7\u0131k\u0131\u015f kap\u0131s\u0131n\u0131 aralar. G\u00fcnayd\u0131n diyen, yaln\u0131z b\u0131rakmay\u0131 ve b\u0131rak\u0131lmay\u0131<span class=\"excerpt-hellip\"> [\u2026]<\/span><\/p>\n","protected":false},"featured_media":0,"template":"","meta":{"_monsterinsights_skip_tracking":false,"_monsterinsights_sitenote_active":false,"_monsterinsights_sitenote_note":"","_monsterinsights_sitenote_category":0},"product_brand":[],"product_cat":[12777,12291],"product_tag":[],"class_list":{"0":"post-732099","1":"product","2":"type-product","3":"status-publish","5":"product_cat-deneme","6":"product_cat-edebiyat","7":"pa_cilt-ciltsiz","8":"pa_tur-kitap","9":"pa_yayinevi-kara-karga-yayinlari","10":"pa_yazar-akgun-akova","12":"first","13":"instock","14":"sale","15":"shipping-taxable","16":"purchasable","17":"product-type-simple"},"_links":{"self":[{"href":"https:\/\/roveyayinevi.com.tr\/index.php\/wp-json\/wp\/v2\/product\/732099","targetHints":{"allow":["GET"]}}],"collection":[{"href":"https:\/\/roveyayinevi.com.tr\/index.php\/wp-json\/wp\/v2\/product"}],"about":[{"href":"https:\/\/roveyayinevi.com.tr\/index.php\/wp-json\/wp\/v2\/types\/product"}],"wp:attachment":[{"href":"https:\/\/roveyayinevi.com.tr\/index.php\/wp-json\/wp\/v2\/media?parent=732099"}],"wp:term":[{"taxonomy":"product_brand","embeddable":true,"href":"https:\/\/roveyayinevi.com.tr\/index.php\/wp-json\/wp\/v2\/product_brand?post=732099"},{"taxonomy":"product_cat","embeddable":true,"href":"https:\/\/roveyayinevi.com.tr\/index.php\/wp-json\/wp\/v2\/product_cat?post=732099"},{"taxonomy":"product_tag","embeddable":true,"href":"https:\/\/roveyayinevi.com.tr\/index.php\/wp-json\/wp\/v2\/product_tag?post=732099"}],"curies":[{"name":"wp","href":"https:\/\/api.w.org\/{rel}","templated":true}]}}