{"id":732098,"date":"2025-08-27T21:44:04","date_gmt":"2025-08-27T18:44:04","guid":{"rendered":"https:\/\/roveyayinevi.com.tr\/index.php\/urun\/mehmetin-babasi-nazim\/"},"modified":"2026-04-16T02:39:55","modified_gmt":"2026-04-15T23:39:55","slug":"mehmetin-babasi-nazim","status":"publish","type":"product","link":"https:\/\/roveyayinevi.com.tr\/index.php\/urun\/mehmetin-babasi-nazim\/","title":{"rendered":"Mehmet\u2019in Babas\u0131 Naz\u0131m"},"content":{"rendered":"<p>Mehmet\u2019in Babas\u0131 N\u00e2z\u0131m, bir ilk kitap. Hem N\u00e2z\u0131m Hikmet\u2019in hayat\u0131n\u0131 her ya\u015ftan ki\u015finin okuyabilece\u011fi hem de o\u011flu Mehmet\u2019le ayn\u0131 sayfalarda bulu\u015ftu\u011fu bir ilk kitap. G\u00fcnd\u00fcz Vassaf\u2019\u0131n \u015fiirsel dili ve M.K. Perker\u2019in \u00e7izimlerinin bulu\u015ftu\u011fu bu kitapla sizleri baba N\u00e2z\u0131m ve o\u011ful Memo\u2019nun \u00e7ocukluklar\u0131yla tan\u0131\u015f\u0131p anne M\u00fcnevver\u2019i de yan\u0131m\u0131za al\u0131p her ya\u015ftan okuyucuyu birle\u015ftirecek ortak bir okumaya davet ediyoruz. Bu kitaptaki \u015fiirler ve \u00e7izimlerle N\u00e2z\u0131m\u2019\u0131n hayat\u0131na bir yolculu\u011fa \u00e7\u0131kacak, o\u011flu ressam Mehmet\u2019in hik\u00e2yesini ilk kez okuyacak, Mehmet\u2019in babas\u0131 N\u00e2z\u0131m\u2019la tan\u0131\u015facaks\u0131n\u0131z. *** N\u00e2z\u0131m Hikmet,\u201cYazd\u0131klar\u0131m 30-40 dilde bas\u0131l\u0131r T\u00fcrkiyem\u2019de yasak\u201dDedi\u011finden beri.Ne mutlu T\u00fcrk\u00e7eye!Bug\u00fcn \u015fiirleri Hepimizin dilinde.O\u011flu Memo?Ressam oldu b\u00fcy\u00fcy\u00fcnce,Yolculuklara \u00e7\u0131kt\u0131Renklerin hayallerin derinli\u011finde.<\/p>\n","protected":false},"excerpt":{"rendered":"<p>Mehmet\u2019in Babas\u0131 N\u00e2z\u0131m, bir ilk kitap. Hem N\u00e2z\u0131m Hikmet\u2019in hayat\u0131n\u0131 her ya\u015ftan ki\u015finin okuyabilece\u011fi hem de o\u011flu Mehmet\u2019le ayn\u0131 sayfalarda bulu\u015ftu\u011fu bir ilk kitap. G\u00fcnd\u00fcz Vassaf\u2019\u0131n<span class=\"excerpt-hellip\"> [\u2026]<\/span><\/p>\n","protected":false},"featured_media":0,"template":"","meta":{"_monsterinsights_skip_tracking":false,"_monsterinsights_sitenote_active":false,"_monsterinsights_sitenote_note":"","_monsterinsights_sitenote_category":0},"product_brand":[],"product_cat":[12291,12509],"product_tag":[],"class_list":{"0":"post-732098","1":"product","2":"type-product","3":"status-publish","5":"product_cat-edebiyat","6":"product_cat-siir","7":"pa_cilt-ciltsiz","8":"pa_tur-kitap","9":"pa_yayinevi-kara-karga-yayinlari","10":"pa_yazar-gunduz-vassaf","12":"first","13":"instock","14":"sale","15":"shipping-taxable","16":"purchasable","17":"product-type-simple"},"_links":{"self":[{"href":"https:\/\/roveyayinevi.com.tr\/index.php\/wp-json\/wp\/v2\/product\/732098","targetHints":{"allow":["GET"]}}],"collection":[{"href":"https:\/\/roveyayinevi.com.tr\/index.php\/wp-json\/wp\/v2\/product"}],"about":[{"href":"https:\/\/roveyayinevi.com.tr\/index.php\/wp-json\/wp\/v2\/types\/product"}],"wp:attachment":[{"href":"https:\/\/roveyayinevi.com.tr\/index.php\/wp-json\/wp\/v2\/media?parent=732098"}],"wp:term":[{"taxonomy":"product_brand","embeddable":true,"href":"https:\/\/roveyayinevi.com.tr\/index.php\/wp-json\/wp\/v2\/product_brand?post=732098"},{"taxonomy":"product_cat","embeddable":true,"href":"https:\/\/roveyayinevi.com.tr\/index.php\/wp-json\/wp\/v2\/product_cat?post=732098"},{"taxonomy":"product_tag","embeddable":true,"href":"https:\/\/roveyayinevi.com.tr\/index.php\/wp-json\/wp\/v2\/product_tag?post=732098"}],"curies":[{"name":"wp","href":"https:\/\/api.w.org\/{rel}","templated":true}]}}