{"id":732097,"date":"2025-08-27T21:44:03","date_gmt":"2025-08-27T18:44:03","guid":{"rendered":"https:\/\/roveyayinevi.com.tr\/index.php\/urun\/psikanalizi-yazmak\/"},"modified":"2026-04-16T02:39:55","modified_gmt":"2026-04-15T23:39:55","slug":"psikanalizi-yazmak","status":"publish","type":"product","link":"https:\/\/roveyayinevi.com.tr\/index.php\/urun\/psikanalizi-yazmak\/","title":{"rendered":"Psikanalizi Yazmak"},"content":{"rendered":"<p>Psikanalitik yaz\u0131 her seferinde yeniden ba\u015flanan bir macerad\u0131r. Bu yolla analistler aktar\u0131m \u00fczerine kurulu, yani analitik deneyime ait bir \u015feyleri iletmek isterler. Bu \u015fekilde aktar\u0131ma kay\u0131tl\u0131 olan ve onun sayesinde ortaya \u00e7\u0131kan bir varolu\u015fun tekilli\u011fi ve \u00f6znenin yazg\u0131s\u0131, yaz\u0131l\u0131 bir s\u00f6ylem i\u00e7inde \u015fekillenebilir. Psikanalizin bir bilgi olarak iletimi b\u00fct\u00fcn \u00f6zg\u00fcll\u00fc\u011f\u00fc ve yo\u011funlu\u011fu i\u00e7inde ancak bu \u015fekilde ger\u00e7ekle\u015febilir. \u201cPsikanalizin kurumsalla\u015fmas\u0131 demek, \u00f6ncelikle psikanalizin uygulanmas\u0131 demektir\u201d diyerek psikanaliz-psikiyatri ayr\u0131m\u0131ndan etik \u00e7er\u00e7eveye, analizde anadil sorunundan cinsellik-dil ili\u015fkisine, patolojik s\u0131rlardan psikanalist formasyonuna uzanan temel konular\u0131 tart\u0131\u015fan Talat Parman, T\u00fcrkiye\u2019de psikanalizin kurumsalla\u015fmas\u0131n\u0131n ilk y\u0131llar\u0131na \u015fahitlik eden yaz\u0131lar\u0131yla tarihe kay\u0131t d\u00fc\u015fmeye devam ediyor. <\/p>\n","protected":false},"excerpt":{"rendered":"<p>Psikanalitik yaz\u0131 her seferinde yeniden ba\u015flanan bir macerad\u0131r. Bu yolla analistler aktar\u0131m \u00fczerine kurulu, yani analitik deneyime ait bir \u015feyleri iletmek isterler. Bu \u015fekilde aktar\u0131ma kay\u0131tl\u0131<span class=\"excerpt-hellip\"> [\u2026]<\/span><\/p>\n","protected":false},"featured_media":0,"template":"","meta":{"_monsterinsights_skip_tracking":false,"_monsterinsights_sitenote_active":false,"_monsterinsights_sitenote_note":"","_monsterinsights_sitenote_category":0},"product_brand":[],"product_cat":[12358,12357],"product_tag":[],"class_list":{"0":"post-732097","1":"product","2":"type-product","3":"status-publish","5":"product_cat-genel-psikoloji","6":"product_cat-psikoloji","7":"pa_cilt-ciltsiz","8":"pa_tur-kitap","9":"pa_yayinevi-yapi-kredi-yayinlari","10":"pa_yazar-talat-parman","12":"first","13":"instock","14":"sale","15":"shipping-taxable","16":"purchasable","17":"product-type-simple"},"_links":{"self":[{"href":"https:\/\/roveyayinevi.com.tr\/index.php\/wp-json\/wp\/v2\/product\/732097","targetHints":{"allow":["GET"]}}],"collection":[{"href":"https:\/\/roveyayinevi.com.tr\/index.php\/wp-json\/wp\/v2\/product"}],"about":[{"href":"https:\/\/roveyayinevi.com.tr\/index.php\/wp-json\/wp\/v2\/types\/product"}],"wp:attachment":[{"href":"https:\/\/roveyayinevi.com.tr\/index.php\/wp-json\/wp\/v2\/media?parent=732097"}],"wp:term":[{"taxonomy":"product_brand","embeddable":true,"href":"https:\/\/roveyayinevi.com.tr\/index.php\/wp-json\/wp\/v2\/product_brand?post=732097"},{"taxonomy":"product_cat","embeddable":true,"href":"https:\/\/roveyayinevi.com.tr\/index.php\/wp-json\/wp\/v2\/product_cat?post=732097"},{"taxonomy":"product_tag","embeddable":true,"href":"https:\/\/roveyayinevi.com.tr\/index.php\/wp-json\/wp\/v2\/product_tag?post=732097"}],"curies":[{"name":"wp","href":"https:\/\/api.w.org\/{rel}","templated":true}]}}