{"id":732096,"date":"2025-08-27T21:44:02","date_gmt":"2025-08-27T18:44:02","guid":{"rendered":"https:\/\/roveyayinevi.com.tr\/index.php\/urun\/incir-tarihi\/"},"modified":"2026-04-16T02:39:55","modified_gmt":"2026-04-15T23:39:55","slug":"incir-tarihi","status":"publish","type":"product","link":"https:\/\/roveyayinevi.com.tr\/index.php\/urun\/incir-tarihi\/","title":{"rendered":"\u0130ncir Tarihi"},"content":{"rendered":"<p>\u0130ncir Tarihi, okurunu Binbir Gece Masallar\u0131\u2019n\u0131n b\u00fcy\u00fcl\u00fc \u00e2leminde gezdiren, e\u011flenceli, k\u0131\u015fk\u0131rt\u0131c\u0131, d\u00fc\u015fsel ve d\u00fc\u015f\u00fcnsel bir yolculuk. Faruk Duman romanc\u0131l\u0131\u011f\u0131n\u0131n \u00f6nemli a\u015famas\u0131 say\u0131lan kitap, 2011\u2019de Yunus Nadi \u00d6d\u00fcl\u00fc\u2019n\u00fc alm\u0131\u015ft\u0131. \u201cG\u00f6r\u00fcp ge\u00e7irdi\u011fim olaylar\u0131 anlatmaya ba\u015flamam\u0131n tek ve ikincil nedeni, bir kere, kaza eseri de olsa kalemi elime alm\u0131\u015f olmamd\u0131r. Bahanem yok; kendimi, ya\u015fad\u0131\u011f\u0131m \u015feylerle tan\u0131d\u0131\u011f\u0131m ki\u015filerin, hayvanlar\u0131n, bitkilerin, gezip g\u00f6rd\u00fc\u011f\u00fcm yerlerin, serin duvarlar aras\u0131na saklanm\u0131\u015f i\u00e7 a\u00e7\u0131c\u0131 odalar\u0131n, birbirinden g\u00fczel kad\u0131nlarla bunlar\u0131n ola\u011fan\u00fcst\u00fc memeleriyle kal\u00e7alar\u0131n\u0131n, Allah\u2019\u0131n belas\u0131 bir han\u00e7erin, bu han\u00e7er taraf\u0131ndan kesilerek \u00f6ks\u00fcz b\u0131rak\u0131lm\u0131\u015f kolumun, bu kesik avucumda aylarca saklamay\u0131 ba\u015farabildi\u011fim y\u00fcz\u00fc\u011f\u00fcn, leyleklerin, tilkilerin, fillerin, kaplanlar\u0131n ve bu kaplanlarla kutsal aslanlar \u00fczerinde seyahat eden ba\u015fka seyyahlar\u0131n, kitaplar\u0131n, bu kitaplar\u0131 okuyarak deliren acayip dervi\u015flerin ve b\u00fct\u00fcn bunlar\u0131 oturup yazmaya \u00e7al\u0131\u015fan Zeyrek adl\u0131 bir ki\u015finin bahanesi say\u0131yorum.\u201d <\/p>\n","protected":false},"excerpt":{"rendered":"<p>\u0130ncir Tarihi, okurunu Binbir Gece Masallar\u0131\u2019n\u0131n b\u00fcy\u00fcl\u00fc \u00e2leminde gezdiren, e\u011flenceli, k\u0131\u015fk\u0131rt\u0131c\u0131, d\u00fc\u015fsel ve d\u00fc\u015f\u00fcnsel bir yolculuk. Faruk Duman romanc\u0131l\u0131\u011f\u0131n\u0131n \u00f6nemli a\u015famas\u0131 say\u0131lan kitap, 2011\u2019de Yunus Nadi<span class=\"excerpt-hellip\"> [\u2026]<\/span><\/p>\n","protected":false},"featured_media":0,"template":"","meta":{"_monsterinsights_skip_tracking":false,"_monsterinsights_sitenote_active":false,"_monsterinsights_sitenote_note":"","_monsterinsights_sitenote_category":0},"product_brand":[],"product_cat":[12291,12711],"product_tag":[],"class_list":{"0":"post-732096","1":"product","2":"type-product","3":"status-publish","5":"product_cat-edebiyat","6":"product_cat-roman-oyku","7":"pa_cilt-ciltsiz","8":"pa_tur-kitap","9":"pa_yayinevi-yapi-kredi-yayinlari","10":"pa_yazar-faruk-duman","12":"first","13":"instock","14":"sale","15":"shipping-taxable","16":"purchasable","17":"product-type-simple"},"_links":{"self":[{"href":"https:\/\/roveyayinevi.com.tr\/index.php\/wp-json\/wp\/v2\/product\/732096","targetHints":{"allow":["GET"]}}],"collection":[{"href":"https:\/\/roveyayinevi.com.tr\/index.php\/wp-json\/wp\/v2\/product"}],"about":[{"href":"https:\/\/roveyayinevi.com.tr\/index.php\/wp-json\/wp\/v2\/types\/product"}],"wp:attachment":[{"href":"https:\/\/roveyayinevi.com.tr\/index.php\/wp-json\/wp\/v2\/media?parent=732096"}],"wp:term":[{"taxonomy":"product_brand","embeddable":true,"href":"https:\/\/roveyayinevi.com.tr\/index.php\/wp-json\/wp\/v2\/product_brand?post=732096"},{"taxonomy":"product_cat","embeddable":true,"href":"https:\/\/roveyayinevi.com.tr\/index.php\/wp-json\/wp\/v2\/product_cat?post=732096"},{"taxonomy":"product_tag","embeddable":true,"href":"https:\/\/roveyayinevi.com.tr\/index.php\/wp-json\/wp\/v2\/product_tag?post=732096"}],"curies":[{"name":"wp","href":"https:\/\/api.w.org\/{rel}","templated":true}]}}