{"id":732095,"date":"2025-08-27T21:44:01","date_gmt":"2025-08-27T18:44:01","guid":{"rendered":"https:\/\/roveyayinevi.com.tr\/index.php\/urun\/ada-5\/"},"modified":"2026-04-16T02:39:55","modified_gmt":"2026-04-15T23:39:55","slug":"ada-5","status":"publish","type":"product","link":"https:\/\/roveyayinevi.com.tr\/index.php\/urun\/ada-5\/","title":{"rendered":"Ada"},"content":{"rendered":"<p>Samih Rifat\u2019\u0131n kaleminden Ada: \u00c7ocukluk zaman\u0131n\u0131n silinmi\u015f izlerini r\u00fczg\u00e2rda, denizde, insan sesinde arayan belle\u011fin yeniden incelikle resmetti\u011fi \u015fiirsel an\u0131 fragmanlar\u0131.   \u201cBasit, s\u0131radan \u015feyler \u00fcst\u00fcne k\u0131sa metinler, k\u0131rk k\u0131rkbe\u015f y\u0131l \u00f6ncesinin olduk\u00e7a bulan\u0131k an\u0131lar\u0131. Bir t\u00fcr bellek zorlamas\u0131, bir \u00e7ocukluk zaman\u0131n\u0131 yeniden kurma, anlatma, yazma \u00e7abas\u0131&#8230; Akl\u0131mda, belle\u011fimde, beynimin y\u00fcre\u011fimin k\u0131vr\u0131mlar\u0131 aras\u0131nda kald\u0131\u011f\u0131 kadar\u0131yla, kald\u0131\u011f\u0131 \u2013belki de yanl\u0131\u015f, bozulmu\u015f, ger\u00e7ekten \u00e7ok uzakla\u015fm\u0131\u015f\u2013 bi\u00e7imiyle. Kimin i\u00e7in? B\u00fct\u00fcn bunlar kimi ilgilendirir? Belki \u00e7ocuklu\u011funda, gen\u00e7li\u011finde benim gibi bir Ada\u2019s\u0131 olmu\u015f bir iki ki\u015fiyi, kim bilir!..\u201d (\u201cSunu\u015f\u201dtan) <\/p>\n","protected":false},"excerpt":{"rendered":"<p>Samih Rifat\u2019\u0131n kaleminden Ada: \u00c7ocukluk zaman\u0131n\u0131n silinmi\u015f izlerini r\u00fczg\u00e2rda, denizde, insan sesinde arayan belle\u011fin yeniden incelikle resmetti\u011fi \u015fiirsel an\u0131 fragmanlar\u0131. \u201cBasit, s\u0131radan \u015feyler \u00fcst\u00fcne k\u0131sa metinler,<span class=\"excerpt-hellip\"> [\u2026]<\/span><\/p>\n","protected":false},"featured_media":0,"template":"","meta":{"_monsterinsights_skip_tracking":false,"_monsterinsights_sitenote_active":false,"_monsterinsights_sitenote_note":"","_monsterinsights_sitenote_category":0},"product_brand":[],"product_cat":[13701,12291],"product_tag":[],"class_list":{"0":"post-732095","1":"product","2":"type-product","3":"status-publish","5":"product_cat-ani-mektup-gunluk","6":"product_cat-edebiyat","7":"pa_cilt-ciltsiz","8":"pa_tur-kitap","9":"pa_yayinevi-yapi-kredi-yayinlari","10":"pa_yazar-samih-rifat","12":"first","13":"instock","14":"sale","15":"shipping-taxable","16":"purchasable","17":"product-type-simple"},"_links":{"self":[{"href":"https:\/\/roveyayinevi.com.tr\/index.php\/wp-json\/wp\/v2\/product\/732095","targetHints":{"allow":["GET"]}}],"collection":[{"href":"https:\/\/roveyayinevi.com.tr\/index.php\/wp-json\/wp\/v2\/product"}],"about":[{"href":"https:\/\/roveyayinevi.com.tr\/index.php\/wp-json\/wp\/v2\/types\/product"}],"wp:attachment":[{"href":"https:\/\/roveyayinevi.com.tr\/index.php\/wp-json\/wp\/v2\/media?parent=732095"}],"wp:term":[{"taxonomy":"product_brand","embeddable":true,"href":"https:\/\/roveyayinevi.com.tr\/index.php\/wp-json\/wp\/v2\/product_brand?post=732095"},{"taxonomy":"product_cat","embeddable":true,"href":"https:\/\/roveyayinevi.com.tr\/index.php\/wp-json\/wp\/v2\/product_cat?post=732095"},{"taxonomy":"product_tag","embeddable":true,"href":"https:\/\/roveyayinevi.com.tr\/index.php\/wp-json\/wp\/v2\/product_tag?post=732095"}],"curies":[{"name":"wp","href":"https:\/\/api.w.org\/{rel}","templated":true}]}}