{"id":732094,"date":"2025-08-27T21:44:00","date_gmt":"2025-08-27T18:44:00","guid":{"rendered":"https:\/\/roveyayinevi.com.tr\/index.php\/urun\/ozdemir-asaf-butun-eserleri\/"},"modified":"2026-04-16T02:39:55","modified_gmt":"2026-04-15T23:39:55","slug":"ozdemir-asaf-butun-eserleri","status":"publish","type":"product","link":"https:\/\/roveyayinevi.com.tr\/index.php\/urun\/ozdemir-asaf-butun-eserleri\/","title":{"rendered":"\u00d6zdemir Asaf &#8211; B\u00fct\u00fcn Eserleri"},"content":{"rendered":"<p>\u00d6zdemir Asaf\u2019\u0131n B\u00fct\u00fcn Eserleri YKY Delta dizisinde \u00d6zdemir Asaf\u2019\u0131n \u015fiirlerinin topland\u0131\u011f\u0131 \u00c7i\u00e7ek Senfonisi ile Benden Sonra Mutluluk, etikalar\u0131n\u0131n, \u00f6yk\u00fclerinin ve otokopi-d  \u00d6zdemir Asaf\u2019\u0131n B\u00fct\u00fcn Eserleri YKY Delta dizisinde \u00d6zdemir Asaf\u2019\u0131n \u015fiirlerinin topland\u0131\u011f\u0131 \u00c7i\u00e7ek Senfonisi ile Benden Sonra Mutluluk, etikalar\u0131n\u0131n, \u00f6yk\u00fclerinin ve otokopi-denemelerinin topland\u0131\u011f\u0131 K\u0131r\u0131lmad\u0131k Bir \u015eey Kalmad\u0131 kitaplar\u0131ndan olu\u015fan B\u00fct\u00fcn Eserleri 1336 sayfa. Modern T\u00fcrk \u015fiirinin en \u00f6zg\u00fcn isimlerinden biri olan \u00d6zdemir Asaf, \u015fiirlerinin \u00f6z\u00fc ve sesiyle, d\u00fczyaz\u0131daki k\u0131vrakl\u0131\u011f\u0131yla, d\u00f6nemlerin ve ak\u0131mlar\u0131n \u00f6tesinde bir yazar. enemelerinin topland\u0131\u011f\u0131 K\u0131r\u0131lmad\u0131k Bir \u015eey Kalmad\u0131 kitaplar\u0131ndan olu\u015fan B\u00fct\u00fcn Eserleri 1336 sayfa. Modern T\u00fcrk \u015fiirinin en \u00f6zg\u00fcn isimlerinden biri olan \u00d6zdemir Asaf, \u015fiirlerinin \u00f6z\u00fc ve sesiyle, d\u00fczyaz\u0131daki k\u0131vrakl\u0131\u011f\u0131yla, d\u00f6nemlerin ve ak\u0131mlar\u0131n \u00f6tesinde bir yazar. <\/p>\n","protected":false},"excerpt":{"rendered":"<p>\u00d6zdemir Asaf\u2019\u0131n B\u00fct\u00fcn Eserleri YKY Delta dizisinde \u00d6zdemir Asaf\u2019\u0131n \u015fiirlerinin topland\u0131\u011f\u0131 \u00c7i\u00e7ek Senfonisi ile Benden Sonra Mutluluk, etikalar\u0131n\u0131n, \u00f6yk\u00fclerinin ve otokopi-d \u00d6zdemir Asaf\u2019\u0131n B\u00fct\u00fcn Eserleri YKY<span class=\"excerpt-hellip\"> [\u2026]<\/span><\/p>\n","protected":false},"featured_media":0,"template":"","meta":{"_monsterinsights_skip_tracking":false,"_monsterinsights_sitenote_active":false,"_monsterinsights_sitenote_note":"","_monsterinsights_sitenote_category":0},"product_brand":[],"product_cat":[12291,12509],"product_tag":[],"class_list":{"0":"post-732094","1":"product","2":"type-product","3":"status-publish","5":"product_cat-edebiyat","6":"product_cat-siir","7":"pa_cilt-ciltsiz","8":"pa_tur-kitap","9":"pa_yayinevi-yapi-kredi-yayinlari","10":"pa_yazar-ozdemir-asaf","12":"first","13":"instock","14":"sale","15":"shipping-taxable","16":"purchasable","17":"product-type-simple"},"_links":{"self":[{"href":"https:\/\/roveyayinevi.com.tr\/index.php\/wp-json\/wp\/v2\/product\/732094","targetHints":{"allow":["GET"]}}],"collection":[{"href":"https:\/\/roveyayinevi.com.tr\/index.php\/wp-json\/wp\/v2\/product"}],"about":[{"href":"https:\/\/roveyayinevi.com.tr\/index.php\/wp-json\/wp\/v2\/types\/product"}],"wp:attachment":[{"href":"https:\/\/roveyayinevi.com.tr\/index.php\/wp-json\/wp\/v2\/media?parent=732094"}],"wp:term":[{"taxonomy":"product_brand","embeddable":true,"href":"https:\/\/roveyayinevi.com.tr\/index.php\/wp-json\/wp\/v2\/product_brand?post=732094"},{"taxonomy":"product_cat","embeddable":true,"href":"https:\/\/roveyayinevi.com.tr\/index.php\/wp-json\/wp\/v2\/product_cat?post=732094"},{"taxonomy":"product_tag","embeddable":true,"href":"https:\/\/roveyayinevi.com.tr\/index.php\/wp-json\/wp\/v2\/product_tag?post=732094"}],"curies":[{"name":"wp","href":"https:\/\/api.w.org\/{rel}","templated":true}]}}