{"id":732093,"date":"2025-08-27T21:43:58","date_gmt":"2025-08-27T18:43:58","guid":{"rendered":"https:\/\/roveyayinevi.com.tr\/index.php\/urun\/kapilarin-kisinda\/"},"modified":"2026-04-16T02:39:55","modified_gmt":"2026-04-15T23:39:55","slug":"kapilarin-kisinda","status":"publish","type":"product","link":"https:\/\/roveyayinevi.com.tr\/index.php\/urun\/kapilarin-kisinda\/","title":{"rendered":"Kap\u0131lar\u0131n K\u0131\u015f\u0131nda"},"content":{"rendered":"<p>Zehra T\u0131r\u0131l\u2019\u0131n \u00f6yk\u00fcleri g\u00fcndelik hayat\u0131n ak\u0131\u015f\u0131nda ayr\u0131 d\u00fc\u015fenleri bir araya getiren izleri, sakin, a\u011f\u0131r ve g\u00fc\u00e7l\u00fc bir nefesle duyuruyor. Par\u00e7alanm\u0131\u015f benliklerde insan\u0131n hayatta kalma seyrini, okurun akl\u0131na sorular d\u00fc\u015f\u00fcrerek, i\u00e7 burkan ayr\u0131nt\u0131larla yal\u0131n, \u00e7arp\u0131c\u0131, etkileyici bir dille anlat\u0131yor. Kap\u0131lar\u0131n K\u0131\u015f\u0131nda, yazar\u0131n Odalarda Annem Yok ve Pembe Gecelikli K\u0131z\u2019dan sonra \u00fc\u00e7\u00fcnc\u00fc \u00f6yk\u00fc kitab\u0131. \u201cLeylekler ge\u00e7iyor, dedim. R\u00fczg\u00e2ra, dolunaya, da\u011flara konu\u015ftum, bir karanl\u0131k kovu\u011fa \u00e7\u00f6k\u00fcp: \u0130nsan \u015feytan, insan tanr\u0131, insan kul; korkak, ka\u00e7ak, yalanc\u0131, zay\u0131f, yaln\u0131z, \u00f6mr\u00fcn\u00fcn tanr\u0131s\u0131, s\u00fcr\u00fcngeni, fig\u00fcran\u0131; ya\u015fam adil de\u011fil. Da\u011flar bunu duyun, her \u00e7ocuk d\u00fcnyaya e\u015fit do\u011fmuyor, e\u015fit b\u00fcy\u00fcm\u00fcyor, ayn\u0131 sevmiyor. Ma\u011faraya \u00e7ekilsem akl\u0131m da ma\u011faraya \u00e7ekilir mi? A\u015fk\u0131n i\u00e7imden ge\u00e7medi\u011fi, a\u015fk\u0131n i\u00e7imden gelmedi\u011fi kavgalara kapan\u0131yorum. Gitme nedenim \u015fu diyece\u011fim bir yalan bulamam, sana. Do\u011fruyu da bulamam. Leylekler ge\u00e7iyordu, teyzemin y\u00fcz\u00fc, sesi, bana e\u011fili\u015fi&#8230; Anlatt\u0131\u011f\u0131m. Duvar, s\u0131n\u0131rlar\u0131 y\u0131rt\u0131lm\u0131\u015f, renkleri solmu\u015f harita as\u0131l\u0131.\u201d Zehra T\u0131r\u0131l\u2019\u0131n \u00f6yk\u00fcleri g\u00fcndelik hayat\u0131n ak\u0131\u015f\u0131nda ayr\u0131 d\u00fc\u015fenleri bir araya getiren izleri, sakin, a\u011f\u0131r ve g\u00fc\u00e7l\u00fc bir nefesle duyuruyor. Par\u00e7alanm\u0131\u015f benliklerde insan\u0131n hayatta kalma seyrini, okurun akl\u0131na sorular d\u00fc\u015f\u00fcrerek, i\u00e7 burkan ayr\u0131nt\u0131larla yal\u0131n, \u00e7arp\u0131c\u0131, etkileyici bir dille anlat\u0131yor. Kap\u0131lar\u0131n K\u0131\u015f\u0131nda, yazar\u0131n Odalarda Annem Yok ve Pembe Gecelikli K\u0131z\u2019dan sonra \u00fc\u00e7\u00fcnc\u00fc \u00f6yk\u00fc kitab\u0131. \u201cLeylekler ge\u00e7iyor, dedim. R\u00fczg\u00e2ra, dolunaya, da\u011flara konu\u015ftum, bir karanl\u0131k kovu\u011fa \u00e7\u00f6k\u00fcp: \u0130nsan \u015feytan, insan tanr\u0131, insan kul; korkak, ka\u00e7ak, yalanc\u0131, zay\u0131f, yaln\u0131z, \u00f6mr\u00fcn\u00fcn tanr\u0131s\u0131, s\u00fcr\u00fcngeni, fig\u00fcran\u0131; ya\u015fam adil de\u011fil. Da\u011flar bunu duyun, her \u00e7ocuk d\u00fcnyaya e\u015fit do\u011fmuyor, e\u015fit b\u00fcy\u00fcm\u00fcyor, ayn\u0131 sevmiyor. Ma\u011faraya \u00e7ekilsem akl\u0131m da ma\u011faraya \u00e7ekilir mi? A\u015fk\u0131n i\u00e7imden ge\u00e7medi\u011fi, a\u015fk\u0131n i\u00e7imden gelmedi\u011fi kavgalara kapan\u0131yorum. Gitme nedenim \u015fu diyece\u011fim bir yalan bulamam, sana. Do\u011fruyu da bulamam. Leylekler ge\u00e7iyordu, teyzemin y\u00fcz\u00fc, sesi, bana e\u011fili\u015fi&#8230; Anlatt\u0131\u011f\u0131m. Duvar, s\u0131n\u0131rlar\u0131 y\u0131rt\u0131lm\u0131\u015f, renkleri solmu\u015f harita as\u0131l\u0131.\u201d <\/p>\n","protected":false},"excerpt":{"rendered":"<p>Zehra T\u0131r\u0131l\u2019\u0131n \u00f6yk\u00fcleri g\u00fcndelik hayat\u0131n ak\u0131\u015f\u0131nda ayr\u0131 d\u00fc\u015fenleri bir araya getiren izleri, sakin, a\u011f\u0131r ve g\u00fc\u00e7l\u00fc bir nefesle duyuruyor. Par\u00e7alanm\u0131\u015f benliklerde insan\u0131n hayatta kalma seyrini, okurun<span class=\"excerpt-hellip\"> [\u2026]<\/span><\/p>\n","protected":false},"featured_media":0,"template":"","meta":{"_monsterinsights_skip_tracking":false,"_monsterinsights_sitenote_active":false,"_monsterinsights_sitenote_note":"","_monsterinsights_sitenote_category":0},"product_brand":[],"product_cat":[12291,12711],"product_tag":[],"class_list":{"0":"post-732093","1":"product","2":"type-product","3":"status-publish","5":"product_cat-edebiyat","6":"product_cat-roman-oyku","7":"pa_cilt-ciltsiz","8":"pa_tur-kitap","9":"pa_yayinevi-yapi-kredi-yayinlari","10":"pa_yazar-zehra-tiril","12":"first","13":"instock","14":"sale","15":"shipping-taxable","16":"purchasable","17":"product-type-simple"},"_links":{"self":[{"href":"https:\/\/roveyayinevi.com.tr\/index.php\/wp-json\/wp\/v2\/product\/732093","targetHints":{"allow":["GET"]}}],"collection":[{"href":"https:\/\/roveyayinevi.com.tr\/index.php\/wp-json\/wp\/v2\/product"}],"about":[{"href":"https:\/\/roveyayinevi.com.tr\/index.php\/wp-json\/wp\/v2\/types\/product"}],"wp:attachment":[{"href":"https:\/\/roveyayinevi.com.tr\/index.php\/wp-json\/wp\/v2\/media?parent=732093"}],"wp:term":[{"taxonomy":"product_brand","embeddable":true,"href":"https:\/\/roveyayinevi.com.tr\/index.php\/wp-json\/wp\/v2\/product_brand?post=732093"},{"taxonomy":"product_cat","embeddable":true,"href":"https:\/\/roveyayinevi.com.tr\/index.php\/wp-json\/wp\/v2\/product_cat?post=732093"},{"taxonomy":"product_tag","embeddable":true,"href":"https:\/\/roveyayinevi.com.tr\/index.php\/wp-json\/wp\/v2\/product_tag?post=732093"}],"curies":[{"name":"wp","href":"https:\/\/api.w.org\/{rel}","templated":true}]}}