{"id":732092,"date":"2025-08-27T21:43:57","date_gmt":"2025-08-27T18:43:57","guid":{"rendered":"https:\/\/roveyayinevi.com.tr\/index.php\/urun\/harika-bir-baslangic\/"},"modified":"2026-04-16T02:39:55","modified_gmt":"2026-04-15T23:39:55","slug":"harika-bir-baslangic","status":"publish","type":"product","link":"https:\/\/roveyayinevi.com.tr\/index.php\/urun\/harika-bir-baslangic\/","title":{"rendered":"Harika Bir Ba\u015flang\u0131\u00e7"},"content":{"rendered":"<p>Adaletsizli\u011fi bir kez fark edince hi\u00e7bir \u015fey eskisi gibi olamaz.Philip&#8217;in tek iste\u011fi yaz tatilini y\u0131llar \u00f6nce gittikleri Palmiye Kul\u00fcp&#8217;te ge\u00e7irmektir.\u00c7\u00fcnk\u00fc be\u015f y\u0131ld\u0131zl\u0131 o tatil k\u00f6y\u00fcnde yemekler s\u0131n\u0131rs\u0131z, e\u011flence de sonsuzdur. Dile\u011fi kabul olsa da i\u015fler bu kez umdu\u011fu gibi gitmez. D\u00fcnyay\u0131 alg\u0131lamaya ba\u015flayan Philip&#8217;in kafas\u0131nda onlarca soru vard\u0131r.O tatil yaparken, onunla ayn\u0131 ya\u015ftaki otel g\u00f6revlileri neden \u00e7al\u0131\u015fmak zorundad\u0131r?Annette Pehnt&#8217;ten kitlesel g\u00f6\u00e7 ve \u00e7ocuk i\u015f\u00e7ili\u011fi \u00e7a\u011f\u0131nda, dayan\u0131\u015fmay\u0131 savunan cesur bir roman.<\/p>\n","protected":false},"excerpt":{"rendered":"<p>Adaletsizli\u011fi bir kez fark edince hi\u00e7bir \u015fey eskisi gibi olamaz.Philip&#8217;in tek iste\u011fi yaz tatilini y\u0131llar \u00f6nce gittikleri Palmiye Kul\u00fcp&#8217;te ge\u00e7irmektir.\u00c7\u00fcnk\u00fc be\u015f y\u0131ld\u0131zl\u0131 o tatil k\u00f6y\u00fcnde yemekler<span class=\"excerpt-hellip\"> [\u2026]<\/span><\/p>\n","protected":false},"featured_media":0,"template":"","meta":{"_monsterinsights_skip_tracking":false,"_monsterinsights_sitenote_active":false,"_monsterinsights_sitenote_note":"","_monsterinsights_sitenote_category":0},"product_brand":[],"product_cat":[12275,12274],"product_tag":[],"class_list":{"0":"post-732092","1":"product","2":"type-product","3":"status-publish","5":"product_cat-6-12-yas-kitaplari","6":"product_cat-cocuk-ve-genclik-kitaplari","7":"pa_cilt-ciltsiz","8":"pa_tur-kitap","9":"pa_yayinevi-kirmizi-kedi-yayinevi","10":"pa_yazar-annette-pehnt","12":"first","13":"instock","14":"sale","15":"shipping-taxable","16":"purchasable","17":"product-type-simple"},"_links":{"self":[{"href":"https:\/\/roveyayinevi.com.tr\/index.php\/wp-json\/wp\/v2\/product\/732092","targetHints":{"allow":["GET"]}}],"collection":[{"href":"https:\/\/roveyayinevi.com.tr\/index.php\/wp-json\/wp\/v2\/product"}],"about":[{"href":"https:\/\/roveyayinevi.com.tr\/index.php\/wp-json\/wp\/v2\/types\/product"}],"wp:attachment":[{"href":"https:\/\/roveyayinevi.com.tr\/index.php\/wp-json\/wp\/v2\/media?parent=732092"}],"wp:term":[{"taxonomy":"product_brand","embeddable":true,"href":"https:\/\/roveyayinevi.com.tr\/index.php\/wp-json\/wp\/v2\/product_brand?post=732092"},{"taxonomy":"product_cat","embeddable":true,"href":"https:\/\/roveyayinevi.com.tr\/index.php\/wp-json\/wp\/v2\/product_cat?post=732092"},{"taxonomy":"product_tag","embeddable":true,"href":"https:\/\/roveyayinevi.com.tr\/index.php\/wp-json\/wp\/v2\/product_tag?post=732092"}],"curies":[{"name":"wp","href":"https:\/\/api.w.org\/{rel}","templated":true}]}}