{"id":732091,"date":"2025-08-27T21:43:56","date_gmt":"2025-08-27T18:43:56","guid":{"rendered":"https:\/\/roveyayinevi.com.tr\/index.php\/urun\/el-ele-ciltli\/"},"modified":"2026-04-16T02:39:55","modified_gmt":"2026-04-15T23:39:55","slug":"el-ele-ciltli","status":"publish","type":"product","link":"https:\/\/roveyayinevi.com.tr\/index.php\/urun\/el-ele-ciltli\/","title":{"rendered":"El Ele (Ciltli)"},"content":{"rendered":"<p>Hayat, \u00e7e\u015fitli duraklardan olu\u015fan uzun bir yolculuksa, bu yolu asla yaln\u0131z y\u00fcr\u00fcm\u00fcyoruz. G\u00f6zlerimizi a\u00e7t\u0131\u011f\u0131m\u0131z andan itibaren, d\u00fc\u015fe kalka ilerlerken sevdiklerimiz tutuyor elimizden. Peki sen, kimlerle el elesin gelece\u011fe y\u00fcr\u00fcrken?T\u00fclin Koziko\u011flu ve Deniz \u00dc\u00e7ba\u015faran\u2019dan ya\u015fam d\u00f6ng\u00fcs\u00fc ve sevgi \u00fczerine \u015fiirsel bir \u00f6yk\u00fc: el ele.<\/p>\n","protected":false},"excerpt":{"rendered":"<p>Hayat, \u00e7e\u015fitli duraklardan olu\u015fan uzun bir yolculuksa, bu yolu asla yaln\u0131z y\u00fcr\u00fcm\u00fcyoruz. G\u00f6zlerimizi a\u00e7t\u0131\u011f\u0131m\u0131z andan itibaren, d\u00fc\u015fe kalka ilerlerken sevdiklerimiz tutuyor elimizden. Peki sen, kimlerle el<span class=\"excerpt-hellip\"> [\u2026]<\/span><\/p>\n","protected":false},"featured_media":0,"template":"","meta":{"_monsterinsights_skip_tracking":false,"_monsterinsights_sitenote_active":false,"_monsterinsights_sitenote_note":"","_monsterinsights_sitenote_category":0},"product_brand":[],"product_cat":[12274,12284],"product_tag":[],"class_list":{"0":"post-732091","1":"product","2":"type-product","3":"status-publish","5":"product_cat-cocuk-ve-genclik-kitaplari","6":"product_cat-hikayeler","7":"pa_cilt-ciltli","8":"pa_tur-kitap","9":"pa_yayinevi-kirmizi-kedi-yayinevi","10":"pa_yazar-tulin-kozikoglu","12":"first","13":"instock","14":"sale","15":"shipping-taxable","16":"purchasable","17":"product-type-simple"},"_links":{"self":[{"href":"https:\/\/roveyayinevi.com.tr\/index.php\/wp-json\/wp\/v2\/product\/732091","targetHints":{"allow":["GET"]}}],"collection":[{"href":"https:\/\/roveyayinevi.com.tr\/index.php\/wp-json\/wp\/v2\/product"}],"about":[{"href":"https:\/\/roveyayinevi.com.tr\/index.php\/wp-json\/wp\/v2\/types\/product"}],"wp:attachment":[{"href":"https:\/\/roveyayinevi.com.tr\/index.php\/wp-json\/wp\/v2\/media?parent=732091"}],"wp:term":[{"taxonomy":"product_brand","embeddable":true,"href":"https:\/\/roveyayinevi.com.tr\/index.php\/wp-json\/wp\/v2\/product_brand?post=732091"},{"taxonomy":"product_cat","embeddable":true,"href":"https:\/\/roveyayinevi.com.tr\/index.php\/wp-json\/wp\/v2\/product_cat?post=732091"},{"taxonomy":"product_tag","embeddable":true,"href":"https:\/\/roveyayinevi.com.tr\/index.php\/wp-json\/wp\/v2\/product_tag?post=732091"}],"curies":[{"name":"wp","href":"https:\/\/api.w.org\/{rel}","templated":true}]}}