{"id":732089,"date":"2025-08-27T21:43:54","date_gmt":"2025-08-27T18:43:54","guid":{"rendered":"https:\/\/roveyayinevi.com.tr\/index.php\/urun\/orta-asyada-cevre-sorunlari\/"},"modified":"2026-04-16T02:39:55","modified_gmt":"2026-04-15T23:39:55","slug":"orta-asyada-cevre-sorunlari","status":"publish","type":"product","link":"https:\/\/roveyayinevi.com.tr\/index.php\/urun\/orta-asyada-cevre-sorunlari\/","title":{"rendered":"Orta Asya\u2019da \u00c7evre Sorunlar\u0131"},"content":{"rendered":"<p>Orta Asya sahip oldu\u011fu do\u011fal kaynaklar ve jeopolitik konum itibariyle ge\u00e7mi\u015ften g\u00fcn\u00fcm\u00fcze d\u00fcnyan\u0131n en \u00f6nemli merkezlerinden biri olmu\u015ftur. On dokuzuncu y\u00fczy\u0131lda Ruslar\u0131n h\u00e2kimiyetine giren b\u00f6lgenin do\u011fal kaynaklar\u0131, Birinci D\u00fcnya Sava\u015f\u0131 sonras\u0131nda Sovyetlerin ekonomik ve asker\u00ee hedeflerini ger\u00e7ekle\u015ftirmede hoyrat\u00e7a kullan\u0131lm\u0131\u015ft\u0131r. B\u00f6lgede uygulanan tar\u0131msal projeler ve n\u00fckleer silah denemeleri g\u00fcn\u00fcm\u00fczde var olan \u00e7evre sorunlar\u0131n\u0131n meydana gelmesinde belirleyici olmu\u015ftur. B\u00f6lge \u00fclkelerinin ba\u011f\u0131ms\u0131zl\u0131klar\u0131n\u0131 kazanmalar\u0131yla birlikte s\u00f6z konusu faaliyetlerin yol a\u00e7t\u0131\u011f\u0131 \u00e7evresel sorunlar iyice g\u00fcn y\u00fcz\u00fcne \u00e7\u0131km\u0131\u015ft\u0131r. Bu ba\u011flamda yabanc\u0131 yaz\u0131nda \u00f6zellikle Aral G\u00f6l\u00fc\u2019n\u00fcn k\u00fc\u00e7\u00fclmesine ili\u015fkin bir\u00e7ok ara\u015ft\u0131rma yap\u0131lm\u0131\u015ft\u0131r. Ancak bu \u00e7al\u0131\u015fman\u0131n haz\u0131rlanma s\u00fcrecinde yap\u0131lan kaynak taramas\u0131nda T\u00fcrk\u00e7e yaz\u0131nda Orta Asya\u2019daki \u00e7evre sorunlar\u0131n\u0131 b\u00fct\u00fcnc\u00fcl ve sistematik bir \u015fekilde ele alan ara\u015ft\u0131rmalar\u0131n hen\u00fcz yap\u0131lmad\u0131\u011f\u0131 ortaya \u00e7\u0131km\u0131\u015ft\u0131r. Dolay\u0131s\u0131yla bu \u00e7al\u0131\u015fmayla alan yaz\u0131ndaki \u00f6nemli bir bo\u015flu\u011fun doldurulmas\u0131 ama\u00e7lanm\u0131\u015ft\u0131r. Elinizde tutmu\u015f oldu\u011funuz bu kitap Orta Asya\u2019daki mevcut \u00e7evre sorunlar\u0131n\u0131n anla\u015f\u0131lmas\u0131nda ve \u00e7\u00f6z\u00fcm \u00f6nerileri sunulmas\u0131nda akademisyenler, gen\u00e7 ara\u015ft\u0131rmac\u0131lar ve karar al\u0131c\u0131lar i\u00e7in \u00f6nemli bir ba\u015fvuru kayna\u011f\u0131 olma \u00f6zelli\u011fine sahiptir.<\/p>\n","protected":false},"excerpt":{"rendered":"<p>Orta Asya sahip oldu\u011fu do\u011fal kaynaklar ve jeopolitik konum itibariyle ge\u00e7mi\u015ften g\u00fcn\u00fcm\u00fcze d\u00fcnyan\u0131n en \u00f6nemli merkezlerinden biri olmu\u015ftur. On dokuzuncu y\u00fczy\u0131lda Ruslar\u0131n h\u00e2kimiyetine giren b\u00f6lgenin do\u011fal<span class=\"excerpt-hellip\"> [\u2026]<\/span><\/p>\n","protected":false},"featured_media":0,"template":"","meta":{"_monsterinsights_skip_tracking":false,"_monsterinsights_sitenote_active":false,"_monsterinsights_sitenote_note":"","_monsterinsights_sitenote_category":0},"product_brand":[],"product_cat":[13059,12337],"product_tag":[],"class_list":{"0":"post-732089","1":"product","2":"type-product","3":"status-publish","5":"product_cat-diger-politika-siyaset","6":"product_cat-politika-siyaset","7":"pa_cilt-ciltsiz","8":"pa_tur-kitap","9":"pa_yayinevi-astana-yayinlari","10":"pa_yazar-serkut-kilinc","12":"first","13":"instock","14":"sale","15":"shipping-taxable","16":"purchasable","17":"product-type-simple"},"_links":{"self":[{"href":"https:\/\/roveyayinevi.com.tr\/index.php\/wp-json\/wp\/v2\/product\/732089","targetHints":{"allow":["GET"]}}],"collection":[{"href":"https:\/\/roveyayinevi.com.tr\/index.php\/wp-json\/wp\/v2\/product"}],"about":[{"href":"https:\/\/roveyayinevi.com.tr\/index.php\/wp-json\/wp\/v2\/types\/product"}],"wp:attachment":[{"href":"https:\/\/roveyayinevi.com.tr\/index.php\/wp-json\/wp\/v2\/media?parent=732089"}],"wp:term":[{"taxonomy":"product_brand","embeddable":true,"href":"https:\/\/roveyayinevi.com.tr\/index.php\/wp-json\/wp\/v2\/product_brand?post=732089"},{"taxonomy":"product_cat","embeddable":true,"href":"https:\/\/roveyayinevi.com.tr\/index.php\/wp-json\/wp\/v2\/product_cat?post=732089"},{"taxonomy":"product_tag","embeddable":true,"href":"https:\/\/roveyayinevi.com.tr\/index.php\/wp-json\/wp\/v2\/product_tag?post=732089"}],"curies":[{"name":"wp","href":"https:\/\/api.w.org\/{rel}","templated":true}]}}