{"id":732088,"date":"2025-08-27T21:43:54","date_gmt":"2025-08-27T18:43:54","guid":{"rendered":"https:\/\/roveyayinevi.com.tr\/index.php\/urun\/tasavvuf-velayet-ve-kainatin-gorunmez-yoneticileri\/"},"modified":"2026-04-16T02:39:55","modified_gmt":"2026-04-15T23:39:55","slug":"tasavvuf-velayet-ve-kainatin-gorunmez-yoneticileri","status":"publish","type":"product","link":"https:\/\/roveyayinevi.com.tr\/index.php\/urun\/tasavvuf-velayet-ve-kainatin-gorunmez-yoneticileri\/","title":{"rendered":"Tasavvuf, Velayet ve Kainat\u0131n G\u00f6r\u00fcnmez Y\u00f6neticileri"},"content":{"rendered":"<p>Bir zamanlar \u201cDo\u011fudan gelen \u0131\u015f\u0131k\u201d uzun zamand\u0131r parlakl\u0131\u011f\u0131n\u0131 yitirmi\u015f g\u00f6r\u00fcn\u00fcyor. O \u0131\u015f\u0131\u011f\u0131n yeniden parlamas\u0131 \u015f\u00fcphe yok ki d\u00fcnyay\u0131 da tekrar ayd\u0131nlatacakt\u0131r.\u201cUzun zamanlardan bug\u00fcne \u0130slam d\u00fcnyas\u0131n\u0131n ya\u015fad\u0131\u011f\u0131, yenmeye \u00e7al\u0131\u015ft\u0131\u011f\u0131 sefalet ve peri\u015fanl\u0131\u011f\u0131n sorumlulu\u011funu sadece Bat\u0131n\u0131n s\u00f6m\u00fcrgecili\u011fiyle izah etmek art\u0131k yeterince ikna edici g\u00f6r\u00fcnm\u00fcyor. As\u0131l sebep ona bu s\u00f6m\u00fcr\u00fc ortam\u0131n\u0131 haz\u0131rlayan \u0130slam d\u00fcnyas\u0131n\u0131n kendi i\u00e7 zihniyet, toplumsal ve ekonomik problemleridir. Tasavvuf b\u00f6yle bir ortamda yaratt\u0131\u011f\u0131 sanal, \u00fctopik atmosferle M\u00fcsl\u00fcmanlar\u0131 emperyalizmin s\u00f6m\u00fcr\u00fcs\u00fcne boyun e\u011fip i\u00e7 d\u00fcnyalar\u0131na kapanacak bir zebunlu\u011fun yolunu a\u00e7m\u0131\u015ft\u0131r.\u00c7ekilen bu sefaletin izalesi konusunda tasavvufun \u00f6nerisi yine i\u00e7e d\u00f6nmek olmu\u015ftur. Y\u00fczy\u0131llardan bu yana onca evliyan\u0131n, onca ke\u015fif ve kerametlerinin, ilhamlar\u0131n\u0131n, r\u00fcyalar\u0131n\u0131n bu sefaleti bertaraf etmeye yaramad\u0131\u011f\u0131 a\u00e7\u0131k\u00e7a ortadad\u0131r. \u0130slam d\u00fcnyas\u0131n\u0131 i\u00e7inde bocalad\u0131\u011f\u0131 meskenetten ve geri kalm\u0131\u015fl\u0131ktan kurtulma yolunun ak\u0131l ve ger\u00e7ek bilimden ge\u00e7ti\u011fini, ancak b\u00f6ylece yeni bir dinamizm kazanabilece\u011fini g\u00f6stermek ve M\u00fcsl\u00fcmanlar\u0131 buna ikna etmek gerekmektedir.\u201d\u2013Ahmet Ya\u015far Ocak<\/p>\n","protected":false},"excerpt":{"rendered":"<p>Bir zamanlar \u201cDo\u011fudan gelen \u0131\u015f\u0131k\u201d uzun zamand\u0131r parlakl\u0131\u011f\u0131n\u0131 yitirmi\u015f g\u00f6r\u00fcn\u00fcyor. O \u0131\u015f\u0131\u011f\u0131n yeniden parlamas\u0131 \u015f\u00fcphe yok ki d\u00fcnyay\u0131 da tekrar ayd\u0131nlatacakt\u0131r.\u201cUzun zamanlardan bug\u00fcne \u0130slam d\u00fcnyas\u0131n\u0131n ya\u015fad\u0131\u011f\u0131,<span class=\"excerpt-hellip\"> [\u2026]<\/span><\/p>\n","protected":false},"featured_media":0,"template":"","meta":{"_monsterinsights_skip_tracking":false,"_monsterinsights_sitenote_active":false,"_monsterinsights_sitenote_note":"","_monsterinsights_sitenote_category":0},"product_brand":[],"product_cat":[13036,12718,12719],"product_tag":[],"class_list":{"0":"post-732088","1":"product","2":"type-product","3":"status-publish","5":"product_cat-arastirma-inceleme-islam","6":"product_cat-din","7":"product_cat-islam","8":"pa_cilt-ciltsiz","9":"pa_tur-kitap","10":"pa_yayinevi-alfa-yayinlari","11":"pa_yazar-ahmet-yasar-ocak","13":"first","14":"instock","15":"sale","16":"shipping-taxable","17":"purchasable","18":"product-type-simple"},"_links":{"self":[{"href":"https:\/\/roveyayinevi.com.tr\/index.php\/wp-json\/wp\/v2\/product\/732088","targetHints":{"allow":["GET"]}}],"collection":[{"href":"https:\/\/roveyayinevi.com.tr\/index.php\/wp-json\/wp\/v2\/product"}],"about":[{"href":"https:\/\/roveyayinevi.com.tr\/index.php\/wp-json\/wp\/v2\/types\/product"}],"wp:attachment":[{"href":"https:\/\/roveyayinevi.com.tr\/index.php\/wp-json\/wp\/v2\/media?parent=732088"}],"wp:term":[{"taxonomy":"product_brand","embeddable":true,"href":"https:\/\/roveyayinevi.com.tr\/index.php\/wp-json\/wp\/v2\/product_brand?post=732088"},{"taxonomy":"product_cat","embeddable":true,"href":"https:\/\/roveyayinevi.com.tr\/index.php\/wp-json\/wp\/v2\/product_cat?post=732088"},{"taxonomy":"product_tag","embeddable":true,"href":"https:\/\/roveyayinevi.com.tr\/index.php\/wp-json\/wp\/v2\/product_tag?post=732088"}],"curies":[{"name":"wp","href":"https:\/\/api.w.org\/{rel}","templated":true}]}}