{"id":732085,"date":"2025-08-27T21:43:51","date_gmt":"2025-08-27T18:43:51","guid":{"rendered":"https:\/\/roveyayinevi.com.tr\/index.php\/urun\/zaman-serileri-analizi-ile-turkiye-tavuk-yumurtasi-sektoru-uretim-ve-ihracat-tahmini\/"},"modified":"2026-04-16T02:39:55","modified_gmt":"2026-04-15T23:39:55","slug":"zaman-serileri-analizi-ile-turkiye-tavuk-yumurtasi-sektoru-uretim-ve-ihracat-tahmini","status":"publish","type":"product","link":"https:\/\/roveyayinevi.com.tr\/index.php\/urun\/zaman-serileri-analizi-ile-turkiye-tavuk-yumurtasi-sektoru-uretim-ve-ihracat-tahmini\/","title":{"rendered":"Zaman Serileri Analizi ile T\u00fcrkiye Tavuk Yumurtas\u0131 Sekt\u00f6r\u00fc \u00dcretim ve \u0130hracat Tahmini"},"content":{"rendered":"<p>\u0130\u00e7indekiler 1.Yumurta Tavuk\u00e7ulu\u011fu Sekt\u00f6r\u00fc 1.1.Tavuk Yumurtas\u0131 1.2.Yumurtac\u0131 Tavuk Cinsleri 1.3.Salma Yumurta Tavuk\u00e7ulu\u011fu 1.4.Kafes Tavuk\u00e7ulu\u011fu 1.5.Biyog\u00fcvenlik 2.D\u00fcnya Tavuk Yumurtas\u0131 Sekt\u00f6r\u00fc 2.1.D\u00fcnya Tavuk Yumurtas\u0131 \u00dcretimi 2.2.D\u00fcnya Tavuk Yumurtas\u0131 D\u0131\u015f Ticareti 3.T\u00fcrkiye Tavuk Yumurtas\u0131 Sekt\u00f6r\u00fc 3.1.T\u00fcrkiye Tavuk Yumurtas\u0131 \u00dcretimi 3.2.T\u00fcrkiye Yumurtac\u0131 Tavuk \u00dcretimi 3.3.T\u00fcrkiye\u2019de Ki\u015fi Ba\u015f\u0131na D\u00fc\u015fen Yumurta \u00dcretimi 3.4.T\u00fcrkiye\u2019de Yem Hammaddeleri ve Yumurta Yemi \u00dcretimi 4.T\u00fcrkiye Tavuk Yumurtas\u0131 \u0130hracat\u0131 4.1T\u00fcrkiye\u2019nin \u00dclkelere G\u00f6re Yumurta \u0130hracat\u0131 5.Zaman Serileri Y\u00f6ntemi ile T\u00fcrkiye Tavuk Yumurtas\u0131 \u00dcretim ve \u0130hracat Tahmini 5.1.\u00c7al\u0131\u015fman\u0131n Amac\u0131 5.2.Materyal ve Y\u00f6ntem 5.3.Zaman Serileri 5.4.Zaman Serileri Y\u00f6ntemi ile T\u00fcrkiye Tavuk Yumurtas\u0131 \u00dcretim Tahmini 5.5.Zaman Serileri Y\u00f6ntemi ile T\u00fcrkiye Tavuk Yumurtas\u0131 \u0130hracat\u0131 Tahmini <\/p>\n","protected":false},"excerpt":{"rendered":"<p>\u0130\u00e7indekiler 1.Yumurta Tavuk\u00e7ulu\u011fu Sekt\u00f6r\u00fc 1.1.Tavuk Yumurtas\u0131 1.2.Yumurtac\u0131 Tavuk Cinsleri 1.3.Salma Yumurta Tavuk\u00e7ulu\u011fu 1.4.Kafes Tavuk\u00e7ulu\u011fu 1.5.Biyog\u00fcvenlik 2.D\u00fcnya Tavuk Yumurtas\u0131 Sekt\u00f6r\u00fc 2.1.D\u00fcnya Tavuk Yumurtas\u0131 \u00dcretimi 2.2.D\u00fcnya Tavuk Yumurtas\u0131<span class=\"excerpt-hellip\"> [\u2026]<\/span><\/p>\n","protected":false},"featured_media":0,"template":"","meta":{"_monsterinsights_skip_tracking":false,"_monsterinsights_sitenote_active":false,"_monsterinsights_sitenote_note":"","_monsterinsights_sitenote_category":0},"product_brand":[],"product_cat":[13043,14381],"product_tag":[],"class_list":{"0":"post-732085","1":"product","2":"type-product","3":"status-publish","5":"product_cat-ekonomi","6":"product_cat-isletme-muhasebe-maliye","7":"pa_cilt-ciltsiz","8":"pa_tur-kitap","9":"pa_yayinevi-gazi-kitabevi","10":"pa_yazar-muhammed-cubuk-kamil-abdullah-esidir","12":"first","13":"instock","14":"sale","15":"shipping-taxable","16":"purchasable","17":"product-type-simple"},"_links":{"self":[{"href":"https:\/\/roveyayinevi.com.tr\/index.php\/wp-json\/wp\/v2\/product\/732085","targetHints":{"allow":["GET"]}}],"collection":[{"href":"https:\/\/roveyayinevi.com.tr\/index.php\/wp-json\/wp\/v2\/product"}],"about":[{"href":"https:\/\/roveyayinevi.com.tr\/index.php\/wp-json\/wp\/v2\/types\/product"}],"wp:attachment":[{"href":"https:\/\/roveyayinevi.com.tr\/index.php\/wp-json\/wp\/v2\/media?parent=732085"}],"wp:term":[{"taxonomy":"product_brand","embeddable":true,"href":"https:\/\/roveyayinevi.com.tr\/index.php\/wp-json\/wp\/v2\/product_brand?post=732085"},{"taxonomy":"product_cat","embeddable":true,"href":"https:\/\/roveyayinevi.com.tr\/index.php\/wp-json\/wp\/v2\/product_cat?post=732085"},{"taxonomy":"product_tag","embeddable":true,"href":"https:\/\/roveyayinevi.com.tr\/index.php\/wp-json\/wp\/v2\/product_tag?post=732085"}],"curies":[{"name":"wp","href":"https:\/\/api.w.org\/{rel}","templated":true}]}}