{"id":732084,"date":"2025-08-27T21:43:50","date_gmt":"2025-08-27T18:43:50","guid":{"rendered":"https:\/\/roveyayinevi.com.tr\/index.php\/urun\/tedarik-zincirinin-temelleri-ve-gosterge-paneli\/"},"modified":"2026-04-16T02:39:55","modified_gmt":"2026-04-15T23:39:55","slug":"tedarik-zincirinin-temelleri-ve-gosterge-paneli","status":"publish","type":"product","link":"https:\/\/roveyayinevi.com.tr\/index.php\/urun\/tedarik-zincirinin-temelleri-ve-gosterge-paneli\/","title":{"rendered":"Tedarik Zincirinin Temelleri ve G\u00f6sterge Paneli"},"content":{"rendered":"<p>\u0130\u00e7indekiler B\u00d6L\u00dcM 1 \u2013 Tedarik Zinciri 1.1.Temel Kavramlar 1.2.Tedarik Zincirini Etkileyen Fakt\u00f6rler 1.3.Tedarik Zincirinin \u0130\u015fleyi\u015fi 1.4.Lojistik 1.5.Son T\u00fcketici 1.6.Tedarik Zinciri Y\u00f6netimi 1.7.Tedarik Zinciri Tasar\u0131m\u0131 1.8.Tedarik Zinciri Y\u00f6netim S\u00fcreci A\u015famalar\u0131 1.9.Tedarik Zinciri Y\u00f6netim Yakla\u015f\u0131mlar\u0131 1.10.Tedarik Zincirinde Ortak Karar Verme 1.11.Tedarik Zinciri Stratejileri 1.12. Organizasyon Stratejisi B\u00d6L\u00dcM 2 \u2013 Kavramsal \u00c7er\u00e7eve 2.     2.1.Veri Bilimi nedir? 2.2.G\u00f6sterge Paneli 2.3.Anahtar Performans G\u00f6stergesi (KPI) 2.4.Tedarik\u00e7i Se\u00e7im Y\u00f6ntemleri   B\u00d6L\u00dcM 3 \u2013 G\u00f6sterge Panelinin Arka Plan\u0131 3.     3.1.Arka Plan            B\u00d6L\u00dcM 4 \u2013 G\u00f6sterge Panelinin \u00c7er\u00e7evesi 4.     4.1.Giri\u015f 4.2Teorik \u00c7er\u00e7eve 4.3.Sat\u0131n Alma S\u00fcreci G\u00f6stergelerin \u00dc\u00e7 Temel \u0130\u015flevi 4.4.Anahtar Performans G\u00f6stergeleri 4.5.Performans \u00d6l\u00e7\u00fcm\u00fc 4.6.\u0130\u015f Zekas\u0131 4.7.Veri \u0130\u015fleme 4.8.G\u00f6sterge Panelinin Gelece\u011fi <\/p>\n","protected":false},"excerpt":{"rendered":"<p>\u0130\u00e7indekiler B\u00d6L\u00dcM 1 \u2013 Tedarik Zinciri 1.1.Temel Kavramlar 1.2.Tedarik Zincirini Etkileyen Fakt\u00f6rler 1.3.Tedarik Zincirinin \u0130\u015fleyi\u015fi 1.4.Lojistik 1.5.Son T\u00fcketici 1.6.Tedarik Zinciri Y\u00f6netimi 1.7.Tedarik Zinciri Tasar\u0131m\u0131 1.8.Tedarik Zinciri<span class=\"excerpt-hellip\"> [\u2026]<\/span><\/p>\n","protected":false},"featured_media":0,"template":"","meta":{"_monsterinsights_skip_tracking":false,"_monsterinsights_sitenote_active":false,"_monsterinsights_sitenote_note":"","_monsterinsights_sitenote_category":0},"product_brand":[],"product_cat":[13043,19008],"product_tag":[],"class_list":{"0":"post-732084","1":"product","2":"type-product","3":"status-publish","5":"product_cat-ekonomi","6":"product_cat-yonetim","7":"pa_cilt-ciltsiz","8":"pa_tur-kitap","9":"pa_yayinevi-gazi-kitabevi","10":"pa_yazar-yuksel-yurtay","12":"first","13":"instock","14":"sale","15":"shipping-taxable","16":"purchasable","17":"product-type-simple"},"_links":{"self":[{"href":"https:\/\/roveyayinevi.com.tr\/index.php\/wp-json\/wp\/v2\/product\/732084","targetHints":{"allow":["GET"]}}],"collection":[{"href":"https:\/\/roveyayinevi.com.tr\/index.php\/wp-json\/wp\/v2\/product"}],"about":[{"href":"https:\/\/roveyayinevi.com.tr\/index.php\/wp-json\/wp\/v2\/types\/product"}],"wp:attachment":[{"href":"https:\/\/roveyayinevi.com.tr\/index.php\/wp-json\/wp\/v2\/media?parent=732084"}],"wp:term":[{"taxonomy":"product_brand","embeddable":true,"href":"https:\/\/roveyayinevi.com.tr\/index.php\/wp-json\/wp\/v2\/product_brand?post=732084"},{"taxonomy":"product_cat","embeddable":true,"href":"https:\/\/roveyayinevi.com.tr\/index.php\/wp-json\/wp\/v2\/product_cat?post=732084"},{"taxonomy":"product_tag","embeddable":true,"href":"https:\/\/roveyayinevi.com.tr\/index.php\/wp-json\/wp\/v2\/product_tag?post=732084"}],"curies":[{"name":"wp","href":"https:\/\/api.w.org\/{rel}","templated":true}]}}