{"id":732082,"date":"2025-08-27T21:43:49","date_gmt":"2025-08-27T18:43:49","guid":{"rendered":"https:\/\/roveyayinevi.com.tr\/index.php\/urun\/cok-kriterli-karar-verme-yontemleri-ile-guncel-uygulamalar\/"},"modified":"2026-04-16T02:39:55","modified_gmt":"2026-04-15T23:39:55","slug":"cok-kriterli-karar-verme-yontemleri-ile-guncel-uygulamalar","status":"publish","type":"product","link":"https:\/\/roveyayinevi.com.tr\/index.php\/urun\/cok-kriterli-karar-verme-yontemleri-ile-guncel-uygulamalar\/","title":{"rendered":"\u00c7ok Kriterli Karar Verme Y\u00f6ntemleri ile G\u00fcncel Uygulamalar"},"content":{"rendered":"<p>Moora Y\u00f6ntemi ile OECD \u00dclkelerinin Ekonomik Performanslar\u0131na \u0130li\u015fkin Bir Uygulama S\u00fcrd\u00fcr\u00fclebilir Tedarik Zinciri Tasar\u0131m\u0131nda AHP ve KFG Yakla\u015f\u0131m\u0131: G\u0131da \u0130malat Sekt\u00f6r\u00fcnde Bir Uygulama Entropi ve Gri \u0130li\u015fkisel Analiz Y\u00f6ntemi: AB\u2019ne \u00dcye \u00dclkelerin \u0130nsani Geli\u015fmi\u015flik \u00d6l\u00e7\u00fctlerine G\u00f6re S\u0131ralamas\u0131na \u0130li\u015fkin Bir Uygulama Mevcut ve Potansiyel Tedarik\u00e7ilerin Belirlenmesinde ARAS ve G\u0130A Y\u00f6ntemleri: S\u00fct Sekt\u00f6r\u00fcnde Bir Uygulama \u00dclkelerin End\u00fcstri 4.0 Seviyelerinin VIKOR Y\u00f6ntemi ile De\u011ferlendirilmesi De\u011fere Dayal\u0131 Portf\u00f6y Se\u00e7iminin TOPSIS ve VIKOR Y\u00f6ntemleri ile R Uygulamas\u0131 CRITIC Temelli COPRAS ve EDAS Y\u00f6ntemleri ile Finansal Performans Analizi Dematel Y\u00f6ntemi ve Pazarlama Alan\u0131nda Kullan\u0131m\u0131 WASPAS Y\u00f6ntemi ile G-20 \u00dclkelerinin Ye\u015fil B\u00fcy\u00fcme Performanslar\u0131na \u0130li\u015fkin Bir Uygulama <\/p>\n","protected":false},"excerpt":{"rendered":"<p>Moora Y\u00f6ntemi ile OECD \u00dclkelerinin Ekonomik Performanslar\u0131na \u0130li\u015fkin Bir Uygulama S\u00fcrd\u00fcr\u00fclebilir Tedarik Zinciri Tasar\u0131m\u0131nda AHP ve KFG Yakla\u015f\u0131m\u0131: G\u0131da \u0130malat Sekt\u00f6r\u00fcnde Bir Uygulama Entropi ve Gri<span class=\"excerpt-hellip\"> [\u2026]<\/span><\/p>\n","protected":false},"featured_media":0,"template":"","meta":{"_monsterinsights_skip_tracking":false,"_monsterinsights_sitenote_active":false,"_monsterinsights_sitenote_note":"","_monsterinsights_sitenote_category":0},"product_brand":[],"product_cat":[12573,12566],"product_tag":[],"class_list":{"0":"post-732082","1":"product","2":"type-product","3":"status-publish","5":"product_cat-akademik-kitaplar","6":"product_cat-egitim","7":"pa_cilt-ciltsiz","8":"pa_tur-kitap","9":"pa_yayinevi-gazi-kitabevi","10":"pa_yazar-eda-fendoglu","12":"first","13":"instock","14":"sale","15":"shipping-taxable","16":"purchasable","17":"product-type-simple"},"_links":{"self":[{"href":"https:\/\/roveyayinevi.com.tr\/index.php\/wp-json\/wp\/v2\/product\/732082","targetHints":{"allow":["GET"]}}],"collection":[{"href":"https:\/\/roveyayinevi.com.tr\/index.php\/wp-json\/wp\/v2\/product"}],"about":[{"href":"https:\/\/roveyayinevi.com.tr\/index.php\/wp-json\/wp\/v2\/types\/product"}],"wp:attachment":[{"href":"https:\/\/roveyayinevi.com.tr\/index.php\/wp-json\/wp\/v2\/media?parent=732082"}],"wp:term":[{"taxonomy":"product_brand","embeddable":true,"href":"https:\/\/roveyayinevi.com.tr\/index.php\/wp-json\/wp\/v2\/product_brand?post=732082"},{"taxonomy":"product_cat","embeddable":true,"href":"https:\/\/roveyayinevi.com.tr\/index.php\/wp-json\/wp\/v2\/product_cat?post=732082"},{"taxonomy":"product_tag","embeddable":true,"href":"https:\/\/roveyayinevi.com.tr\/index.php\/wp-json\/wp\/v2\/product_tag?post=732082"}],"curies":[{"name":"wp","href":"https:\/\/api.w.org\/{rel}","templated":true}]}}