{"id":732081,"date":"2025-08-27T21:43:47","date_gmt":"2025-08-27T18:43:47","guid":{"rendered":"https:\/\/roveyayinevi.com.tr\/index.php\/urun\/iyi-geceler-denizati\/"},"modified":"2026-04-16T02:39:54","modified_gmt":"2026-04-15T23:39:54","slug":"iyi-geceler-denizati","status":"publish","type":"product","link":"https:\/\/roveyayinevi.com.tr\/index.php\/urun\/iyi-geceler-denizati\/","title":{"rendered":"\u0130yi Geceler Denizat\u0131"},"content":{"rendered":"<p>Denizat\u0131 uyumaya haz\u0131rlan\u0131rken, \u00e7ocuklar deniz canl\u0131lar\u0131n\u0131 \u00f6\u011freniyor. Ahtapota, denizy\u0131ld\u0131z\u0131na, mavi balinaya ve di\u011fer su alt\u0131 sakinlerine iyi geceler dile<\/p>\n","protected":false},"excerpt":{"rendered":"<p>Denizat\u0131 uyumaya haz\u0131rlan\u0131rken, \u00e7ocuklar deniz canl\u0131lar\u0131n\u0131 \u00f6\u011freniyor. Ahtapota, denizy\u0131ld\u0131z\u0131na, mavi balinaya ve di\u011fer su alt\u0131 sakinlerine iyi geceler dile<\/p>\n","protected":false},"featured_media":0,"template":"","meta":{"_monsterinsights_skip_tracking":false,"_monsterinsights_sitenote_active":false,"_monsterinsights_sitenote_note":"","_monsterinsights_sitenote_category":0},"product_brand":[],"product_cat":[12274,12518],"product_tag":[],"class_list":{"0":"post-732081","1":"product","2":"type-product","3":"status-publish","5":"product_cat-cocuk-ve-genclik-kitaplari","6":"product_cat-okul-oncesi-kitaplar","7":"pa_cilt-ciltsiz","8":"pa_tur-kitap","9":"pa_yayinevi-is-bankasi-kultur-yayinlari","10":"pa_yazar-carl-allen-fletcher","12":"first","13":"instock","14":"sale","15":"shipping-taxable","16":"purchasable","17":"product-type-simple"},"_links":{"self":[{"href":"https:\/\/roveyayinevi.com.tr\/index.php\/wp-json\/wp\/v2\/product\/732081","targetHints":{"allow":["GET"]}}],"collection":[{"href":"https:\/\/roveyayinevi.com.tr\/index.php\/wp-json\/wp\/v2\/product"}],"about":[{"href":"https:\/\/roveyayinevi.com.tr\/index.php\/wp-json\/wp\/v2\/types\/product"}],"wp:attachment":[{"href":"https:\/\/roveyayinevi.com.tr\/index.php\/wp-json\/wp\/v2\/media?parent=732081"}],"wp:term":[{"taxonomy":"product_brand","embeddable":true,"href":"https:\/\/roveyayinevi.com.tr\/index.php\/wp-json\/wp\/v2\/product_brand?post=732081"},{"taxonomy":"product_cat","embeddable":true,"href":"https:\/\/roveyayinevi.com.tr\/index.php\/wp-json\/wp\/v2\/product_cat?post=732081"},{"taxonomy":"product_tag","embeddable":true,"href":"https:\/\/roveyayinevi.com.tr\/index.php\/wp-json\/wp\/v2\/product_tag?post=732081"}],"curies":[{"name":"wp","href":"https:\/\/api.w.org\/{rel}","templated":true}]}}