{"id":732080,"date":"2025-08-27T21:43:46","date_gmt":"2025-08-27T18:43:46","guid":{"rendered":"https:\/\/roveyayinevi.com.tr\/index.php\/urun\/iyi-uykular-orman\/"},"modified":"2026-04-16T02:39:54","modified_gmt":"2026-04-15T23:39:54","slug":"iyi-uykular-orman","status":"publish","type":"product","link":"https:\/\/roveyayinevi.com.tr\/index.php\/urun\/iyi-uykular-orman\/","title":{"rendered":"\u0130yi Uykular Orman"},"content":{"rendered":"<p>Ormandaki canl\u0131lar uyumaya haz\u0131rlan\u0131rken, \u00e7ocuklar k\u0131\u015f uykusunu \u00f6\u011freniyor. Ormandaki hayvanlar k\u0131\u015f\u0131 ge\u00e7irecekleri yerlere yerle\u015fiyor. Sen de kara ay\u0131ya, sincaba, kurba\u011faya ve di\u011fer hayvanlara iyi geceler dile.<\/p>\n","protected":false},"excerpt":{"rendered":"<p>Ormandaki canl\u0131lar uyumaya haz\u0131rlan\u0131rken, \u00e7ocuklar k\u0131\u015f uykusunu \u00f6\u011freniyor. Ormandaki hayvanlar k\u0131\u015f\u0131 ge\u00e7irecekleri yerlere yerle\u015fiyor. Sen de kara ay\u0131ya, sincaba, kurba\u011faya ve di\u011fer hayvanlara iyi geceler dile.<\/p>\n","protected":false},"featured_media":0,"template":"","meta":{"_monsterinsights_skip_tracking":false,"_monsterinsights_sitenote_active":false,"_monsterinsights_sitenote_note":"","_monsterinsights_sitenote_category":0},"product_brand":[],"product_cat":[12274,12518],"product_tag":[],"class_list":{"0":"post-732080","1":"product","2":"type-product","3":"status-publish","5":"product_cat-cocuk-ve-genclik-kitaplari","6":"product_cat-okul-oncesi-kitaplar","7":"pa_cilt-ciltsiz","8":"pa_tur-kitap","9":"pa_yayinevi-is-bankasi-kultur-yayinlari","10":"pa_yazar-carl-allen-fletcher","12":"first","13":"instock","14":"sale","15":"shipping-taxable","16":"purchasable","17":"product-type-simple"},"_links":{"self":[{"href":"https:\/\/roveyayinevi.com.tr\/index.php\/wp-json\/wp\/v2\/product\/732080","targetHints":{"allow":["GET"]}}],"collection":[{"href":"https:\/\/roveyayinevi.com.tr\/index.php\/wp-json\/wp\/v2\/product"}],"about":[{"href":"https:\/\/roveyayinevi.com.tr\/index.php\/wp-json\/wp\/v2\/types\/product"}],"wp:attachment":[{"href":"https:\/\/roveyayinevi.com.tr\/index.php\/wp-json\/wp\/v2\/media?parent=732080"}],"wp:term":[{"taxonomy":"product_brand","embeddable":true,"href":"https:\/\/roveyayinevi.com.tr\/index.php\/wp-json\/wp\/v2\/product_brand?post=732080"},{"taxonomy":"product_cat","embeddable":true,"href":"https:\/\/roveyayinevi.com.tr\/index.php\/wp-json\/wp\/v2\/product_cat?post=732080"},{"taxonomy":"product_tag","embeddable":true,"href":"https:\/\/roveyayinevi.com.tr\/index.php\/wp-json\/wp\/v2\/product_tag?post=732080"}],"curies":[{"name":"wp","href":"https:\/\/api.w.org\/{rel}","templated":true}]}}