{"id":732076,"date":"2025-08-27T21:43:41","date_gmt":"2025-08-27T18:43:41","guid":{"rendered":"https:\/\/roveyayinevi.com.tr\/index.php\/urun\/sokak-lambasi\/"},"modified":"2026-04-16T02:39:54","modified_gmt":"2026-04-15T23:39:54","slug":"sokak-lambasi","status":"publish","type":"product","link":"https:\/\/roveyayinevi.com.tr\/index.php\/urun\/sokak-lambasi\/","title":{"rendered":"Sokak Lambas\u0131"},"content":{"rendered":"<p>Cenker Atila\u2019n\u0131n ikinci \u015fiir kitab\u0131 olan Sokak Lambas\u0131\u2019nda toplam 33 \u015fiir bulunmaktad\u0131r. C. Atila, \u015fiirlerini bir ak\u0131ma ba\u011fl\u0131 kalmaks\u0131z\u0131n, serbest \u00f6l\u00e7\u00fcde yazmay\u0131 tercih etmi\u015ftir. \u015eiirlerinin konusunu insan, insan ya\u015fam\u0131 ve duygular\u0131 olu\u015fturur. Fakat bu duygularda, genelde hayat\u0131n yoruculu\u011fu, b\u0131kk\u0131nl\u0131\u011f\u0131, adaletsizli\u011fi g\u00f6ze \u00e7arpar. \u015eiirlerinde genelde \u201cya\u015fanamayan a\u015fk\u201d, \u201cgitme\u201d, \u201cb\u0131rak\u0131lma\u201d ve \u201cyaln\u0131zl\u0131k\u201d temalar\u0131 vard\u0131r.   <\/p>\n","protected":false},"excerpt":{"rendered":"<p>Cenker Atila\u2019n\u0131n ikinci \u015fiir kitab\u0131 olan Sokak Lambas\u0131\u2019nda toplam 33 \u015fiir bulunmaktad\u0131r. C. Atila, \u015fiirlerini bir ak\u0131ma ba\u011fl\u0131 kalmaks\u0131z\u0131n, serbest \u00f6l\u00e7\u00fcde yazmay\u0131 tercih etmi\u015ftir. \u015eiirlerinin konusunu<span class=\"excerpt-hellip\"> [\u2026]<\/span><\/p>\n","protected":false},"featured_media":0,"template":"","meta":{"_monsterinsights_skip_tracking":false,"_monsterinsights_sitenote_active":false,"_monsterinsights_sitenote_note":"","_monsterinsights_sitenote_category":0},"product_brand":[],"product_cat":[12291,12509],"product_tag":[],"class_list":{"0":"post-732076","1":"product","2":"type-product","3":"status-publish","5":"product_cat-edebiyat","6":"product_cat-siir","7":"pa_cilt-ciltsiz","8":"pa_tur-kitap","9":"pa_yayinevi-myrina-yayinlari","10":"pa_yazar-cenker-atila","12":"first","13":"instock","14":"sale","15":"shipping-taxable","16":"purchasable","17":"product-type-simple"},"_links":{"self":[{"href":"https:\/\/roveyayinevi.com.tr\/index.php\/wp-json\/wp\/v2\/product\/732076","targetHints":{"allow":["GET"]}}],"collection":[{"href":"https:\/\/roveyayinevi.com.tr\/index.php\/wp-json\/wp\/v2\/product"}],"about":[{"href":"https:\/\/roveyayinevi.com.tr\/index.php\/wp-json\/wp\/v2\/types\/product"}],"wp:attachment":[{"href":"https:\/\/roveyayinevi.com.tr\/index.php\/wp-json\/wp\/v2\/media?parent=732076"}],"wp:term":[{"taxonomy":"product_brand","embeddable":true,"href":"https:\/\/roveyayinevi.com.tr\/index.php\/wp-json\/wp\/v2\/product_brand?post=732076"},{"taxonomy":"product_cat","embeddable":true,"href":"https:\/\/roveyayinevi.com.tr\/index.php\/wp-json\/wp\/v2\/product_cat?post=732076"},{"taxonomy":"product_tag","embeddable":true,"href":"https:\/\/roveyayinevi.com.tr\/index.php\/wp-json\/wp\/v2\/product_tag?post=732076"}],"curies":[{"name":"wp","href":"https:\/\/api.w.org\/{rel}","templated":true}]}}