{"id":732072,"date":"2025-08-27T21:43:37","date_gmt":"2025-08-27T18:43:37","guid":{"rendered":"https:\/\/roveyayinevi.com.tr\/index.php\/urun\/caglar-insaat-alaninda-ilk-okuma-kitabim\/"},"modified":"2026-04-16T02:39:54","modified_gmt":"2026-04-15T23:39:54","slug":"caglar-insaat-alaninda-ilk-okuma-kitabim","status":"publish","type":"product","link":"https:\/\/roveyayinevi.com.tr\/index.php\/urun\/caglar-insaat-alaninda-ilk-okuma-kitabim\/","title":{"rendered":"\u00c7a\u011flar \u0130n\u015faat Alan\u0131nda &#8211; \u0130lk Okuma Kitab\u0131m"},"content":{"rendered":"<p>\u00c7a\u011flar \u00e7ok heyecanl\u0131yd\u0131. Anaokulunun yan taraf\u0131ndaki eski ev y\u0131k\u0131lm\u0131\u015f, yerine yeni bir ev yap\u0131l\u0131yordu. \u00c7a\u011flar ile Pelin evin in\u015faat\u0131n\u0131 her g\u00fcn ilgiyle takip ediyorlard\u0131. Evin temeli at\u0131ld\u0131ktan sonra duvarlar\u0131 \u00f6r\u00fcld\u00fc, \u00e7at\u0131s\u0131 yap\u0131ld\u0131. Evin i\u00e7ine s\u0131ra geldi\u011finde, \u00c7a\u011flar ile Pelin eve kimin ta\u015f\u0131naca\u011f\u0131n\u0131 merak etmeyeba\u015flad\u0131. Acaba yeni bir arkada\u015f olabilir miydi?<\/p>\n","protected":false},"excerpt":{"rendered":"<p>\u00c7a\u011flar \u00e7ok heyecanl\u0131yd\u0131. Anaokulunun yan taraf\u0131ndaki eski ev y\u0131k\u0131lm\u0131\u015f, yerine yeni bir ev yap\u0131l\u0131yordu. \u00c7a\u011flar ile Pelin evin in\u015faat\u0131n\u0131 her g\u00fcn ilgiyle takip ediyorlard\u0131. Evin temeli<span class=\"excerpt-hellip\"> [\u2026]<\/span><\/p>\n","protected":false},"featured_media":0,"template":"","meta":{"_monsterinsights_skip_tracking":false,"_monsterinsights_sitenote_active":false,"_monsterinsights_sitenote_note":"","_monsterinsights_sitenote_category":0},"product_brand":[],"product_cat":[12274,12518],"product_tag":[],"class_list":{"0":"post-732072","1":"product","2":"type-product","3":"status-publish","5":"product_cat-cocuk-ve-genclik-kitaplari","6":"product_cat-okul-oncesi-kitaplar","7":"pa_cilt-ciltsiz","8":"pa_tur-kitap","9":"pa_yayinevi-is-bankasi-kultur-yayinlari","10":"pa_yazar-christian-tielmann","12":"first","13":"instock","14":"sale","15":"shipping-taxable","16":"purchasable","17":"product-type-simple"},"_links":{"self":[{"href":"https:\/\/roveyayinevi.com.tr\/index.php\/wp-json\/wp\/v2\/product\/732072","targetHints":{"allow":["GET"]}}],"collection":[{"href":"https:\/\/roveyayinevi.com.tr\/index.php\/wp-json\/wp\/v2\/product"}],"about":[{"href":"https:\/\/roveyayinevi.com.tr\/index.php\/wp-json\/wp\/v2\/types\/product"}],"wp:attachment":[{"href":"https:\/\/roveyayinevi.com.tr\/index.php\/wp-json\/wp\/v2\/media?parent=732072"}],"wp:term":[{"taxonomy":"product_brand","embeddable":true,"href":"https:\/\/roveyayinevi.com.tr\/index.php\/wp-json\/wp\/v2\/product_brand?post=732072"},{"taxonomy":"product_cat","embeddable":true,"href":"https:\/\/roveyayinevi.com.tr\/index.php\/wp-json\/wp\/v2\/product_cat?post=732072"},{"taxonomy":"product_tag","embeddable":true,"href":"https:\/\/roveyayinevi.com.tr\/index.php\/wp-json\/wp\/v2\/product_tag?post=732072"}],"curies":[{"name":"wp","href":"https:\/\/api.w.org\/{rel}","templated":true}]}}