{"id":732069,"date":"2025-08-27T21:43:34","date_gmt":"2025-08-27T18:43:34","guid":{"rendered":"https:\/\/roveyayinevi.com.tr\/index.php\/urun\/haydi-kizlar-gokyuzune\/"},"modified":"2026-04-16T02:39:54","modified_gmt":"2026-04-15T23:39:54","slug":"haydi-kizlar-gokyuzune","status":"publish","type":"product","link":"https:\/\/roveyayinevi.com.tr\/index.php\/urun\/haydi-kizlar-gokyuzune\/","title":{"rendered":"Haydi K\u0131zlar G\u00f6ky\u00fcz\u00fcne"},"content":{"rendered":"<p>6. y\u00fczy\u0131lda hem b\u00fct\u00fcn insanl\u0131\u011fa g\u00f6nderilen Allah&#8217;\u0131n el\u00e7isi, m\u00fcjdesi Hz. Muhammed&#8217;i hem de 20. y\u00fczy\u0131lda Anadolu&#8217;ya bilgelikle gelen, as\u0131rlard\u0131r yok edilmeye \u00e7al\u0131\u015f\u0131lan \u00fclkemizi, d\u00fc\u015fman azab\u0131ndan kurtaran Mustafa Kemal&#8217;i birlikte sevmeli, saymal\u0131, anmal\u0131; b\u00fcy\u00fck liderlerden, \u00f6\u011frettiklerinden ders \u00e7\u0131karmal\u0131y\u0131z. Neden bu e\u011fiticilerin birini sevip di\u011ferinden uzakla\u015fmal\u0131y\u0131z, her ikisinden de \u00f6\u011freneceklerimiz olamaz m\u0131?<\/p>\n","protected":false},"excerpt":{"rendered":"<p>6. y\u00fczy\u0131lda hem b\u00fct\u00fcn insanl\u0131\u011fa g\u00f6nderilen Allah&#8217;\u0131n el\u00e7isi, m\u00fcjdesi Hz. Muhammed&#8217;i hem de 20. y\u00fczy\u0131lda Anadolu&#8217;ya bilgelikle gelen, as\u0131rlard\u0131r yok edilmeye \u00e7al\u0131\u015f\u0131lan \u00fclkemizi, d\u00fc\u015fman azab\u0131ndan kurtaran<span class=\"excerpt-hellip\"> [\u2026]<\/span><\/p>\n","protected":false},"featured_media":0,"template":"","meta":{"_monsterinsights_skip_tracking":false,"_monsterinsights_sitenote_active":false,"_monsterinsights_sitenote_note":"","_monsterinsights_sitenote_category":0},"product_brand":[],"product_cat":[12718,18102,12719],"product_tag":[],"class_list":{"0":"post-732069","1":"product","2":"type-product","3":"status-publish","5":"product_cat-din","6":"product_cat-edebiyat-roman","7":"product_cat-islam","8":"pa_cilt-ciltsiz","9":"pa_tur-kitap","10":"pa_yayinevi-fa-yayinlari","11":"pa_yazar-nese-demirel-cetiner","13":"first","14":"instock","15":"sale","16":"shipping-taxable","17":"purchasable","18":"product-type-simple"},"_links":{"self":[{"href":"https:\/\/roveyayinevi.com.tr\/index.php\/wp-json\/wp\/v2\/product\/732069","targetHints":{"allow":["GET"]}}],"collection":[{"href":"https:\/\/roveyayinevi.com.tr\/index.php\/wp-json\/wp\/v2\/product"}],"about":[{"href":"https:\/\/roveyayinevi.com.tr\/index.php\/wp-json\/wp\/v2\/types\/product"}],"wp:attachment":[{"href":"https:\/\/roveyayinevi.com.tr\/index.php\/wp-json\/wp\/v2\/media?parent=732069"}],"wp:term":[{"taxonomy":"product_brand","embeddable":true,"href":"https:\/\/roveyayinevi.com.tr\/index.php\/wp-json\/wp\/v2\/product_brand?post=732069"},{"taxonomy":"product_cat","embeddable":true,"href":"https:\/\/roveyayinevi.com.tr\/index.php\/wp-json\/wp\/v2\/product_cat?post=732069"},{"taxonomy":"product_tag","embeddable":true,"href":"https:\/\/roveyayinevi.com.tr\/index.php\/wp-json\/wp\/v2\/product_tag?post=732069"}],"curies":[{"name":"wp","href":"https:\/\/api.w.org\/{rel}","templated":true}]}}