{"id":732068,"date":"2025-08-27T21:43:33","date_gmt":"2025-08-27T18:43:33","guid":{"rendered":"https:\/\/roveyayinevi.com.tr\/index.php\/urun\/elif-ofkeli-ilk-okuma-kitabim\/"},"modified":"2026-04-16T02:39:54","modified_gmt":"2026-04-15T23:39:54","slug":"elif-ofkeli-ilk-okuma-kitabim","status":"publish","type":"product","link":"https:\/\/roveyayinevi.com.tr\/index.php\/urun\/elif-ofkeli-ilk-okuma-kitabim\/","title":{"rendered":"Elif \u00d6fkeli &#8211; \u0130lk Okuma Kitab\u0131m"},"content":{"rendered":"<p>Baz\u0131 g\u00fcnler her \u015fey \u00fcst \u00fcste gelebilir. O g\u00fcn de Elif i\u00e7in \u00f6yleydi. \u00d6nce anaokulunda yapt\u0131\u011f\u0131 resmin \u00fczerine su d\u00f6k\u00fcld\u00fc, sonra Deniz\u2019le in\u015fa ettikleri kule y\u0131k\u0131ld\u0131. Okuldan sonra parka gitmek istedi\u011finde, annesi i\u015fi oldu\u011funu s\u00f6yledi. Eve d\u00f6nd\u00fcklerinde ya\u015fanan birka\u00e7 olay sonras\u0131nda Elif o kadar \u00f6fkelendi ki, her an patlayacak koca bir balon gibi hissetti kendini<\/p>\n","protected":false},"excerpt":{"rendered":"<p>Baz\u0131 g\u00fcnler her \u015fey \u00fcst \u00fcste gelebilir. O g\u00fcn de Elif i\u00e7in \u00f6yleydi. \u00d6nce anaokulunda yapt\u0131\u011f\u0131 resmin \u00fczerine su d\u00f6k\u00fcld\u00fc, sonra Deniz\u2019le in\u015fa ettikleri kule y\u0131k\u0131ld\u0131.<span class=\"excerpt-hellip\"> [\u2026]<\/span><\/p>\n","protected":false},"featured_media":0,"template":"","meta":{"_monsterinsights_skip_tracking":false,"_monsterinsights_sitenote_active":false,"_monsterinsights_sitenote_note":"","_monsterinsights_sitenote_category":0},"product_brand":[],"product_cat":[12274,12518],"product_tag":[],"class_list":{"0":"post-732068","1":"product","2":"type-product","3":"status-publish","5":"product_cat-cocuk-ve-genclik-kitaplari","6":"product_cat-okul-oncesi-kitaplar","7":"pa_cilt-ciltsiz","8":"pa_tur-kitap","9":"pa_yayinevi-is-bankasi-kultur-yayinlari","10":"pa_yazar-laane-schneider","12":"first","13":"instock","14":"sale","15":"shipping-taxable","16":"purchasable","17":"product-type-simple"},"_links":{"self":[{"href":"https:\/\/roveyayinevi.com.tr\/index.php\/wp-json\/wp\/v2\/product\/732068","targetHints":{"allow":["GET"]}}],"collection":[{"href":"https:\/\/roveyayinevi.com.tr\/index.php\/wp-json\/wp\/v2\/product"}],"about":[{"href":"https:\/\/roveyayinevi.com.tr\/index.php\/wp-json\/wp\/v2\/types\/product"}],"wp:attachment":[{"href":"https:\/\/roveyayinevi.com.tr\/index.php\/wp-json\/wp\/v2\/media?parent=732068"}],"wp:term":[{"taxonomy":"product_brand","embeddable":true,"href":"https:\/\/roveyayinevi.com.tr\/index.php\/wp-json\/wp\/v2\/product_brand?post=732068"},{"taxonomy":"product_cat","embeddable":true,"href":"https:\/\/roveyayinevi.com.tr\/index.php\/wp-json\/wp\/v2\/product_cat?post=732068"},{"taxonomy":"product_tag","embeddable":true,"href":"https:\/\/roveyayinevi.com.tr\/index.php\/wp-json\/wp\/v2\/product_tag?post=732068"}],"curies":[{"name":"wp","href":"https:\/\/api.w.org\/{rel}","templated":true}]}}