{"id":732057,"date":"2025-08-27T21:43:21","date_gmt":"2025-08-27T18:43:21","guid":{"rendered":"https:\/\/roveyayinevi.com.tr\/index.php\/urun\/rabbim-yol-sanadir\/"},"modified":"2026-04-16T02:39:54","modified_gmt":"2026-04-15T23:39:54","slug":"rabbim-yol-sanadir","status":"publish","type":"product","link":"https:\/\/roveyayinevi.com.tr\/index.php\/urun\/rabbim-yol-sanadir\/","title":{"rendered":"Rabbim Yol Sanad\u0131r"},"content":{"rendered":"<p>\u0130nsan Rabbinden ba\u015fka nereye gidebilir?Gidenlerden bahsediyorsun, gitmeyen var.Aldatanlardan bahsediyorsun, yalanlardan b\u00fcy\u00fck Bir ger\u00e7ek var.Anlamayanlardan bahsediyorsun, y\u00fcre\u011findeki sevgiyi bilen var.Yaln\u0131zl\u0131ktan bahsediyorsun, sen fark etmesen de ruhuna Bir dokunan var.Y\u00fczlerce y\u00fcz\u00fcnden bahsediyorsun insano\u011flunun, y\u00fczlerce y\u00fcz\u00fcn\u00fcn i\u00e7inde sakl\u0131 riyas\u0131ndan, hilesinden, \u00e7\u0131kar\u0131ndan, talan\u0131ndan\u2026Unutmasana!Senin y\u00fcz\u00fcne hep Bir g\u00fcl\u00fcmseyen var.\u201cYoruldum\u201d diyorsun g\u00fczel dostum, e\u011fer duyarsan, \u201cyan\u0131nday\u0131m\u201d diyen var.\u201cYan\u0131nday\u0131m\u201d diyen ve g\u00f6r\u00fcrsen yan\u0131ndan bir ad\u0131m \u00f6teye gitmeyenVar!<\/p>\n","protected":false},"excerpt":{"rendered":"<p>\u0130nsan Rabbinden ba\u015fka nereye gidebilir?Gidenlerden bahsediyorsun, gitmeyen var.Aldatanlardan bahsediyorsun, yalanlardan b\u00fcy\u00fck Bir ger\u00e7ek var.Anlamayanlardan bahsediyorsun, y\u00fcre\u011findeki sevgiyi bilen var.Yaln\u0131zl\u0131ktan bahsediyorsun, sen fark etmesen de ruhuna Bir<span class=\"excerpt-hellip\"> [\u2026]<\/span><\/p>\n","protected":false},"featured_media":0,"template":"","meta":{"_monsterinsights_skip_tracking":false,"_monsterinsights_sitenote_active":false,"_monsterinsights_sitenote_note":"","_monsterinsights_sitenote_category":0},"product_brand":[],"product_cat":[12718,12719,12720],"product_tag":[],"class_list":{"0":"post-732057","1":"product","2":"type-product","3":"status-publish","5":"product_cat-din","6":"product_cat-islam","7":"product_cat-tasavvuf-mezhepler-tarikatlar","8":"pa_cilt-ciltsiz","9":"pa_tur-kitap","10":"pa_yayinevi-hayykitap","11":"pa_yazar-hayykitap-kolektif","13":"first","14":"instock","15":"sale","16":"shipping-taxable","17":"purchasable","18":"product-type-simple"},"_links":{"self":[{"href":"https:\/\/roveyayinevi.com.tr\/index.php\/wp-json\/wp\/v2\/product\/732057","targetHints":{"allow":["GET"]}}],"collection":[{"href":"https:\/\/roveyayinevi.com.tr\/index.php\/wp-json\/wp\/v2\/product"}],"about":[{"href":"https:\/\/roveyayinevi.com.tr\/index.php\/wp-json\/wp\/v2\/types\/product"}],"wp:attachment":[{"href":"https:\/\/roveyayinevi.com.tr\/index.php\/wp-json\/wp\/v2\/media?parent=732057"}],"wp:term":[{"taxonomy":"product_brand","embeddable":true,"href":"https:\/\/roveyayinevi.com.tr\/index.php\/wp-json\/wp\/v2\/product_brand?post=732057"},{"taxonomy":"product_cat","embeddable":true,"href":"https:\/\/roveyayinevi.com.tr\/index.php\/wp-json\/wp\/v2\/product_cat?post=732057"},{"taxonomy":"product_tag","embeddable":true,"href":"https:\/\/roveyayinevi.com.tr\/index.php\/wp-json\/wp\/v2\/product_tag?post=732057"}],"curies":[{"name":"wp","href":"https:\/\/api.w.org\/{rel}","templated":true}]}}