{"id":732056,"date":"2025-08-27T21:43:20","date_gmt":"2025-08-27T18:43:20","guid":{"rendered":"https:\/\/roveyayinevi.com.tr\/index.php\/urun\/korkma-hep-varsin\/"},"modified":"2026-04-16T02:39:54","modified_gmt":"2026-04-15T23:39:54","slug":"korkma-hep-varsin","status":"publish","type":"product","link":"https:\/\/roveyayinevi.com.tr\/index.php\/urun\/korkma-hep-varsin\/","title":{"rendered":"Korkma Hep Vars\u0131n"},"content":{"rendered":"<p>Bir zamanlar yoktuk, \u015fimdiyse var\u0131z. \u00d6nce hi\u00e7bir \u015feydik, sonra pek \u00e7ok \u015fey olduk. Bunun ard\u0131ndan yeniden \u201chi\u00e7bir \u015fey\u201d olaca\u011f\u0131m\u0131z\u0131 \u00f6ne s\u00fcrmek akla yatk\u0131n bir a\u00e7\u0131klama de\u011fildir.\u0130nsan i\u00e7in en \u00f6nemli mutluluk kaynaklar\u0131ndan biri, \u00f6l\u00fcm \u00f6tesindeki sonsuz ya\u015fama inanmakt\u0131r. Ahiret bilgisi, insan\u0131n -daha bu d\u00fcnyada- a\u011flamalar\u0131n\u0131 g\u00fclmeye, endi\u015felerini \u015f\u00fckre \u00e7evirecek olan bir bilgidir.Vakti dolan insan d\u00fcnyadan ayr\u0131l\u0131r ayr\u0131lmaz \u201cart\u0131k hep ama hep vars\u0131n\u201d c\u00fcmlesinin i\u00e7ine do\u011far. Bu ne g\u00fczel bir m\u00fcjde, ne harika bir kar\u015f\u0131lamad\u0131r. Yoklu\u011fun ve ebedi ayr\u0131l\u0131klar\u0131n \u00e7\u00f6z\u00fcms\u00fcz ikliminde ya\u015fayan insan i\u00e7in ne paha bi\u00e7ilmez bir mutluluktur bu! Ebediyen var olma nimeti, \u015f\u00fcphesiz ki nimetlerin en b\u00fcy\u00fc\u011f\u00fcd\u00fcr.Ebediyete daha \u015fimdiden sahip oldu\u011funu hissetmek, nas\u0131l da farkl\u0131 bir duygudur. Vars\u0131n ve hep vars\u0131n ve hep vars\u0131n. Ebediyen, ilelebet, sonsuza dek hep ama hep vars\u0131n. Yoktun, var oldun ve hep var olacaks\u0131n.<\/p>\n","protected":false},"excerpt":{"rendered":"<p>Bir zamanlar yoktuk, \u015fimdiyse var\u0131z. \u00d6nce hi\u00e7bir \u015feydik, sonra pek \u00e7ok \u015fey olduk. Bunun ard\u0131ndan yeniden \u201chi\u00e7bir \u015fey\u201d olaca\u011f\u0131m\u0131z\u0131 \u00f6ne s\u00fcrmek akla yatk\u0131n bir a\u00e7\u0131klama de\u011fildir.\u0130nsan<span class=\"excerpt-hellip\"> [\u2026]<\/span><\/p>\n","protected":false},"featured_media":0,"template":"","meta":{"_monsterinsights_skip_tracking":false,"_monsterinsights_sitenote_active":false,"_monsterinsights_sitenote_note":"","_monsterinsights_sitenote_category":0},"product_brand":[],"product_cat":[12718,12719,12720],"product_tag":[],"class_list":{"0":"post-732056","1":"product","2":"type-product","3":"status-publish","5":"product_cat-din","6":"product_cat-islam","7":"product_cat-tasavvuf-mezhepler-tarikatlar","8":"pa_cilt-ciltsiz","9":"pa_tur-kitap","10":"pa_yayinevi-hayykitap","11":"pa_yazar-mecit-omur-ozturk","13":"first","14":"instock","15":"sale","16":"shipping-taxable","17":"purchasable","18":"product-type-simple"},"_links":{"self":[{"href":"https:\/\/roveyayinevi.com.tr\/index.php\/wp-json\/wp\/v2\/product\/732056","targetHints":{"allow":["GET"]}}],"collection":[{"href":"https:\/\/roveyayinevi.com.tr\/index.php\/wp-json\/wp\/v2\/product"}],"about":[{"href":"https:\/\/roveyayinevi.com.tr\/index.php\/wp-json\/wp\/v2\/types\/product"}],"wp:attachment":[{"href":"https:\/\/roveyayinevi.com.tr\/index.php\/wp-json\/wp\/v2\/media?parent=732056"}],"wp:term":[{"taxonomy":"product_brand","embeddable":true,"href":"https:\/\/roveyayinevi.com.tr\/index.php\/wp-json\/wp\/v2\/product_brand?post=732056"},{"taxonomy":"product_cat","embeddable":true,"href":"https:\/\/roveyayinevi.com.tr\/index.php\/wp-json\/wp\/v2\/product_cat?post=732056"},{"taxonomy":"product_tag","embeddable":true,"href":"https:\/\/roveyayinevi.com.tr\/index.php\/wp-json\/wp\/v2\/product_tag?post=732056"}],"curies":[{"name":"wp","href":"https:\/\/api.w.org\/{rel}","templated":true}]}}