{"id":732053,"date":"2025-08-27T21:43:17","date_gmt":"2025-08-27T18:43:17","guid":{"rendered":"https:\/\/roveyayinevi.com.tr\/index.php\/urun\/meleklerin-ve-atalarin-kehaneti-kartlari\/"},"modified":"2026-04-16T02:39:54","modified_gmt":"2026-04-15T23:39:54","slug":"meleklerin-ve-atalarin-kehaneti-kartlari","status":"publish","type":"product","link":"https:\/\/roveyayinevi.com.tr\/index.php\/urun\/meleklerin-ve-atalarin-kehaneti-kartlari\/","title":{"rendered":"Meleklerin ve Atalar\u0131n Kehaneti Kartlar\u0131"},"content":{"rendered":"<p>55 Kartl\u0131k Deste ve Rehber Kitap.   Melekler hangi k\u00fclt\u00fcrde ortaya \u00e7\u0131karsa \u00e7\u0131ks\u0131n her zaman tek bir misyonlar\u0131 olmu\u015ftur: insanlar\u0131 sevmek, onlara yard\u0131m etmek ve yol g\u00f6stermek. D\u00fcnyevi alanda Atalar bilgilerini, deneyimlerini ve sihirlerini bize sunan bilgeler, \u015fifac\u0131lar ve sava\u015f\u00e7\u0131lard\u0131r. Onlar sizin ne bilmeniz gerekti\u011fini bilirler. Bu rehber kitab\u0131, kehanet kartlar\u0131yla size sihirli bir elin yol g\u00f6sterdi\u011fi bir hayat s\u00fcrmenize yard\u0131m edecek meleklerin ve atalar\u0131n  gizemlerinin ve mesajlar\u0131n\u0131n nas\u0131l \u00e7\u00f6z\u00fclece\u011fini \u00f6\u011frenmek i\u00e7in kullan\u0131n. <\/p>\n","protected":false},"excerpt":{"rendered":"<p>55 Kartl\u0131k Deste ve Rehber Kitap. Melekler hangi k\u00fclt\u00fcrde ortaya \u00e7\u0131karsa \u00e7\u0131ks\u0131n her zaman tek bir misyonlar\u0131 olmu\u015ftur: insanlar\u0131 sevmek, onlara yard\u0131m etmek ve yol g\u00f6stermek.<span class=\"excerpt-hellip\"> [\u2026]<\/span><\/p>\n","protected":false},"featured_media":0,"template":"","meta":{"_monsterinsights_skip_tracking":false,"_monsterinsights_sitenote_active":false,"_monsterinsights_sitenote_note":"","_monsterinsights_sitenote_category":0},"product_brand":[],"product_cat":[18082,15563],"product_tag":[],"class_list":{"0":"post-732053","1":"product","2":"type-product","3":"status-publish","5":"product_cat-astroloji-fal-ruya","6":"product_cat-hobi","7":"pa_cilt-ciltsiz","8":"pa_tur-kitap","9":"pa_yayinevi-butik-yayinlari","10":"pa_yazar-kyle-gray","12":"first","13":"instock","14":"sale","15":"shipping-taxable","16":"purchasable","17":"product-type-simple"},"_links":{"self":[{"href":"https:\/\/roveyayinevi.com.tr\/index.php\/wp-json\/wp\/v2\/product\/732053","targetHints":{"allow":["GET"]}}],"collection":[{"href":"https:\/\/roveyayinevi.com.tr\/index.php\/wp-json\/wp\/v2\/product"}],"about":[{"href":"https:\/\/roveyayinevi.com.tr\/index.php\/wp-json\/wp\/v2\/types\/product"}],"wp:attachment":[{"href":"https:\/\/roveyayinevi.com.tr\/index.php\/wp-json\/wp\/v2\/media?parent=732053"}],"wp:term":[{"taxonomy":"product_brand","embeddable":true,"href":"https:\/\/roveyayinevi.com.tr\/index.php\/wp-json\/wp\/v2\/product_brand?post=732053"},{"taxonomy":"product_cat","embeddable":true,"href":"https:\/\/roveyayinevi.com.tr\/index.php\/wp-json\/wp\/v2\/product_cat?post=732053"},{"taxonomy":"product_tag","embeddable":true,"href":"https:\/\/roveyayinevi.com.tr\/index.php\/wp-json\/wp\/v2\/product_tag?post=732053"}],"curies":[{"name":"wp","href":"https:\/\/api.w.org\/{rel}","templated":true}]}}