{"id":732050,"date":"2025-08-27T21:43:13","date_gmt":"2025-08-27T18:43:13","guid":{"rendered":"https:\/\/roveyayinevi.com.tr\/index.php\/urun\/yagmurun-gozyaslari\/"},"modified":"2026-04-16T02:39:54","modified_gmt":"2026-04-15T23:39:54","slug":"yagmurun-gozyaslari","status":"publish","type":"product","link":"https:\/\/roveyayinevi.com.tr\/index.php\/urun\/yagmurun-gozyaslari\/","title":{"rendered":"Ya\u011fmur\u2019un G\u00f6zya\u015flar\u0131"},"content":{"rendered":"<p>S\u0131rf sevdiklerin \u00fcz\u00fclmesin diye tek ba\u015f\u0131na sahiplendi\u011fin ac\u0131lar vard\u0131r.Sana anlatmad\u0131\u011f\u0131m, anlatamad\u0131\u011f\u0131m \u015feyler de var anne. Kim bilir, belki de senden \u00f6\u011frendim i\u00e7imin f\u0131rt\u0131nalar\u0131n\u0131 y\u00fcz\u00fcmdeki g\u00fcl\u00fcmsemeyle ve duda\u011f\u0131mdaki, \u201c\u0130yiyim ben,\u201d yalanlar\u0131yla kapatmay\u0131. Kim bilir, belki de sen anl\u0131yorsun g\u00f6zlerimdeki ac\u0131y\u0131. Ama ne senin sormaya dilin gidiyor ne de benim anlatmaya cesaretim yetiyor. Oysa uzan\u0131p dizlerine, \u201cYoruldum art\u0131k anne!\u201d diyerek a\u011flamay\u0131 ne de \u00e7ok isterdim. Ama sen beni yine de iyi bil anne. Ne ben art\u0131k senin arkana saklanacak kadar k\u00fc\u00e7\u00fc\u011f\u00fcm ne de sen beni o yorgun dizlerinde ta\u015f\u0131yabilecek kadar g\u00fc\u00e7l\u00fcs\u00fcn. Sebep olaca\u011f\u0131m her g\u00f6zya\u015f\u0131na kurban olurum. Sen kendine iyi bak annem. Ben toparlanman\u0131n yolunu nas\u0131l olsa bir \u015fekilde bulurum.<\/p>\n","protected":false},"excerpt":{"rendered":"<p>S\u0131rf sevdiklerin \u00fcz\u00fclmesin diye tek ba\u015f\u0131na sahiplendi\u011fin ac\u0131lar vard\u0131r.Sana anlatmad\u0131\u011f\u0131m, anlatamad\u0131\u011f\u0131m \u015feyler de var anne. Kim bilir, belki de senden \u00f6\u011frendim i\u00e7imin f\u0131rt\u0131nalar\u0131n\u0131 y\u00fcz\u00fcmdeki g\u00fcl\u00fcmsemeyle ve<span class=\"excerpt-hellip\"> [\u2026]<\/span><\/p>\n","protected":false},"featured_media":0,"template":"","meta":{"_monsterinsights_skip_tracking":false,"_monsterinsights_sitenote_active":false,"_monsterinsights_sitenote_note":"","_monsterinsights_sitenote_category":0},"product_brand":[],"product_cat":[12777,12291],"product_tag":[],"class_list":{"0":"post-732050","1":"product","2":"type-product","3":"status-publish","5":"product_cat-deneme","6":"product_cat-edebiyat","7":"pa_cilt-ciltsiz","8":"pa_tur-kitap","9":"pa_yayinevi-indigo-kitap","10":"pa_yazar-ugur-gokbulut","12":"first","13":"instock","14":"sale","15":"shipping-taxable","16":"purchasable","17":"product-type-simple"},"_links":{"self":[{"href":"https:\/\/roveyayinevi.com.tr\/index.php\/wp-json\/wp\/v2\/product\/732050","targetHints":{"allow":["GET"]}}],"collection":[{"href":"https:\/\/roveyayinevi.com.tr\/index.php\/wp-json\/wp\/v2\/product"}],"about":[{"href":"https:\/\/roveyayinevi.com.tr\/index.php\/wp-json\/wp\/v2\/types\/product"}],"wp:attachment":[{"href":"https:\/\/roveyayinevi.com.tr\/index.php\/wp-json\/wp\/v2\/media?parent=732050"}],"wp:term":[{"taxonomy":"product_brand","embeddable":true,"href":"https:\/\/roveyayinevi.com.tr\/index.php\/wp-json\/wp\/v2\/product_brand?post=732050"},{"taxonomy":"product_cat","embeddable":true,"href":"https:\/\/roveyayinevi.com.tr\/index.php\/wp-json\/wp\/v2\/product_cat?post=732050"},{"taxonomy":"product_tag","embeddable":true,"href":"https:\/\/roveyayinevi.com.tr\/index.php\/wp-json\/wp\/v2\/product_tag?post=732050"}],"curies":[{"name":"wp","href":"https:\/\/api.w.org\/{rel}","templated":true}]}}