{"id":732049,"date":"2025-08-27T21:43:11","date_gmt":"2025-08-27T18:43:11","guid":{"rendered":"https:\/\/roveyayinevi.com.tr\/index.php\/urun\/bir-kadin-agladiginda\/"},"modified":"2026-04-16T02:39:54","modified_gmt":"2026-04-15T23:39:54","slug":"bir-kadin-agladiginda","status":"publish","type":"product","link":"https:\/\/roveyayinevi.com.tr\/index.php\/urun\/bir-kadin-agladiginda\/","title":{"rendered":"Bir Kad\u0131n A\u011flad\u0131\u011f\u0131nda"},"content":{"rendered":"<p>Asla b\u00fcy\u00fck konu\u015fma.Ba\u015fkas\u0131n\u0131n ba\u015f\u0131na gelen her \u015fey senin de ba\u015f\u0131na gelebilir.Yoklu\u011funun fark edilmedi\u011fi, varl\u0131\u011f\u0131n\u0131n de\u011fer g\u00f6rmedi\u011fi, ba\u015fkalar\u0131n\u0131n senden daha \u00e7ok \u00f6nemsendi\u011fi, y\u00fcz\u00fcn\u00fcn g\u00fclmedi\u011fi yerleri ve insanlar\u0131 sahiplenme sak\u0131n.Sadece ba\u015fkalar\u0131n\u0131n hayatlar\u0131n\u0131 kolayla\u015ft\u0131rmak i\u00e7in varsan ve sadece fedak\u00e2rl\u0131klar\u0131n sonucunda g\u00fczel s\u00f6zler duyuyorsan; yani yapt\u0131klar\u0131nla takdir ediliyor, yapmad\u0131klar\u0131nla ele\u015ftiriliyorsan e\u011fer, i\u015fte o zaman sessizce k\u0131r zincirlerini, y\u00fcre\u011fini topla ve t\u00fcm ac\u0131lara elveda de. \u00c7\u00fcnk\u00fc ne senden bir tane daha var ne de ya\u015fayaca\u011f\u0131n \u00f6m\u00fcrden&#8230;<\/p>\n","protected":false},"excerpt":{"rendered":"<p>Asla b\u00fcy\u00fck konu\u015fma.Ba\u015fkas\u0131n\u0131n ba\u015f\u0131na gelen her \u015fey senin de ba\u015f\u0131na gelebilir.Yoklu\u011funun fark edilmedi\u011fi, varl\u0131\u011f\u0131n\u0131n de\u011fer g\u00f6rmedi\u011fi, ba\u015fkalar\u0131n\u0131n senden daha \u00e7ok \u00f6nemsendi\u011fi, y\u00fcz\u00fcn\u00fcn g\u00fclmedi\u011fi yerleri ve insanlar\u0131<span class=\"excerpt-hellip\"> [\u2026]<\/span><\/p>\n","protected":false},"featured_media":0,"template":"","meta":{"_monsterinsights_skip_tracking":false,"_monsterinsights_sitenote_active":false,"_monsterinsights_sitenote_note":"","_monsterinsights_sitenote_category":0},"product_brand":[],"product_cat":[12777,12291],"product_tag":[],"class_list":{"0":"post-732049","1":"product","2":"type-product","3":"status-publish","5":"product_cat-deneme","6":"product_cat-edebiyat","7":"pa_cilt-ciltsiz","8":"pa_tur-kitap","9":"pa_yayinevi-indigo-kitap","10":"pa_yazar-ugur-gokbulut","12":"first","13":"instock","14":"sale","15":"shipping-taxable","16":"purchasable","17":"product-type-simple"},"_links":{"self":[{"href":"https:\/\/roveyayinevi.com.tr\/index.php\/wp-json\/wp\/v2\/product\/732049","targetHints":{"allow":["GET"]}}],"collection":[{"href":"https:\/\/roveyayinevi.com.tr\/index.php\/wp-json\/wp\/v2\/product"}],"about":[{"href":"https:\/\/roveyayinevi.com.tr\/index.php\/wp-json\/wp\/v2\/types\/product"}],"wp:attachment":[{"href":"https:\/\/roveyayinevi.com.tr\/index.php\/wp-json\/wp\/v2\/media?parent=732049"}],"wp:term":[{"taxonomy":"product_brand","embeddable":true,"href":"https:\/\/roveyayinevi.com.tr\/index.php\/wp-json\/wp\/v2\/product_brand?post=732049"},{"taxonomy":"product_cat","embeddable":true,"href":"https:\/\/roveyayinevi.com.tr\/index.php\/wp-json\/wp\/v2\/product_cat?post=732049"},{"taxonomy":"product_tag","embeddable":true,"href":"https:\/\/roveyayinevi.com.tr\/index.php\/wp-json\/wp\/v2\/product_tag?post=732049"}],"curies":[{"name":"wp","href":"https:\/\/api.w.org\/{rel}","templated":true}]}}