{"id":732043,"date":"2025-08-27T21:43:03","date_gmt":"2025-08-27T18:43:03","guid":{"rendered":"https:\/\/roveyayinevi.com.tr\/index.php\/urun\/efruz-bey-5\/"},"modified":"2026-04-16T02:39:54","modified_gmt":"2026-04-15T23:39:54","slug":"efruz-bey-5","status":"publish","type":"product","link":"https:\/\/roveyayinevi.com.tr\/index.php\/urun\/efruz-bey-5\/","title":{"rendered":"Efruz Bey"},"content":{"rendered":"<p>\u00c7o\u011funlukla yazd\u0131\u011f\u0131 \u00f6yk\u00fcler ve bu \u00f6yk\u00fclerde ele ald\u0131\u011f\u0131 tarihi ve milli unsurlarla \u00f6ne \u00e7\u0131kar\u0131lsa da \u00d6mer Seyfettin, bir\u00e7ok \u00f6yk\u00fcs\u00fcnde kar\u015f\u0131m\u0131za \u00e7\u0131kan mizahi arka plan\u0131 ve \u00e7ok zaman harikalar yaratt\u0131\u011f\u0131 ironik diliyle de ayr\u0131 bir \u00f6neme sahiptir. Onun 1919\u2019da Vakit gazetesinde tefrika edilen Efruz Bey isimli roman\u0131 bunun en iyi \u00f6rneklerindendir. Tefrika edildikten sonra, Vakit Matbaas\u0131\u2019nda 80 sayfal\u0131k bir kitap olarak yay\u0131mlanan eserinde \u00d6mer Seyfettin, \u0130kinci Me\u015frutiyet sonras\u0131 de\u011fi\u015fen siyasi atmosferde ortaya \u00e7\u0131kan t\u00fcredi tipleri Efruz Bey \u00fczerinden ele\u015ftirir. Bu y\u00f6n\u00fcyle \u00d6mer Seyfettin, T\u00fcrk edebiyat\u0131nda Fel\u00e2tun Bey ve Rak\u0131m Efendi\u2019nin Fel\u00e2tun\u2019u, Araba Sevdas\u0131\u2019n\u0131n Bihruz\u2019u gibi \u201c\u00f6nc\u00fcl\u201d tipler aras\u0131nda yer alan Efruz Bey ile hem d\u00f6neminin bir ele\u015ftirisini yapacakt\u0131r hem de bug\u00fcn bile kar\u015f\u0131m\u0131za \u00e7\u0131kan benzerleriyle bir \u00f6l\u00fcms\u00fcz fig\u00fcr\u00fc hayat\u0131m\u0131za katacakt\u0131r.\u201c\u2018Efruz\u2026\u2019&#8230;Ho\u015ftu. Ahenkliydi. Hele manas\u0131 tamam\u0131yla kendine uyuyordu. \u0130stibdat, zul\u00fcm karanl\u0131\u011f\u0131n\u0131 o ayd\u0131nlatmam\u0131\u015f m\u0131yd\u0131? Bundan ba\u015fka&#8230; Evet, \u015fimdiye kadar hi\u00e7 kimse bu ismi ta\u015f\u0131mam\u0131\u015ft\u0131.\u2018Efruz, Efruz&#8230;\u2019\u201d<\/p>\n","protected":false},"excerpt":{"rendered":"<p>\u00c7o\u011funlukla yazd\u0131\u011f\u0131 \u00f6yk\u00fcler ve bu \u00f6yk\u00fclerde ele ald\u0131\u011f\u0131 tarihi ve milli unsurlarla \u00f6ne \u00e7\u0131kar\u0131lsa da \u00d6mer Seyfettin, bir\u00e7ok \u00f6yk\u00fcs\u00fcnde kar\u015f\u0131m\u0131za \u00e7\u0131kan mizahi arka plan\u0131 ve \u00e7ok<span class=\"excerpt-hellip\"> [\u2026]<\/span><\/p>\n","protected":false},"featured_media":0,"template":"","meta":{"_monsterinsights_skip_tracking":false,"_monsterinsights_sitenote_active":false,"_monsterinsights_sitenote_note":"","_monsterinsights_sitenote_category":0},"product_brand":[],"product_cat":[12291,13872],"product_tag":[],"class_list":{"0":"post-732043","1":"product","2":"type-product","3":"status-publish","5":"product_cat-edebiyat","6":"product_cat-klasikler","7":"pa_cilt-ciltsiz","8":"pa_tur-kitap","9":"pa_yayinevi-kirmizi-kedi-yayinevi","10":"pa_yazar-omer-seyfettin","12":"first","13":"instock","14":"sale","15":"shipping-taxable","16":"purchasable","17":"product-type-simple"},"_links":{"self":[{"href":"https:\/\/roveyayinevi.com.tr\/index.php\/wp-json\/wp\/v2\/product\/732043","targetHints":{"allow":["GET"]}}],"collection":[{"href":"https:\/\/roveyayinevi.com.tr\/index.php\/wp-json\/wp\/v2\/product"}],"about":[{"href":"https:\/\/roveyayinevi.com.tr\/index.php\/wp-json\/wp\/v2\/types\/product"}],"wp:attachment":[{"href":"https:\/\/roveyayinevi.com.tr\/index.php\/wp-json\/wp\/v2\/media?parent=732043"}],"wp:term":[{"taxonomy":"product_brand","embeddable":true,"href":"https:\/\/roveyayinevi.com.tr\/index.php\/wp-json\/wp\/v2\/product_brand?post=732043"},{"taxonomy":"product_cat","embeddable":true,"href":"https:\/\/roveyayinevi.com.tr\/index.php\/wp-json\/wp\/v2\/product_cat?post=732043"},{"taxonomy":"product_tag","embeddable":true,"href":"https:\/\/roveyayinevi.com.tr\/index.php\/wp-json\/wp\/v2\/product_tag?post=732043"}],"curies":[{"name":"wp","href":"https:\/\/api.w.org\/{rel}","templated":true}]}}