{"id":732041,"date":"2025-08-27T21:43:00","date_gmt":"2025-08-27T18:43:00","guid":{"rendered":"https:\/\/roveyayinevi.com.tr\/index.php\/urun\/siluet-3\/"},"modified":"2026-04-16T02:39:54","modified_gmt":"2026-04-15T23:39:54","slug":"siluet-3","status":"publish","type":"product","link":"https:\/\/roveyayinevi.com.tr\/index.php\/urun\/siluet-3\/","title":{"rendered":"Sil\u00fcet"},"content":{"rendered":"<p>Biz t\u00fcm seslerini duyamasak da Hayat\u0131n da bir melodisi var kendince. \u0130\u00e7ten i\u00e7e duyulan, hissi y\u00fcre\u011fe i\u015fleyen, Siyah beyaz gibi net \u00e7o\u011fu zaman\u2026 Alacas\u0131 yok\u2026 H\u00fczn\u00fc de sevinci de ayr\u0131 ahenkte. G\u00f6lgesi de \u0131\u015f\u0131\u011f\u0131 da yan yana, omuz omuza\u2026 Hepsi bir ses veriyor \u00f6m\u00fcr denen bu besteye\u2026 Hayat da bir piyano\u2026 Ve ancak her notaya tek tek basarak \u00f6\u011fretiyor melodisini. Yaln\u0131z sil\u00fcetinde ya\u015fan\u0131yor y\u00fcrekte olan. Bazen en tizinden vuruyor kula\u011f\u0131m\u0131za, Bazen a\u011f\u0131r a\u011f\u0131r y\u00fckleniyor pedallara\u2026 Es vermek istiyorsunuz bazen, yeri olmayan o portede, Her bir m\u0131sra ayr\u0131 yol oluyor size\u2026 Kimimiz s\u0131rt\u0131nda bahar ta\u015f\u0131yor, Kimimiz kar beyaz\u0131 \u00f6rtm\u00fc\u015f \u00fcst\u00fcne\u2026 Su gibi ak\u0131p gidiyor \u00f6m\u00fcr, parmaklar\u0131m\u0131z alt\u0131nda Ve tu\u015flar ellerimizde\u2026 <\/p>\n","protected":false},"excerpt":{"rendered":"<p>Biz t\u00fcm seslerini duyamasak da Hayat\u0131n da bir melodisi var kendince. \u0130\u00e7ten i\u00e7e duyulan, hissi y\u00fcre\u011fe i\u015fleyen, Siyah beyaz gibi net \u00e7o\u011fu zaman\u2026 Alacas\u0131 yok\u2026 H\u00fczn\u00fc<span class=\"excerpt-hellip\"> [\u2026]<\/span><\/p>\n","protected":false},"featured_media":0,"template":"","meta":{"_monsterinsights_skip_tracking":false,"_monsterinsights_sitenote_active":false,"_monsterinsights_sitenote_note":"","_monsterinsights_sitenote_category":0},"product_brand":[],"product_cat":[12291,12509],"product_tag":[],"class_list":{"0":"post-732041","1":"product","2":"type-product","3":"status-publish","5":"product_cat-edebiyat","6":"product_cat-siir","7":"pa_cilt-ciltsiz","8":"pa_tur-kitap","9":"pa_yayinevi-luna-yayinlari","10":"pa_yazar-yeliz-demirci","12":"first","13":"instock","14":"sale","15":"shipping-taxable","16":"purchasable","17":"product-type-simple"},"_links":{"self":[{"href":"https:\/\/roveyayinevi.com.tr\/index.php\/wp-json\/wp\/v2\/product\/732041","targetHints":{"allow":["GET"]}}],"collection":[{"href":"https:\/\/roveyayinevi.com.tr\/index.php\/wp-json\/wp\/v2\/product"}],"about":[{"href":"https:\/\/roveyayinevi.com.tr\/index.php\/wp-json\/wp\/v2\/types\/product"}],"wp:attachment":[{"href":"https:\/\/roveyayinevi.com.tr\/index.php\/wp-json\/wp\/v2\/media?parent=732041"}],"wp:term":[{"taxonomy":"product_brand","embeddable":true,"href":"https:\/\/roveyayinevi.com.tr\/index.php\/wp-json\/wp\/v2\/product_brand?post=732041"},{"taxonomy":"product_cat","embeddable":true,"href":"https:\/\/roveyayinevi.com.tr\/index.php\/wp-json\/wp\/v2\/product_cat?post=732041"},{"taxonomy":"product_tag","embeddable":true,"href":"https:\/\/roveyayinevi.com.tr\/index.php\/wp-json\/wp\/v2\/product_tag?post=732041"}],"curies":[{"name":"wp","href":"https:\/\/api.w.org\/{rel}","templated":true}]}}