{"id":732040,"date":"2025-08-27T21:42:59","date_gmt":"2025-08-27T18:42:59","guid":{"rendered":"https:\/\/roveyayinevi.com.tr\/index.php\/urun\/gargoyle\/"},"modified":"2026-04-16T02:39:53","modified_gmt":"2026-04-15T23:39:53","slug":"gargoyle","status":"publish","type":"product","link":"https:\/\/roveyayinevi.com.tr\/index.php\/urun\/gargoyle\/","title":{"rendered":"Gargoyle"},"content":{"rendered":"<p>Annelerin \u00e7\u0131\u011fl\u0131\u011f\u0131, sessizli\u011fin i\u00e7inde g\u00f6ky\u00fcz\u00fcne y\u00fckselirken kimsenin duymad\u0131\u011f\u0131 bu \u00e7\u0131\u011fl\u0131\u011f\u0131n nedeni olan \u015feytanlar, hayatlar\u0131n\u0131 ya\u015famaya devam ediyordu. \u015eeytanlar ya\u015famaya devam ederken kederli anneler, an\u0131lar\u0131na sar\u0131l\u0131yordu. Bu an\u0131lar, evlatlar\u0131 hen\u00fcz anne karn\u0131ndayken ba\u015fl\u0131yor ve o ac\u0131y\u0131 ya\u015fad\u0131klar\u0131 g\u00fcne kadar da devam ediyordu. Dualar d\u00f6k\u00fcyordu annelerin dudaklar\u0131ndan. Evlatlar\u0131 i\u00e7in dualar, \u015feytanlar i\u00e7in ise beddualar&#8230; Ya\u015flar ak\u0131yordu annelerin g\u00f6zlerinden. Alev alev yanan ci\u011ferlerin ate\u015fiyle \u0131s\u0131nm\u0131\u015f, s\u0131cac\u0131k ya\u015flar&#8230; Ba\u015fkomiser Banu, ekip arkada\u015flar\u0131 Hidayet ve Kerim ile birlikte sonu gelmeyen cinayetlerin pe\u015fine d\u00fc\u015fm\u00fc\u015ft\u00fc. Katil, bir s\u0131r perdesinin ard\u0131ndayd\u0131 ve Banu, bu perdeyi kald\u0131rmaya kararl\u0131yd\u0131. Her kad\u0131n, kalbindeki sevgiyi yitirmeden ve ya\u015famdan zevk alarak ya\u015famay\u0131 hak eder. <\/p>\n","protected":false},"excerpt":{"rendered":"<p>Annelerin \u00e7\u0131\u011fl\u0131\u011f\u0131, sessizli\u011fin i\u00e7inde g\u00f6ky\u00fcz\u00fcne y\u00fckselirken kimsenin duymad\u0131\u011f\u0131 bu \u00e7\u0131\u011fl\u0131\u011f\u0131n nedeni olan \u015feytanlar, hayatlar\u0131n\u0131 ya\u015famaya devam ediyordu. \u015eeytanlar ya\u015famaya devam ederken kederli anneler, an\u0131lar\u0131na sar\u0131l\u0131yordu. Bu<span class=\"excerpt-hellip\"> [\u2026]<\/span><\/p>\n","protected":false},"featured_media":0,"template":"","meta":{"_monsterinsights_skip_tracking":false,"_monsterinsights_sitenote_active":false,"_monsterinsights_sitenote_note":"","_monsterinsights_sitenote_category":0},"product_brand":[],"product_cat":[12291,12711],"product_tag":[],"class_list":{"0":"post-732040","1":"product","2":"type-product","3":"status-publish","5":"product_cat-edebiyat","6":"product_cat-roman-oyku","7":"pa_cilt-ciltsiz","8":"pa_tur-kitap","9":"pa_yayinevi-luna-yayinlari","10":"pa_yazar-ayse-kale","12":"first","13":"instock","14":"sale","15":"shipping-taxable","16":"purchasable","17":"product-type-simple"},"_links":{"self":[{"href":"https:\/\/roveyayinevi.com.tr\/index.php\/wp-json\/wp\/v2\/product\/732040","targetHints":{"allow":["GET"]}}],"collection":[{"href":"https:\/\/roveyayinevi.com.tr\/index.php\/wp-json\/wp\/v2\/product"}],"about":[{"href":"https:\/\/roveyayinevi.com.tr\/index.php\/wp-json\/wp\/v2\/types\/product"}],"wp:attachment":[{"href":"https:\/\/roveyayinevi.com.tr\/index.php\/wp-json\/wp\/v2\/media?parent=732040"}],"wp:term":[{"taxonomy":"product_brand","embeddable":true,"href":"https:\/\/roveyayinevi.com.tr\/index.php\/wp-json\/wp\/v2\/product_brand?post=732040"},{"taxonomy":"product_cat","embeddable":true,"href":"https:\/\/roveyayinevi.com.tr\/index.php\/wp-json\/wp\/v2\/product_cat?post=732040"},{"taxonomy":"product_tag","embeddable":true,"href":"https:\/\/roveyayinevi.com.tr\/index.php\/wp-json\/wp\/v2\/product_tag?post=732040"}],"curies":[{"name":"wp","href":"https:\/\/api.w.org\/{rel}","templated":true}]}}