{"id":732038,"date":"2025-08-27T21:42:57","date_gmt":"2025-08-27T18:42:57","guid":{"rendered":"https:\/\/roveyayinevi.com.tr\/index.php\/urun\/var-bir-hayalimiz\/"},"modified":"2026-04-16T02:39:53","modified_gmt":"2026-04-15T23:39:53","slug":"var-bir-hayalimiz","status":"publish","type":"product","link":"https:\/\/roveyayinevi.com.tr\/index.php\/urun\/var-bir-hayalimiz\/","title":{"rendered":"Var Bir Hayalimiz"},"content":{"rendered":"<p>Var Bir Hayalimiz U\u011fur G\u00f6kbulut \u2013 Talha Bora \u00d6ge\u201cSolumu sevdiklerime, yolumu ise Allah\u2019a b\u0131rakt\u0131m.\u201dNice g\u00fc\u00e7l\u00fc kad\u0131nlar tan\u0131d\u0131m. Ba\u015fkalar\u0131n\u0131n darmada\u011f\u0131n oldu\u011fu f\u0131rt\u0131nalarda y\u0131lmayan, y\u0131k\u0131lmayan kad\u0131nlar. Evet, kal\u0131n duvarlar\u0131 vard\u0131 ama yumu\u015fac\u0131kt\u0131 y\u00fcrekleri. Evet, yorgunlard\u0131 fazlas\u0131yla ama yine de \u0131\u015f\u0131k sa\u00e7ard\u0131 g\u00f6zleri. Kendini ezdirmeyen, sevdiklerinin \u00fczerine titreyen, g\u00fcvensizlik ya\u015fasalar da insanl\u0131klar\u0131ndan asla vazge\u00e7meyenlerdi onlar: hak yemeyen ve hakk\u0131n\u0131 yedirmeyen kad\u0131nlar. Kald\u0131klar\u0131 yerleri cennete \u00e7eviren ama k\u0131ymetleri bilinmeyen, sevdikleri kadar sevilmeyen ve kapatt\u0131klar\u0131 kap\u0131ya asla geri d\u00f6nmeyen kad\u0131nlar. Neyi eksik ya\u015fad\u0131ysan\u0131z, eminim ki fazlas\u0131yd\u0131 hakk\u0131n\u0131z. Dilerim tez zamanda kabul olur dualar\u0131n\u0131z\u2026<\/p>\n","protected":false},"excerpt":{"rendered":"<p>Var Bir Hayalimiz U\u011fur G\u00f6kbulut \u2013 Talha Bora \u00d6ge\u201cSolumu sevdiklerime, yolumu ise Allah\u2019a b\u0131rakt\u0131m.\u201dNice g\u00fc\u00e7l\u00fc kad\u0131nlar tan\u0131d\u0131m. Ba\u015fkalar\u0131n\u0131n darmada\u011f\u0131n oldu\u011fu f\u0131rt\u0131nalarda y\u0131lmayan, y\u0131k\u0131lmayan kad\u0131nlar. Evet, kal\u0131n<span class=\"excerpt-hellip\"> [\u2026]<\/span><\/p>\n","protected":false},"featured_media":0,"template":"","meta":{"_monsterinsights_skip_tracking":false,"_monsterinsights_sitenote_active":false,"_monsterinsights_sitenote_note":"","_monsterinsights_sitenote_category":0},"product_brand":[],"product_cat":[12777,12291],"product_tag":[],"class_list":{"0":"post-732038","1":"product","2":"type-product","3":"status-publish","5":"product_cat-deneme","6":"product_cat-edebiyat","7":"pa_cilt-ciltsiz","8":"pa_tur-kitap","9":"pa_yayinevi-indigo-kitap","10":"pa_yazar-ugur-gokbulut-talha-bora-oge","12":"first","13":"instock","14":"sale","15":"shipping-taxable","16":"purchasable","17":"product-type-simple"},"_links":{"self":[{"href":"https:\/\/roveyayinevi.com.tr\/index.php\/wp-json\/wp\/v2\/product\/732038","targetHints":{"allow":["GET"]}}],"collection":[{"href":"https:\/\/roveyayinevi.com.tr\/index.php\/wp-json\/wp\/v2\/product"}],"about":[{"href":"https:\/\/roveyayinevi.com.tr\/index.php\/wp-json\/wp\/v2\/types\/product"}],"wp:attachment":[{"href":"https:\/\/roveyayinevi.com.tr\/index.php\/wp-json\/wp\/v2\/media?parent=732038"}],"wp:term":[{"taxonomy":"product_brand","embeddable":true,"href":"https:\/\/roveyayinevi.com.tr\/index.php\/wp-json\/wp\/v2\/product_brand?post=732038"},{"taxonomy":"product_cat","embeddable":true,"href":"https:\/\/roveyayinevi.com.tr\/index.php\/wp-json\/wp\/v2\/product_cat?post=732038"},{"taxonomy":"product_tag","embeddable":true,"href":"https:\/\/roveyayinevi.com.tr\/index.php\/wp-json\/wp\/v2\/product_tag?post=732038"}],"curies":[{"name":"wp","href":"https:\/\/api.w.org\/{rel}","templated":true}]}}