{"id":732037,"date":"2025-08-27T21:42:55","date_gmt":"2025-08-27T18:42:55","guid":{"rendered":"https:\/\/roveyayinevi.com.tr\/index.php\/urun\/gonulcelenler-ciltli\/"},"modified":"2026-04-16T02:39:53","modified_gmt":"2026-04-15T23:39:53","slug":"gonulcelenler-ciltli","status":"publish","type":"product","link":"https:\/\/roveyayinevi.com.tr\/index.php\/urun\/gonulcelenler-ciltli\/","title":{"rendered":"G\u00f6n\u00fcl\u00e7elenler (Ciltli)"},"content":{"rendered":"<p>Herkes onlara hayrand\u0131 Bir ki\u015fi hari\u00e7   Stella, hasta yata\u011f\u0131ndaki karde\u015fi Cara i\u00e7in her \u015feyi yapard\u0131. Onun en sevdi\u011fi m\u00fczik grubu G\u00f6n\u00fcl\u00e7elenler\u2019in alb\u00fcm\u00fcn\u00fc imzalatabilmek i\u00e7in saatlerce s\u0131ra beklemek de buna dahildi. Kafein y\u00fcklenip bu zorlu g\u00f6reve haz\u0131rlanmaya \u00e7al\u0131\u015ft\u0131\u011f\u0131 s\u0131rada, bir daha kim bilir nerede kar\u015f\u0131la\u015faca\u011f\u0131 \u00e7ok tatl\u0131 bir \u00e7ocukla tan\u0131\u015fmas\u0131 kaderin cilvesiydi sanki.   Ancak Stella\u2019n\u0131n hayat\u0131 kli\u015fe bir a\u015fk \u015fark\u0131s\u0131na d\u00f6nmek \u00fczereydi \u00e7\u00fcnk\u00fc kahvecideki \u00e7ocuk G\u00f6n\u00fcl\u00e7elenler\u2019in solisti Oliver Perry\u2019den ba\u015fkas\u0131 de\u011fildi. Bir sinir patlamas\u0131 s\u0131ras\u0131nda gruba hakaretler ya\u011fd\u0131raca\u011f\u0131n\u0131, hayat\u0131n\u0131n f\u0131rsat\u0131n\u0131n aya\u011f\u0131na geldi\u011fini ya da havada a\u015fk kokusu oldu\u011funu ise kesinlikle tahmin edemezdi.     \u201cHer sayfas\u0131na bay\u0131ld\u0131m. Oliver Perry g\u00f6nl\u00fcm\u00fc hemen \u00e7ald\u0131.\u201d \u2014Anna Todd   \u201cBitirene kadar elimden b\u0131rakamad\u0131m. \u00c7ok romantik ve e\u011flenceli.\u201d \u2014Kasie West <\/p>\n","protected":false},"excerpt":{"rendered":"<p>Herkes onlara hayrand\u0131 Bir ki\u015fi hari\u00e7 Stella, hasta yata\u011f\u0131ndaki karde\u015fi Cara i\u00e7in her \u015feyi yapard\u0131. Onun en sevdi\u011fi m\u00fczik grubu G\u00f6n\u00fcl\u00e7elenler\u2019in alb\u00fcm\u00fcn\u00fc imzalatabilmek i\u00e7in saatlerce s\u0131ra<span class=\"excerpt-hellip\"> [\u2026]<\/span><\/p>\n","protected":false},"featured_media":0,"template":"","meta":{"_monsterinsights_skip_tracking":false,"_monsterinsights_sitenote_active":false,"_monsterinsights_sitenote_note":"","_monsterinsights_sitenote_category":0},"product_brand":[],"product_cat":[14643,12291],"product_tag":[],"class_list":{"0":"post-732037","1":"product","2":"type-product","3":"status-publish","5":"product_cat-ask","6":"product_cat-edebiyat","7":"pa_cilt-ciltli","8":"pa_tur-kitap","9":"pa_yayinevi-yabanci-yayinevi","10":"pa_yazar-ali-novak","12":"first","13":"instock","14":"sale","15":"shipping-taxable","16":"purchasable","17":"product-type-simple"},"_links":{"self":[{"href":"https:\/\/roveyayinevi.com.tr\/index.php\/wp-json\/wp\/v2\/product\/732037","targetHints":{"allow":["GET"]}}],"collection":[{"href":"https:\/\/roveyayinevi.com.tr\/index.php\/wp-json\/wp\/v2\/product"}],"about":[{"href":"https:\/\/roveyayinevi.com.tr\/index.php\/wp-json\/wp\/v2\/types\/product"}],"wp:attachment":[{"href":"https:\/\/roveyayinevi.com.tr\/index.php\/wp-json\/wp\/v2\/media?parent=732037"}],"wp:term":[{"taxonomy":"product_brand","embeddable":true,"href":"https:\/\/roveyayinevi.com.tr\/index.php\/wp-json\/wp\/v2\/product_brand?post=732037"},{"taxonomy":"product_cat","embeddable":true,"href":"https:\/\/roveyayinevi.com.tr\/index.php\/wp-json\/wp\/v2\/product_cat?post=732037"},{"taxonomy":"product_tag","embeddable":true,"href":"https:\/\/roveyayinevi.com.tr\/index.php\/wp-json\/wp\/v2\/product_tag?post=732037"}],"curies":[{"name":"wp","href":"https:\/\/api.w.org\/{rel}","templated":true}]}}