{"id":732036,"date":"2025-08-27T21:42:54","date_gmt":"2025-08-27T18:42:54","guid":{"rendered":"https:\/\/roveyayinevi.com.tr\/index.php\/urun\/halef-2-dusus-ciltli\/"},"modified":"2026-04-16T02:39:53","modified_gmt":"2026-04-15T23:39:53","slug":"halef-2-dusus-ciltli","status":"publish","type":"product","link":"https:\/\/roveyayinevi.com.tr\/index.php\/urun\/halef-2-dusus-ciltli\/","title":{"rendered":"Halef 2: D\u00fc\u015f\u00fc\u015f (Ciltli)"},"content":{"rendered":"<p>O f\u0131rt\u0131na hi\u00e7 dinmedi.   Mihrinaz Ak\u015fahin, vicdan\u0131n\u0131 saran zehirli sarma\u015f\u0131klardan kalbini korumaya \u00e7al\u0131\u015ft\u0131\u011f\u0131 her g\u00fcn ruhunun g\u00fcnahlar\u0131yla lekelenmesine izin vermi\u015f, ait oldu\u011funu sand\u0131\u011f\u0131batakl\u0131\u011fa geri d\u00f6nm\u00fc\u015ft\u00fc.   Zamir Hanc\u0131o\u011flu, kulaklar\u0131 sa\u011f\u0131r eden seslere ra\u011fmenvicdan\u0131n\u0131 dinlemeye devam etmi\u015f, zemherikaranl\u0131klarda bile \u0131\u015f\u0131kl\u0131 yolundan vazge\u00e7memi\u015fti.   Ge\u00e7mi\u015fin a\u011flar\u0131na tak\u0131lan Mihrinaz d\u00fc\u015ft\u00fc.   D\u00fc\u015f\u00fc olan Zamir ise onu takip etti.   \u201cD\u00fc\u015flerle ba\u015flayan masal, d\u00fc\u015f\u00fc\u015flerle devam edenromana d\u00f6n\u00fc\u015fm\u00fc\u015ft\u00fc.\u201d <\/p>\n","protected":false},"excerpt":{"rendered":"<p>O f\u0131rt\u0131na hi\u00e7 dinmedi. Mihrinaz Ak\u015fahin, vicdan\u0131n\u0131 saran zehirli sarma\u015f\u0131klardan kalbini korumaya \u00e7al\u0131\u015ft\u0131\u011f\u0131 her g\u00fcn ruhunun g\u00fcnahlar\u0131yla lekelenmesine izin vermi\u015f, ait oldu\u011funu sand\u0131\u011f\u0131batakl\u0131\u011fa geri d\u00f6nm\u00fc\u015ft\u00fc. Zamir<span class=\"excerpt-hellip\"> [\u2026]<\/span><\/p>\n","protected":false},"featured_media":0,"template":"","meta":{"_monsterinsights_skip_tracking":false,"_monsterinsights_sitenote_active":false,"_monsterinsights_sitenote_note":"","_monsterinsights_sitenote_category":0},"product_brand":[],"product_cat":[12291,12711],"product_tag":[],"class_list":{"0":"post-732036","1":"product","2":"type-product","3":"status-publish","5":"product_cat-edebiyat","6":"product_cat-roman-oyku","7":"pa_cilt-ciltli","8":"pa_tur-kitap","9":"pa_yayinevi-ephesus-yayinlari","10":"pa_yazar-leman-veli","12":"first","13":"instock","14":"sale","15":"shipping-taxable","16":"purchasable","17":"product-type-simple"},"_links":{"self":[{"href":"https:\/\/roveyayinevi.com.tr\/index.php\/wp-json\/wp\/v2\/product\/732036","targetHints":{"allow":["GET"]}}],"collection":[{"href":"https:\/\/roveyayinevi.com.tr\/index.php\/wp-json\/wp\/v2\/product"}],"about":[{"href":"https:\/\/roveyayinevi.com.tr\/index.php\/wp-json\/wp\/v2\/types\/product"}],"wp:attachment":[{"href":"https:\/\/roveyayinevi.com.tr\/index.php\/wp-json\/wp\/v2\/media?parent=732036"}],"wp:term":[{"taxonomy":"product_brand","embeddable":true,"href":"https:\/\/roveyayinevi.com.tr\/index.php\/wp-json\/wp\/v2\/product_brand?post=732036"},{"taxonomy":"product_cat","embeddable":true,"href":"https:\/\/roveyayinevi.com.tr\/index.php\/wp-json\/wp\/v2\/product_cat?post=732036"},{"taxonomy":"product_tag","embeddable":true,"href":"https:\/\/roveyayinevi.com.tr\/index.php\/wp-json\/wp\/v2\/product_tag?post=732036"}],"curies":[{"name":"wp","href":"https:\/\/api.w.org\/{rel}","templated":true}]}}