{"id":732033,"date":"2025-08-27T21:42:51","date_gmt":"2025-08-27T18:42:51","guid":{"rendered":"https:\/\/roveyayinevi.com.tr\/index.php\/urun\/frankfurt-seyahatnamesi-4\/"},"modified":"2026-04-16T02:39:53","modified_gmt":"2026-04-15T23:39:53","slug":"frankfurt-seyahatnamesi-4","status":"publish","type":"product","link":"https:\/\/roveyayinevi.com.tr\/index.php\/urun\/frankfurt-seyahatnamesi-4\/","title":{"rendered":"Frankfurt Seyahatnamesi"},"content":{"rendered":"<p>\u201cBu bir hastan\u0131n yol notlar\u0131, r\u00fczg\u00e2rl\u0131, karanl\u0131k bir sonbahar gecesiyle ba\u015flar. \u0130stanbul\u2019un denizini sinirli, ufuklar\u0131n\u0131 m\u00fcrekkep gibi siyah ve \u00dcsk\u00fcdar taraflar\u0131n\u0131n g\u00f6klerini uzak bir yang\u0131n\u0131n hafif k\u0131rm\u0131z\u0131l\u0131klar\u0131na boyanm\u0131\u015f b\u0131rakt\u0131m. Onun i\u00e7in zifir\u00ee bir karanl\u0131kta tren Sirkeci\u2019den ayr\u0131l\u0131rken sinirlerim iyi de\u011fildi. \u0130nsan geceleyin nas\u0131l yola \u00e7\u0131kmaya cesaret eder? Bunu bir k\u00f6\u015fesinde b\u00fcz\u00fcl\u00fcp kald\u0131\u011f\u0131m kompart\u0131man\u0131mda siyah siyah d\u00fc\u015f\u00fcnmeye koyuldum\u2026\u201d   Edebiyat\u0131m\u0131z\u0131n en \u00f6nemli yolculuk yaz\u0131lar\u0131ndan olan Frankfurt Seyahatnamesi, Ahmet Ha\u015fim&#8217;in b\u00fcy\u00fck bir \u015fair olman\u0131n yan\u0131nda ne kadar b\u00fcy\u00fck bir g\u00f6zlemci oldu\u011funu da g\u00f6steriyor.    Ku\u015faklar\u0131 etkilemi\u015f romanlar, ufuk a\u00e7\u0131c\u0131 \u00f6yk\u00fcler, ezberlere kaz\u0131nm\u0131\u015f \u015fiirler\u2026 Gazetelerde kalm\u0131\u015f s\u00f6yle\u015filer, gezi yaz\u0131lar\u0131, denemeler, makaleler\u2026 Edebiyat\u0131m\u0131z\u0131n farkl\u0131 d\u00f6nemlerinden, iz b\u0131rakan metinler K\u0131sa Miras\u2019la bir araya geliyor.<\/p>\n","protected":false},"excerpt":{"rendered":"<p>\u201cBu bir hastan\u0131n yol notlar\u0131, r\u00fczg\u00e2rl\u0131, karanl\u0131k bir sonbahar gecesiyle ba\u015flar. \u0130stanbul\u2019un denizini sinirli, ufuklar\u0131n\u0131 m\u00fcrekkep gibi siyah ve \u00dcsk\u00fcdar taraflar\u0131n\u0131n g\u00f6klerini uzak bir yang\u0131n\u0131n hafif<span class=\"excerpt-hellip\"> [\u2026]<\/span><\/p>\n","protected":false},"featured_media":0,"template":"","meta":{"_monsterinsights_skip_tracking":false,"_monsterinsights_sitenote_active":false,"_monsterinsights_sitenote_note":"","_monsterinsights_sitenote_category":0},"product_brand":[],"product_cat":[13055,13054],"product_tag":[],"class_list":{"0":"post-732033","1":"product","2":"type-product","3":"status-publish","5":"product_cat-gezi-rehberi","6":"product_cat-gezi-ve-rehber-kitaplari","7":"pa_cilt-ciltsiz","8":"pa_tur-kitap","9":"pa_yayinevi-can-yayinlari","10":"pa_yazar-ahmet-hasim","12":"first","13":"instock","14":"sale","15":"shipping-taxable","16":"purchasable","17":"product-type-simple"},"_links":{"self":[{"href":"https:\/\/roveyayinevi.com.tr\/index.php\/wp-json\/wp\/v2\/product\/732033","targetHints":{"allow":["GET"]}}],"collection":[{"href":"https:\/\/roveyayinevi.com.tr\/index.php\/wp-json\/wp\/v2\/product"}],"about":[{"href":"https:\/\/roveyayinevi.com.tr\/index.php\/wp-json\/wp\/v2\/types\/product"}],"wp:attachment":[{"href":"https:\/\/roveyayinevi.com.tr\/index.php\/wp-json\/wp\/v2\/media?parent=732033"}],"wp:term":[{"taxonomy":"product_brand","embeddable":true,"href":"https:\/\/roveyayinevi.com.tr\/index.php\/wp-json\/wp\/v2\/product_brand?post=732033"},{"taxonomy":"product_cat","embeddable":true,"href":"https:\/\/roveyayinevi.com.tr\/index.php\/wp-json\/wp\/v2\/product_cat?post=732033"},{"taxonomy":"product_tag","embeddable":true,"href":"https:\/\/roveyayinevi.com.tr\/index.php\/wp-json\/wp\/v2\/product_tag?post=732033"}],"curies":[{"name":"wp","href":"https:\/\/api.w.org\/{rel}","templated":true}]}}